{"id":687,"date":"2023-07-04T16:01:21","date_gmt":"2023-07-04T16:01:21","guid":{"rendered":"https:\/\/feminizationcenter.com\/?page_id=687"},"modified":"2023-07-05T11:57:38","modified_gmt":"2023-07-05T11:57:38","slug":"liposuccion-de-modelage-du-corps","status":"publish","type":"page","link":"https:\/\/feminizationcenter.com\/fr\/body-shaping-liposuction\/","title":{"rendered":"Liposuccion de modelage du corps"},"content":{"rendered":"<div data-elementor-type=\"wp-page\" data-elementor-id=\"687\" class=\"elementor elementor-687\">\n\t\t\t\t\t\t<section class=\"elementor-section elementor-top-section elementor-element elementor-element-f1e471c elementor-section-boxed elementor-section-height-default elementor-section-height-default\" data-id=\"f1e471c\" data-element_type=\"section\" data-e-type=\"section\">\n\t\t\t\t\t\t<div class=\"elementor-container elementor-column-gap-default\">\n\t\t\t\t\t<div class=\"elementor-column elementor-col-100 elementor-top-column elementor-element elementor-element-0fcd9ce\" data-id=\"0fcd9ce\" data-element_type=\"column\" data-e-type=\"column\">\n\t\t\t<div class=\"elementor-widget-wrap elementor-element-populated\">\n\t\t\t\t\t\t<div class=\"elementor-element elementor-element-3ad9afd elementor-widget elementor-widget-text-editor\" data-id=\"3ad9afd\" data-element_type=\"widget\" data-e-type=\"widget\" data-widget_type=\"text-editor.default\">\n\t\t\t\t<div class=\"elementor-widget-container\">\n\t\t\t\t\t\t\t\t\t<p>Vous cherchez \u00e0 sublimer les contours de votre corps et \u00e0 obtenir une silhouette plus sculpt\u00e9e ? La liposuccion de modelage du corps pourrait \u00eatre la r\u00e9ponse que vous cherchiez. Cette proc\u00e9dure cosm\u00e9tique populaire offre un moyen s\u00fbr et efficace d\u2019\u00e9liminer les amas graisseux tenaces et d\u2019obtenir une apparence plus proportionn\u00e9e et plus tonique. Dans cet article, nous explorerons les tenants et les aboutissants de la liposuccion de modelage du corps, ses avantages, la proc\u00e9dure elle-m\u00eame, la r\u00e9cup\u00e9ration, et bien plus encore. Pr\u00e9parez-vous \u00e0 d\u00e9couvrir comment ce traitement transformateur peut vous aider \u00e0 atteindre la forme corporelle souhait\u00e9e.<\/p><div id=\"ez-toc-container\" class=\"ez-toc-v2_0_82_2 counter-hierarchy ez-toc-counter ez-toc-transparent ez-toc-container-direction\">\n<div class=\"ez-toc-title-container\">\n<p class=\"ez-toc-title\" style=\"cursor:inherit\">Table des mati\u00e8res<\/p>\n<span class=\"ez-toc-title-toggle\"><\/span><\/div>\n<nav><ul class='ez-toc-list ez-toc-list-level-1' ><li class='ez-toc-page-1 ez-toc-heading-level-2'><a class=\"ez-toc-link ez-toc-heading-1\" href=\"https:\/\/feminizationcenter.com\/fr\/body-shaping-liposuction\/#1_Introduction_Body_Shaping_Liposuction\" >1. Introduction\u00a0: Liposuccion de modelage du corps<\/a><\/li><li class='ez-toc-page-1 ez-toc-heading-level-2'><a class=\"ez-toc-link ez-toc-heading-2\" href=\"https:\/\/feminizationcenter.com\/fr\/body-shaping-liposuction\/#2_Understanding_Body_Shaping_Liposuction\" >2. Comprendre la liposuccion de modelage du corps<\/a><\/li><li class='ez-toc-page-1 ez-toc-heading-level-2'><a class=\"ez-toc-link ez-toc-heading-3\" href=\"https:\/\/feminizationcenter.com\/fr\/body-shaping-liposuction\/#3_Benefits_of_Body_Shaping_Liposuction\" >3. Avantages de la liposuccion modelante du corps<\/a><ul class='ez-toc-list-level-3' ><li class='ez-toc-heading-level-3'><a class=\"ez-toc-link ez-toc-heading-4\" href=\"https:\/\/feminizationcenter.com\/fr\/body-shaping-liposuction\/#a_Targeted_Fat_Reduction\" >a) R\u00e9duction cibl\u00e9e des graisses<\/a><\/li><li class='ez-toc-page-1 ez-toc-heading-level-3'><a class=\"ez-toc-link ez-toc-heading-5\" href=\"https:\/\/feminizationcenter.com\/fr\/body-shaping-liposuction\/#b_Enhanced_Body_Proportions\" >b) Proportions corporelles am\u00e9lior\u00e9es<\/a><\/li><li class='ez-toc-page-1 ez-toc-heading-level-3'><a class=\"ez-toc-link ez-toc-heading-6\" href=\"https:\/\/feminizationcenter.com\/fr\/body-shaping-liposuction\/#c_Boost_in_Self-Confidence\" >c) Renforcement de la confiance en soi<\/a><\/li><\/ul><\/li><li class='ez-toc-page-1 ez-toc-heading-level-2'><a class=\"ez-toc-link ez-toc-heading-7\" href=\"https:\/\/feminizationcenter.com\/fr\/body-shaping-liposuction\/#4_The_Body_Shaping_Liposuction_Procedure\" >4. La proc\u00e9dure de liposuccion de modelage du corps<\/a><\/li><li class='ez-toc-page-1 ez-toc-heading-level-2'><a class=\"ez-toc-link ez-toc-heading-8\" href=\"https:\/\/feminizationcenter.com\/fr\/body-shaping-liposuction\/#5_Recovery_and_Aftercare\" >5. R\u00e9cup\u00e9ration et suivi<\/a><\/li><li class='ez-toc-page-1 ez-toc-heading-level-2'><a class=\"ez-toc-link ez-toc-heading-9\" href=\"https:\/\/feminizationcenter.com\/fr\/body-shaping-liposuction\/#6_Results_and_Expectations\" >6. R\u00e9sultats et attentes<\/a><\/li><li class='ez-toc-page-1 ez-toc-heading-level-2'><a class=\"ez-toc-link ez-toc-heading-10\" href=\"https:\/\/feminizationcenter.com\/fr\/body-shaping-liposuction\/#7_Is_Body_Shaping_Liposuction_Right_for_You\" >7. La liposuccion de modelage du corps vous convient-elle\u00a0?<\/a><\/li><li class='ez-toc-page-1 ez-toc-heading-level-2'><a class=\"ez-toc-link ez-toc-heading-11\" href=\"https:\/\/feminizationcenter.com\/fr\/body-shaping-liposuction\/#8_Frequently_Asked_Questions_FAQs\" >8. Foire aux questions (FAQ)<\/a><ul class='ez-toc-list-level-3' ><li class='ez-toc-heading-level-3'><a class=\"ez-toc-link ez-toc-heading-12\" href=\"https:\/\/feminizationcenter.com\/fr\/body-shaping-liposuction\/#Q1_How_long_does_the_recovery_process_take_after_body_shaping_liposuction\" >Q1\u00a0: Combien de temps prend le processus de r\u00e9cup\u00e9ration apr\u00e8s une liposuccion de modelage du corps\u00a0?<\/a><\/li><li class='ez-toc-page-1 ez-toc-heading-level-3'><a class=\"ez-toc-link ez-toc-heading-13\" href=\"https:\/\/feminizationcenter.com\/fr\/body-shaping-liposuction\/#Q2_Are_the_results_of_body_shaping_liposuction_permanent\" >Q2 : Les r\u00e9sultats de la liposuccion de modelage du corps sont-ils permanents ?<\/a><\/li><li class='ez-toc-page-1 ez-toc-heading-level-3'><a class=\"ez-toc-link ez-toc-heading-14\" href=\"https:\/\/feminizationcenter.com\/fr\/body-shaping-liposuction\/#Q3_Are_there_any_risks_or_complications_associated_with_body_shaping_liposuction\" >Q3\u00a0: Y a-t-il des risques ou des complications associ\u00e9s \u00e0 la liposuccion de modelage du corps\u00a0?<\/a><\/li><li class='ez-toc-page-1 ez-toc-heading-level-3'><a class=\"ez-toc-link ez-toc-heading-15\" href=\"https:\/\/feminizationcenter.com\/fr\/body-shaping-liposuction\/#Q4_Can_body_shaping_liposuction_help_with_cellulite\" >Q4\u00a0: La liposuccion de modelage du corps peut-elle aider \u00e0 lutter contre la cellulite\u00a0?<\/a><\/li><li class='ez-toc-page-1 ez-toc-heading-level-3'><a class=\"ez-toc-link ez-toc-heading-16\" href=\"https:\/\/feminizationcenter.com\/fr\/body-shaping-liposuction\/#Q5_Can_body_shaping_liposuction_be_combined_with_other_procedures\" >Q5\u00a0: La liposuccion de modelage du corps peut-elle \u00eatre combin\u00e9e avec d\u2019autres proc\u00e9dures\u00a0?<\/a><\/li><\/ul><\/li><li class='ez-toc-page-1 ez-toc-heading-level-2'><a class=\"ez-toc-link ez-toc-heading-17\" href=\"https:\/\/feminizationcenter.com\/fr\/body-shaping-liposuction\/#9_Conclusion\" >9. Conclusion<\/a><\/li><\/ul><\/nav><\/div>\n<h2><span class=\"ez-toc-section\" id=\"1_Introduction_Body_Shaping_Liposuction\"><\/span>1. Introduction\u00a0: Liposuccion de modelage du corps<span class=\"ez-toc-section-end\"><\/span><\/h2><p>Dans la soci\u00e9t\u00e9 d\u2019aujourd\u2019hui, l\u2019apparence joue un r\u00f4le important dans la fa\u00e7on dont nous nous percevons et dans la fa\u00e7on dont les autres nous per\u00e7oivent. De nombreuses personnes souffrent de poches de graisse tenaces qui r\u00e9sistent au r\u00e9gime et \u00e0 l\u2019exercice. La liposuccion de modelage du corps offre une solution pour traiter ces zones et sculpter le corps dans une forme plus d\u00e9sirable.<\/p><h2><span class=\"ez-toc-section\" id=\"2_Understanding_Body_Shaping_Liposuction\"><\/span>2. Comprendre la liposuccion de modelage du corps<span class=\"ez-toc-section-end\"><\/span><\/h2><p>La liposuccion de modelage du corps, \u00e9galement connue sous le nom de liposculpture ou simplement liposuccion, est une proc\u00e9dure chirurgicale con\u00e7ue pour \u00e9liminer les exc\u00e8s de graisse sur des zones sp\u00e9cifiques du corps. Elle est g\u00e9n\u00e9ralement pratiqu\u00e9e sur des zones telles que l&#039;abdomen, les hanches, les cuisses, les fesses, les bras et le cou. La liposuccion peut \u00eatre r\u00e9alis\u00e9e \u00e0 l&#039;aide de diverses techniques, notamment la liposuccion traditionnelle, la liposuccion assist\u00e9e par ultrasons (UAL) et la liposuccion assist\u00e9e par laser (LAL).<\/p><h2><span class=\"ez-toc-section\" id=\"3_Benefits_of_Body_Shaping_Liposuction\"><\/span>3. Avantages de la liposuccion modelante du corps<span class=\"ez-toc-section-end\"><\/span><\/h2><p>La liposuccion de modelage du corps offre plusieurs avantages aux personnes cherchant \u00e0 am\u00e9liorer les contours de leur corps. Certains avantages cl\u00e9s incluent\u00a0:<\/p><h3><span class=\"ez-toc-section\" id=\"a_Targeted_Fat_Reduction\"><\/span>a) R\u00e9duction cibl\u00e9e des graisses<span class=\"ez-toc-section-end\"><\/span><\/h3><p>La liposuccion permet une \u00e9limination pr\u00e9cise des graisses dans des zones sp\u00e9cifiques, permettant ainsi une approche plus cibl\u00e9e de la mise en forme du corps. Cette proc\u00e9dure peut traiter les amas graisseux tenaces qui peuvent r\u00e9sister au r\u00e9gime alimentaire et \u00e0 l\u2019exercice, aidant ainsi \u00e0 obtenir une silhouette plus harmonieuse et proportionn\u00e9e.<\/p><h3><span class=\"ez-toc-section\" id=\"b_Enhanced_Body_Proportions\"><\/span>b) Proportions corporelles am\u00e9lior\u00e9es<span class=\"ez-toc-section-end\"><\/span><\/h3><p>En \u00e9liminant l\u2019exc\u00e8s de graisse dans certaines zones, la liposuccion de modelage du corps peut aider \u00e0 cr\u00e9er un physique plus \u00e9quilibr\u00e9 et proportionn\u00e9. Il peut d\u00e9finir la taille, sculpter l&#039;abdomen, modeler les cuisses et cr\u00e9er une silhouette plus fine et plus \u00e9pur\u00e9e.<\/p><h3><span class=\"ez-toc-section\" id=\"c_Boost_in_Self-Confidence\"><\/span>c) Renforcement de la confiance en soi<span class=\"ez-toc-section-end\"><\/span><\/h3><p>Atteindre la forme corporelle souhait\u00e9e peut renforcer consid\u00e9rablement la confiance en soi et am\u00e9liorer l\u2019image corporelle globale. La liposuccion de modelage du corps peut procurer un sentiment d\u2019autonomisation, aidant les individus \u00e0 se sentir plus \u00e0 l\u2019aise et plus satisfaits de leur apparence.<\/p><h2><span class=\"ez-toc-section\" id=\"4_The_Body_Shaping_Liposuction_Procedure\"><\/span>4. La proc\u00e9dure de liposuccion de modelage du corps<span class=\"ez-toc-section-end\"><\/span><\/h2><p>Avant de subir une liposuccion de modelage du corps, il est crucial de consulter un chirurgien plasticien qualifi\u00e9 qui \u00e9valuera votre aptitude \u00e0 la proc\u00e9dure. Le chirurgien discutera de vos objectifs et de vos attentes, examinera votre anatomie et \u00e9laborera un plan de traitement personnalis\u00e9.<\/p><p>Le jour de l&#039;intervention, une anesth\u00e9sie locale ou g\u00e9n\u00e9rale vous sera administr\u00e9e, en fonction de l&#039;\u00e9tendue de la liposuccion et des recommandations de votre chirurgien. Le chirurgien fera de petites incisions dans les zones cibl\u00e9es et ins\u00e9rera un tube fin, appel\u00e9 canule, pour aspirer l&#039;exc\u00e8s de graisse. Le chirurgien sculptera et modelera soigneusement les zones trait\u00e9es pour obtenir le r\u00e9sultat souhait\u00e9.<\/p><h2><span class=\"ez-toc-section\" id=\"5_Recovery_and_Aftercare\"><\/span>5. R\u00e9cup\u00e9ration et suivi<span class=\"ez-toc-section-end\"><\/span><\/h2><p>Apr\u00e8s une liposuccion de modelage du corps, il est essentiel de suivre les instructions postop\u00e9ratoires de votre chirurgien pour une r\u00e9cup\u00e9ration en douceur. Vous pouvez ressentir un gonflement, des ecchymoses et un l\u00e9ger inconfort, qui peuvent \u00eatre g\u00e9r\u00e9s avec des m\u00e9dicaments prescrits. Il est essentiel de porter des v\u00eatements de compression selon les directives de votre chirurgien pour minimiser l&#039;enflure et soutenir le processus de gu\u00e9rison.<\/p><h2><span class=\"ez-toc-section\" id=\"6_Results_and_Expectations\"><\/span>6. R\u00e9sultats et attentes<span class=\"ez-toc-section-end\"><\/span><\/h2><p>Les r\u00e9sultats finaux de la liposuccion de modelage du corps deviennent plus apparents \u00e0 mesure que le gonflement diminue. Vous remarquerez une apparence plus raffin\u00e9e et profil\u00e9e dans les zones trait\u00e9es. Il est important de maintenir un mode de vie sain, comprenant de l&#039;exercice r\u00e9gulier et une alimentation \u00e9quilibr\u00e9e, pour maximiser et p\u00e9renniser les r\u00e9sultats de l&#039;intervention.<\/p><h2><span class=\"ez-toc-section\" id=\"7_Is_Body_Shaping_Liposuction_Right_for_You\"><\/span>7. La liposuccion de modelage du corps vous convient-elle\u00a0?<span class=\"ez-toc-section-end\"><\/span><\/h2><p>La liposuccion de modelage du corps est une d\u00e9cision personnelle qui doit \u00eatre prise apr\u00e8s m\u00fbre r\u00e9flexion. Il est essentiel d\u2019avoir des attentes r\u00e9alistes et de comprendre les limites de la proc\u00e9dure. La liposuccion ne remplace pas la perte de poids ni une solution \u00e0 l\u2019ob\u00e9sit\u00e9. Les candidats id\u00e9aux \u00e0 la liposuccion de modelage du corps sont les personnes qui\u00a0:<\/p><ul><li>Avoir des zones localis\u00e9es d\u2019exc\u00e8s de graisse<\/li><li>Sont en bonne sant\u00e9 g\u00e9n\u00e9rale<\/li><li>Avoir un poids corporel stable<\/li><li>Avoir des attentes r\u00e9alistes<\/li><\/ul><p>Consulter un chirurgien plasticien certifi\u00e9 vous aidera \u00e0 d\u00e9terminer si la liposuccion de modelage du corps vous convient.<\/p><h2><span class=\"ez-toc-section\" id=\"8_Frequently_Asked_Questions_FAQs\"><\/span>8. Foire aux questions (FAQ)<span class=\"ez-toc-section-end\"><\/span><\/h2><h3><span class=\"ez-toc-section\" id=\"Q1_How_long_does_the_recovery_process_take_after_body_shaping_liposuction\"><\/span>Q1\u00a0: Combien de temps prend le processus de r\u00e9cup\u00e9ration apr\u00e8s une liposuccion de modelage du corps\u00a0?<span class=\"ez-toc-section-end\"><\/span><\/h3><p>A1\u00a0: Le temps de r\u00e9cup\u00e9ration varie d\u2019un individu \u00e0 l\u2019autre, mais varie g\u00e9n\u00e9ralement de quelques jours \u00e0 quelques semaines. Il est important de suivre les instructions postop\u00e9ratoires de votre chirurgien pour un processus de gu\u00e9rison fluide.<\/p><h3><span class=\"ez-toc-section\" id=\"Q2_Are_the_results_of_body_shaping_liposuction_permanent\"><\/span>Q2 : Les r\u00e9sultats de la liposuccion de modelage du corps sont-ils permanents ?<span class=\"ez-toc-section-end\"><\/span><\/h3><p>A2 : Les cellules graisseuses retir\u00e9es lors de la liposuccion ne se r\u00e9g\u00e9n\u00e8rent pas. Cependant, il est important de maintenir un mode de vie sain pour \u00e9viter que les cellules adipeuses restantes ne grossissent. Avec un entretien appropri\u00e9, les r\u00e9sultats de la liposuccion de modelage du corps peuvent \u00eatre durables.<\/p><h3><span class=\"ez-toc-section\" id=\"Q3_Are_there_any_risks_or_complications_associated_with_body_shaping_liposuction\"><\/span>Q3\u00a0: Y a-t-il des risques ou des complications associ\u00e9s \u00e0 la liposuccion de modelage du corps\u00a0?<span class=\"ez-toc-section-end\"><\/span><\/h3><p>A3\u00a0: Comme pour toute intervention chirurgicale, elle comporte des risques. Les complications potentielles peuvent inclure une infection, des saignements, des irr\u00e9gularit\u00e9s de contour et une accumulation de liquide. Choisir un chirurgien plasticien exp\u00e9riment\u00e9 et qualifi\u00e9 peut minimiser ces risques.<\/p><h3><span class=\"ez-toc-section\" id=\"Q4_Can_body_shaping_liposuction_help_with_cellulite\"><\/span>Q4\u00a0: La liposuccion de modelage du corps peut-elle aider \u00e0 lutter contre la cellulite\u00a0?<span class=\"ez-toc-section-end\"><\/span><\/h3><p>R4 : La liposuccion cible principalement les exc\u00e8s de graisse et n\u2019est pas con\u00e7ue pour traiter la cellulite. Cependant, dans certains cas, la liposuccion peut am\u00e9liorer l\u2019apparence de la cellulite en r\u00e9duisant le volume de graisse au niveau des zones trait\u00e9es.<\/p><h3><span class=\"ez-toc-section\" id=\"Q5_Can_body_shaping_liposuction_be_combined_with_other_procedures\"><\/span>Q5\u00a0: La liposuccion de modelage du corps peut-elle \u00eatre combin\u00e9e avec d\u2019autres proc\u00e9dures\u00a0?<span class=\"ez-toc-section-end\"><\/span><\/h3><p>A5 : Oui, la liposuccion de modelage du corps peut \u00eatre combin\u00e9e avec d&#039;autres proc\u00e9dures cosm\u00e9tiques telles que l&#039;abdominoplastie, <a href=\"https:\/\/feminizationcenter.com\/fr\/chirurgie-superieure-augmentation-mammaire-trans\/\">augmentation mammaire<\/a>, ou un lifting du corps pour obtenir un remodelage complet du corps et am\u00e9liorer les r\u00e9sultats globaux.<\/p><h2><span class=\"ez-toc-section\" id=\"9_Conclusion\"><\/span>9. Conclusion<span class=\"ez-toc-section-end\"><\/span><\/h2><p>La liposuccion de modelage du corps est une proc\u00e9dure transformatrice qui offre aux individus la possibilit\u00e9 de sculpter leur corps et d\u2019obtenir une silhouette plus proportionn\u00e9e. En \u00e9liminant s\u00e9lectivement les exc\u00e8s de graisse, cette proc\u00e9dure peut am\u00e9liorer les contours du corps et renforcer la confiance en soi. Si vous envisagez une liposuccion de modelage du corps, consultez un chirurgien plasticien qualifi\u00e9 pour explorer vos options et d\u00e9terminer si cette proc\u00e9dure vous convient.<\/p>\t\t\t\t\t\t\t\t<\/div>\n\t\t\t\t<\/div>\n\t\t\t\t\t<\/div>\n\t\t<\/div>\n\t\t\t\t\t<\/div>\n\t\t<\/section>\n\t\t\t\t<\/div>","protected":false},"excerpt":{"rendered":"<p>Are you looking to enhance your body contours and achieve a more sculpted figure? Body shaping liposuction could be the answer you&#8217;ve been seeking. This popular cosmetic procedure offers a safe and effective way to remove stubborn fat deposits and achieve a more proportionate and toned appearance. In this article, we will explore the ins [&hellip;]<\/p>\n","protected":false},"author":1,"featured_media":0,"parent":0,"menu_order":0,"comment_status":"closed","ping_status":"closed","template":"","meta":{"site-sidebar-layout":"no-sidebar","site-content-layout":"page-builder","ast-site-content-layout":"default","site-content-style":"default","site-sidebar-style":"default","ast-global-header-display":"","ast-banner-title-visibility":"","ast-main-header-display":"","ast-hfb-above-header-display":"","ast-hfb-below-header-display":"","ast-hfb-mobile-header-display":"","site-post-title":"disabled","ast-breadcrumbs-content":"","ast-featured-img":"disabled","footer-sml-layout":"","ast-disable-related-posts":"","theme-transparent-header-meta":"","adv-header-id-meta":"","stick-header-meta":"","header-above-stick-meta":"","header-main-stick-meta":"","header-below-stick-meta":"","astra-migrate-meta-layouts":"default","ast-page-background-enabled":"default","ast-page-background-meta":{"desktop":{"background-color":"var(--ast-global-color-4)","background-image":"","background-repeat":"repeat","background-position":"center center","background-size":"auto","background-attachment":"scroll","background-type":"","background-media":"","overlay-type":"","overlay-color":"","overlay-opacity":"","overlay-gradient":""},"tablet":{"background-color":"","background-image":"","background-repeat":"repeat","background-position":"center center","background-size":"auto","background-attachment":"scroll","background-type":"","background-media":"","overlay-type":"","overlay-color":"","overlay-opacity":"","overlay-gradient":""},"mobile":{"background-color":"","background-image":"","background-repeat":"repeat","background-position":"center center","background-size":"auto","background-attachment":"scroll","background-type":"","background-media":"","overlay-type":"","overlay-color":"","overlay-opacity":"","overlay-gradient":""}},"ast-content-background-meta":{"desktop":{"background-color":"var(--ast-global-color-5)","background-image":"","background-repeat":"repeat","background-position":"center center","background-size":"auto","background-attachment":"scroll","background-type":"","background-media":"","overlay-type":"","overlay-color":"","overlay-opacity":"","overlay-gradient":""},"tablet":{"background-color":"var(--ast-global-color-5)","background-image":"","background-repeat":"repeat","background-position":"center center","background-size":"auto","background-attachment":"scroll","background-type":"","background-media":"","overlay-type":"","overlay-color":"","overlay-opacity":"","overlay-gradient":""},"mobile":{"background-color":"var(--ast-global-color-5)","background-image":"","background-repeat":"repeat","background-position":"center center","background-size":"auto","background-attachment":"scroll","background-type":"","background-media":"","overlay-type":"","overlay-color":"","overlay-opacity":"","overlay-gradient":""}},"footnotes":""},"class_list":["post-687","page","type-page","status-publish","hentry"],"_links":{"self":[{"href":"https:\/\/feminizationcenter.com\/fr\/wp-json\/wp\/v2\/pages\/687","targetHints":{"allow":["GET"]}}],"collection":[{"href":"https:\/\/feminizationcenter.com\/fr\/wp-json\/wp\/v2\/pages"}],"about":[{"href":"https:\/\/feminizationcenter.com\/fr\/wp-json\/wp\/v2\/types\/page"}],"author":[{"embeddable":true,"href":"https:\/\/feminizationcenter.com\/fr\/wp-json\/wp\/v2\/users\/1"}],"replies":[{"embeddable":true,"href":"https:\/\/feminizationcenter.com\/fr\/wp-json\/wp\/v2\/comments?post=687"}],"version-history":[{"count":0,"href":"https:\/\/feminizationcenter.com\/fr\/wp-json\/wp\/v2\/pages\/687\/revisions"}],"wp:attachment":[{"href":"https:\/\/feminizationcenter.com\/fr\/wp-json\/wp\/v2\/media?parent=687"}],"curies":[{"name":"wp","href":"https:\/\/api.w.org\/{rel}","templated":true}]}}