{"id":612,"date":"2023-07-03T20:44:18","date_gmt":"2023-07-03T20:44:18","guid":{"rendered":"https:\/\/feminizationcenter.com\/?page_id=612"},"modified":"2023-07-03T20:47:42","modified_gmt":"2023-07-03T20:47:42","slug":"chirurgie-des-paupieres-blepharoplastie","status":"publish","type":"page","link":"https:\/\/feminizationcenter.com\/fr\/eyelid-surgery-blepharoplasty\/","title":{"rendered":"Chirurgie des paupi\u00e8res (bl\u00e9pharoplastie)"},"content":{"rendered":"<div data-elementor-type=\"wp-page\" data-elementor-id=\"612\" class=\"elementor elementor-612\">\n\t\t\t\t\t\t<section class=\"elementor-section elementor-top-section elementor-element elementor-element-76b6fe1 elementor-section-boxed elementor-section-height-default elementor-section-height-default\" data-id=\"76b6fe1\" data-element_type=\"section\" data-e-type=\"section\">\n\t\t\t\t\t\t<div class=\"elementor-container elementor-column-gap-default\">\n\t\t\t\t\t<div class=\"elementor-column elementor-col-100 elementor-top-column elementor-element elementor-element-dc12f11\" data-id=\"dc12f11\" data-element_type=\"column\" data-e-type=\"column\">\n\t\t\t<div class=\"elementor-widget-wrap elementor-element-populated\">\n\t\t\t\t\t\t<div class=\"elementor-element elementor-element-9cf0d03 elementor-widget elementor-widget-text-editor\" data-id=\"9cf0d03\" data-element_type=\"widget\" data-e-type=\"widget\" data-widget_type=\"text-editor.default\">\n\t\t\t\t<div class=\"elementor-widget-container\">\n\t\t\t\t\t\t\t\t\t<p>La chirurgie des paupi\u00e8res, \u00e9galement connue sous le nom de bl\u00e9pharoplastie, est une intervention esth\u00e9tique qui consiste \u00e0 \u00e9liminer l&#039;exc\u00e8s de peau et de graisse des paupi\u00e8res. Cette intervention chirurgicale vise \u00e0 am\u00e9liorer l\u2019apparence des yeux en s\u2019attaquant \u00e0 des probl\u00e8mes tels que les paupi\u00e8res tombantes, les poches sous les yeux et les gonflements. En plus de ses avantages esth\u00e9tiques, la chirurgie des paupi\u00e8res peut \u00e9galement apporter des am\u00e9liorations fonctionnelles en am\u00e9liorant la vision dans les cas o\u00f9 les paupi\u00e8res affaiss\u00e9es obstruent la ligne de vue. Cet article explorera les diff\u00e9rents aspects de la chirurgie des paupi\u00e8res, notamment la proc\u00e9dure elle-m\u00eame, le processus de r\u00e9cup\u00e9ration, les risques potentiels et les avantages.<\/p><div id=\"ez-toc-container\" class=\"ez-toc-v2_0_82_2 counter-hierarchy ez-toc-counter ez-toc-transparent ez-toc-container-direction\">\n<div class=\"ez-toc-title-container\">\n<p class=\"ez-toc-title\" style=\"cursor:inherit\">Table des mati\u00e8res<\/p>\n<span class=\"ez-toc-title-toggle\"><\/span><\/div>\n<nav><ul class='ez-toc-list ez-toc-list-level-1' ><li class='ez-toc-page-1 ez-toc-heading-level-2'><a class=\"ez-toc-link ez-toc-heading-1\" href=\"https:\/\/feminizationcenter.com\/fr\/eyelid-surgery-blepharoplasty\/#Understanding_Eyelid_Surgery\" >Comprendre la chirurgie des paupi\u00e8res<\/a><ul class='ez-toc-list-level-3' ><li class='ez-toc-heading-level-3'><a class=\"ez-toc-link ez-toc-heading-2\" href=\"https:\/\/feminizationcenter.com\/fr\/eyelid-surgery-blepharoplasty\/#What_is_Blepharoplasty\" >Qu\u2019est-ce que la bl\u00e9pharoplastie ?<\/a><\/li><li class='ez-toc-page-1 ez-toc-heading-level-3'><a class=\"ez-toc-link ez-toc-heading-3\" href=\"https:\/\/feminizationcenter.com\/fr\/eyelid-surgery-blepharoplasty\/#Candidates_for_Eyelid_Surgery\" >Candidats \u00e0 la chirurgie des paupi\u00e8res<\/a><\/li><\/ul><\/li><li class='ez-toc-page-1 ez-toc-heading-level-2'><a class=\"ez-toc-link ez-toc-heading-4\" href=\"https:\/\/feminizationcenter.com\/fr\/eyelid-surgery-blepharoplasty\/#The_Eyelid_Surgery_Procedure\" >La proc\u00e9dure de chirurgie des paupi\u00e8res<\/a><ul class='ez-toc-list-level-3' ><li class='ez-toc-heading-level-3'><a class=\"ez-toc-link ez-toc-heading-5\" href=\"https:\/\/feminizationcenter.com\/fr\/eyelid-surgery-blepharoplasty\/#Consultation_and_Preparations\" >Consultation et pr\u00e9parations<\/a><\/li><li class='ez-toc-page-1 ez-toc-heading-level-3'><a class=\"ez-toc-link ez-toc-heading-6\" href=\"https:\/\/feminizationcenter.com\/fr\/eyelid-surgery-blepharoplasty\/#Anesthesia_and_Incisions\" >Anesth\u00e9sie et incisions<\/a><\/li><li class='ez-toc-page-1 ez-toc-heading-level-3'><a class=\"ez-toc-link ez-toc-heading-7\" href=\"https:\/\/feminizationcenter.com\/fr\/eyelid-surgery-blepharoplasty\/#Removal_of_Excess_Tissue_and_Tightening\" >\u00c9limination de l\u2019exc\u00e8s de tissu et resserrement<\/a><\/li><li class='ez-toc-page-1 ez-toc-heading-level-3'><a class=\"ez-toc-link ez-toc-heading-8\" href=\"https:\/\/feminizationcenter.com\/fr\/eyelid-surgery-blepharoplasty\/#Incision_Closure_and_Recovery\" >Fermeture et r\u00e9cup\u00e9ration de l&#039;incision<\/a><\/li><\/ul><\/li><li class='ez-toc-page-1 ez-toc-heading-level-2'><a class=\"ez-toc-link ez-toc-heading-9\" href=\"https:\/\/feminizationcenter.com\/fr\/eyelid-surgery-blepharoplasty\/#Recovery_and_Results\" >R\u00e9cup\u00e9ration et r\u00e9sultats<\/a><ul class='ez-toc-list-level-3' ><li class='ez-toc-heading-level-3'><a class=\"ez-toc-link ez-toc-heading-10\" href=\"https:\/\/feminizationcenter.com\/fr\/eyelid-surgery-blepharoplasty\/#Healing_Process\" >Processus de gu\u00e9rison<\/a><\/li><li class='ez-toc-page-1 ez-toc-heading-level-3'><a class=\"ez-toc-link ez-toc-heading-11\" href=\"https:\/\/feminizationcenter.com\/fr\/eyelid-surgery-blepharoplasty\/#Long-Term_Results\" >R\u00e9sultats \u00e0 long terme<\/a><\/li><\/ul><\/li><li class='ez-toc-page-1 ez-toc-heading-level-2'><a class=\"ez-toc-link ez-toc-heading-12\" href=\"https:\/\/feminizationcenter.com\/fr\/eyelid-surgery-blepharoplasty\/#Potential_Risks_and_Complications\" >Risques et complications potentiels<\/a><\/li><li class='ez-toc-page-1 ez-toc-heading-level-2'><a class=\"ez-toc-link ez-toc-heading-13\" href=\"https:\/\/feminizationcenter.com\/fr\/eyelid-surgery-blepharoplasty\/#Frequently_Asked_Questions_FAQs\" >Foire aux questions (FAQ)<\/a><\/li><li class='ez-toc-page-1 ez-toc-heading-level-2'><a class=\"ez-toc-link ez-toc-heading-14\" href=\"https:\/\/feminizationcenter.com\/fr\/eyelid-surgery-blepharoplasty\/#Conclusion\" >Conclusion<\/a><\/li><\/ul><\/nav><\/div>\n<h2><span class=\"ez-toc-section\" id=\"Understanding_Eyelid_Surgery\"><\/span>Comprendre la chirurgie des paupi\u00e8res<span class=\"ez-toc-section-end\"><\/span><\/h2><h3><span class=\"ez-toc-section\" id=\"What_is_Blepharoplasty\"><\/span>Qu\u2019est-ce que la bl\u00e9pharoplastie ?<span class=\"ez-toc-section-end\"><\/span><\/h3><p>La bl\u00e9pharoplastie est une intervention chirurgicale destin\u00e9e \u00e0 corriger les probl\u00e8mes esth\u00e9tiques et fonctionnels li\u00e9s aux paupi\u00e8res. La chirurgie peut \u00eatre r\u00e9alis\u00e9e sur les paupi\u00e8res sup\u00e9rieures, les paupi\u00e8res inf\u00e9rieures ou les deux, selon les besoins du patient. Il s\u2019agit d\u2019\u00e9liminer l\u2019exc\u00e8s de peau, de resserrer les muscles sous-jacents et de repositionner ou \u00e9liminer les amas graisseux pour obtenir une apparence plus jeune et rajeunie.<\/p><h3><span class=\"ez-toc-section\" id=\"Candidates_for_Eyelid_Surgery\"><\/span>Candidats \u00e0 la chirurgie des paupi\u00e8res<span class=\"ez-toc-section-end\"><\/span><\/h3><p>La chirurgie des paupi\u00e8res convient aux personnes qui ont des pr\u00e9occupations telles que\u00a0:<\/p><ol><li>Exc\u00e8s de peau au niveau des paupi\u00e8res sup\u00e9rieures qui cr\u00e9e un aspect cagoul\u00e9.<\/li><li>Peau l\u00e2che ou affaiss\u00e9e qui alt\u00e8re la vision p\u00e9riph\u00e9rique.<\/li><li>Poches sous les yeux dues \u00e0 des amas graisseux.<\/li><li>Paupi\u00e8res gonfl\u00e9es ou gonfl\u00e9es qui donnent aux yeux un aspect fatigu\u00e9 ou vieilli.<\/li><\/ol><h2><span class=\"ez-toc-section\" id=\"The_Eyelid_Surgery_Procedure\"><\/span>La proc\u00e9dure de chirurgie des paupi\u00e8res<span class=\"ez-toc-section-end\"><\/span><\/h2><h3><span class=\"ez-toc-section\" id=\"Consultation_and_Preparations\"><\/span>Consultation et pr\u00e9parations<span class=\"ez-toc-section-end\"><\/span><\/h3><p>Avant de subir une op\u00e9ration des paupi\u00e8res, les patients doivent consulter un chirurgien plasticien qualifi\u00e9. Lors de cette consultation, le chirurgien \u00e9valuera l&#039;\u00e9tat de sant\u00e9 g\u00e9n\u00e9ral du patient, discutera de ses attentes et lui expliquera l&#039;intervention en d\u00e9tail. Des instructions pr\u00e9op\u00e9ratoires, comme \u00e9viter certains m\u00e9dicaments ou fumer, seront \u00e9galement fournies pour garantir des r\u00e9sultats chirurgicaux optimaux.<\/p><h3><span class=\"ez-toc-section\" id=\"Anesthesia_and_Incisions\"><\/span>Anesth\u00e9sie et incisions<span class=\"ez-toc-section-end\"><\/span><\/h3><p>La chirurgie des paupi\u00e8res est g\u00e9n\u00e9ralement r\u00e9alis\u00e9e sous anesth\u00e9sie locale avec s\u00e9dation ou anesth\u00e9sie g\u00e9n\u00e9rale. Le choix de l&#039;anesth\u00e9sie d\u00e9pend des pr\u00e9f\u00e9rences du patient et des recommandations du chirurgien. Le chirurgien cr\u00e9era des incisions discr\u00e8tes le long des plis naturels des paupi\u00e8res, permettant ainsi de minimiser les cicatrices.<\/p><h3><span class=\"ez-toc-section\" id=\"Removal_of_Excess_Tissue_and_Tightening\"><\/span>\u00c9limination de l\u2019exc\u00e8s de tissu et resserrement<span class=\"ez-toc-section-end\"><\/span><\/h3><p>Lors de la chirurgie des paupi\u00e8res sup\u00e9rieures, le chirurgien retirera l\u2019exc\u00e8s de peau et, si n\u00e9cessaire, repositionnera ou \u00e9liminera les amas graisseux pour redonner un contour plus jeune. Les muscles sous-jacents peuvent \u00e9galement \u00eatre resserr\u00e9s pour am\u00e9liorer la fonction des paupi\u00e8res. La chirurgie des paupi\u00e8res inf\u00e9rieures implique l\u2019\u00e9limination ou la redistribution de la graisse et de l\u2019exc\u00e8s de peau pour \u00e9liminer les poches et les gonflements sous les yeux.<\/p><h3><span class=\"ez-toc-section\" id=\"Incision_Closure_and_Recovery\"><\/span>Fermeture et r\u00e9cup\u00e9ration de l&#039;incision<span class=\"ez-toc-section-end\"><\/span><\/h3><p>Apr\u00e8s avoir effectu\u00e9 les ajustements n\u00e9cessaires, le chirurgien fermera minutieusement les incisions \u00e0 l\u2019aide de sutures ou de colle chirurgicale. Des compresses froides et une pommade lubrifiante peuvent \u00eatre appliqu\u00e9es sur les yeux pour minimiser l&#039;enflure et l&#039;inconfort. Les patients recevront des instructions d\u00e9taill\u00e9es sur les soins postop\u00e9ratoires, y compris des informations sur les m\u00e9dicaments, les soins des plaies et les rendez-vous de suivi.<\/p><h2><span class=\"ez-toc-section\" id=\"Recovery_and_Results\"><\/span>R\u00e9cup\u00e9ration et r\u00e9sultats<span class=\"ez-toc-section-end\"><\/span><\/h2><h3><span class=\"ez-toc-section\" id=\"Healing_Process\"><\/span>Processus de gu\u00e9rison<span class=\"ez-toc-section-end\"><\/span><\/h3><p>Apr\u00e8s une chirurgie des paupi\u00e8res, les patients peuvent s\u2019attendre \u00e0 un gonflement, des ecchymoses et un l\u00e9ger inconfort, qui peuvent \u00eatre g\u00e9r\u00e9s avec des analg\u00e9siques prescrits. Il est essentiel de garder la t\u00eate sur\u00e9lev\u00e9e, d\u2019\u00e9viter les activit\u00e9s intenses et de prot\u00e9ger les yeux de l\u2019exposition au soleil pendant la phase initiale de r\u00e9cup\u00e9ration. La majorit\u00e9 des gonflements et des ecchymoses devraient dispara\u00eetre en deux semaines et les patients peuvent reprendre progressivement leurs activit\u00e9s normales.<\/p><h3><span class=\"ez-toc-section\" id=\"Long-Term_Results\"><\/span>R\u00e9sultats \u00e0 long terme<span class=\"ez-toc-section-end\"><\/span><\/h3><p>Les effets complets de la chirurgie des paupi\u00e8res deviennent apparents \u00e0 mesure que le processus de gu\u00e9rison progresse. Les patients remarqueront une am\u00e9lioration significative de l\u2019apparence de leurs paupi\u00e8res, avec un aspect plus jeune et rajeuni. Les r\u00e9sultats de la chirurgie des paupi\u00e8res sont durables, mais il est important de se rappeler que le processus naturel de vieillissement se poursuivra. Le maintien d\u2019un mode de vie sain et d\u2019une routine de soins de la peau peut aider \u00e0 pr\u00e9server les r\u00e9sultats de la proc\u00e9dure pendant une p\u00e9riode prolong\u00e9e.<\/p><h2><span class=\"ez-toc-section\" id=\"Potential_Risks_and_Complications\"><\/span>Risques et complications potentiels<span class=\"ez-toc-section-end\"><\/span><\/h2><p>Comme pour toute intervention chirurgicale, la chirurgie des paupi\u00e8res comporte certains risques. Il est crucial d\u2019\u00eatre conscient de ces complications potentielles, m\u00eame si elles sont relativement rares. Certains risques peuvent inclure\u00a0:<\/p><ol><li>Vision floue temporaire.<\/li><li>S\u00e9cheresse ou irritation des yeux.<\/li><li>Difficult\u00e9 \u00e0 fermer compl\u00e8tement les yeux.<\/li><li>Cicatrices.<\/li><li>Infection.<\/li><li>R\u00e9action ind\u00e9sirable \u00e0 l&#039;anesth\u00e9sie.<\/li><li>Changements de sensation.<\/li><\/ol><h2><span class=\"ez-toc-section\" id=\"Frequently_Asked_Questions_FAQs\"><\/span>Foire aux questions (FAQ)<span class=\"ez-toc-section-end\"><\/span><\/h2><ol><li><p><strong>La chirurgie des paupi\u00e8res est-elle douloureuse ?<\/strong> La chirurgie des paupi\u00e8res est r\u00e9alis\u00e9e sous anesth\u00e9sie, de sorte que les patients ne ressentent g\u00e9n\u00e9ralement que peu ou pas d&#039;inconfort pendant l&#039;intervention. Apr\u00e8s la chirurgie, une l\u00e9g\u00e8re douleur ou un inconfort peut \u00eatre g\u00e9r\u00e9 avec des analg\u00e9siques prescrits.<\/p><\/li><li><p><strong>Combien de temps faut-il pour se remettre d\u2019une op\u00e9ration des paupi\u00e8res ?<\/strong> La p\u00e9riode de r\u00e9cup\u00e9ration varie d&#039;un patient \u00e0 l&#039;autre, mais la plupart des individus peuvent s&#039;attendre \u00e0 reprendre leurs activit\u00e9s normales dans un d\u00e9lai de 7 \u00e0 10 jours. Le r\u00e9tablissement complet et les r\u00e9sultats finaux peuvent prendre plusieurs semaines ou mois.<\/p><\/li><li><p><strong>Y aura-t-il des cicatrices visibles apr\u00e8s une chirurgie des paupi\u00e8res ?<\/strong> Les incisions pratiqu\u00e9es lors de la chirurgie des paupi\u00e8res sont plac\u00e9es strat\u00e9giquement le long des plis naturels des paupi\u00e8res afin de minimiser les cicatrices. Avec des soins et une gu\u00e9rison appropri\u00e9s, les cicatrices s\u2019estomperont et deviendront moins visibles avec le temps.<\/p><\/li><li><p><strong>La chirurgie des paupi\u00e8res peut-elle corriger les probl\u00e8mes de vision ?<\/strong> Dans les cas o\u00f9 les paupi\u00e8res affaiss\u00e9es obstruent la ligne de mire, la chirurgie des paupi\u00e8res peut am\u00e9liorer la vision en \u00e9liminant l\u2019exc\u00e8s de peau et de tissu qui g\u00eane la vision p\u00e9riph\u00e9rique.<\/p><\/li><li><p><strong>Les r\u00e9sultats de la chirurgie des paupi\u00e8res sont-ils permanents ?<\/strong> Si la chirurgie des paupi\u00e8res donne des r\u00e9sultats durables, elle n\u2019arr\u00eate pas le processus naturel de vieillissement. Des facteurs tels que la g\u00e9n\u00e9tique, le mode de vie et les routines de soins de la peau peuvent influencer la long\u00e9vit\u00e9 des r\u00e9sultats.<\/p><\/li><\/ol><h2><span class=\"ez-toc-section\" id=\"Conclusion\"><\/span>Conclusion<span class=\"ez-toc-section-end\"><\/span><\/h2><p>La chirurgie des paupi\u00e8res, ou bl\u00e9pharoplastie, est une intervention chirurgicale qui apporte des am\u00e9liorations \u00e0 la fois esth\u00e9tiques et fonctionnelles aux yeux. En traitant des probl\u00e8mes tels que les paupi\u00e8res tombantes, les poches sous les yeux et les poches, la chirurgie des paupi\u00e8res peut aider les individus \u00e0 obtenir une apparence plus jeune et rafra\u00eechie. La proc\u00e9dure consiste \u00e0 \u00e9liminer l\u2019exc\u00e8s de peau et de graisse, \u00e0 resserrer les muscles et \u00e0 repositionner les tissus pour obtenir des r\u00e9sultats optimaux. Bien qu&#039;il existe des risques potentiels associ\u00e9s \u00e0 la chirurgie, ils sont g\u00e9n\u00e9ralement rares et peuvent \u00eatre minimis\u00e9s en choisissant un chirurgien plasticien qualifi\u00e9. Avec des soins postop\u00e9ratoires appropri\u00e9s et le respect des instructions de r\u00e9cup\u00e9ration, les patients peuvent s&#039;attendre \u00e0 profiter des avantages durables de la chirurgie des paupi\u00e8res.<\/p>\t\t\t\t\t\t\t\t<\/div>\n\t\t\t\t<\/div>\n\t\t\t\t\t<\/div>\n\t\t<\/div>\n\t\t\t\t\t<\/div>\n\t\t<\/section>\n\t\t\t\t<\/div>","protected":false},"excerpt":{"rendered":"<p>Eyelid surgery, also known as blepharoplasty, is a cosmetic procedure that involves the removal of excess skin and fat from the eyelids. This surgical intervention aims to improve the appearance of the eyes by addressing issues such as droopy eyelids, under-eye bags, and puffiness. In addition to its aesthetic benefits, eyelid surgery can also provide [&hellip;]<\/p>\n","protected":false},"author":1,"featured_media":0,"parent":0,"menu_order":0,"comment_status":"closed","ping_status":"closed","template":"","meta":{"site-sidebar-layout":"no-sidebar","site-content-layout":"page-builder","ast-site-content-layout":"default","site-content-style":"default","site-sidebar-style":"default","ast-global-header-display":"","ast-banner-title-visibility":"","ast-main-header-display":"","ast-hfb-above-header-display":"","ast-hfb-below-header-display":"","ast-hfb-mobile-header-display":"","site-post-title":"disabled","ast-breadcrumbs-content":"","ast-featured-img":"disabled","footer-sml-layout":"","ast-disable-related-posts":"","theme-transparent-header-meta":"","adv-header-id-meta":"","stick-header-meta":"","header-above-stick-meta":"","header-main-stick-meta":"","header-below-stick-meta":"","astra-migrate-meta-layouts":"default","ast-page-background-enabled":"default","ast-page-background-meta":{"desktop":{"background-color":"var(--ast-global-color-4)","background-image":"","background-repeat":"repeat","background-position":"center center","background-size":"auto","background-attachment":"scroll","background-type":"","background-media":"","overlay-type":"","overlay-color":"","overlay-opacity":"","overlay-gradient":""},"tablet":{"background-color":"","background-image":"","background-repeat":"repeat","background-position":"center center","background-size":"auto","background-attachment":"scroll","background-type":"","background-media":"","overlay-type":"","overlay-color":"","overlay-opacity":"","overlay-gradient":""},"mobile":{"background-color":"","background-image":"","background-repeat":"repeat","background-position":"center center","background-size":"auto","background-attachment":"scroll","background-type":"","background-media":"","overlay-type":"","overlay-color":"","overlay-opacity":"","overlay-gradient":""}},"ast-content-background-meta":{"desktop":{"background-color":"var(--ast-global-color-5)","background-image":"","background-repeat":"repeat","background-position":"center center","background-size":"auto","background-attachment":"scroll","background-type":"","background-media":"","overlay-type":"","overlay-color":"","overlay-opacity":"","overlay-gradient":""},"tablet":{"background-color":"var(--ast-global-color-5)","background-image":"","background-repeat":"repeat","background-position":"center center","background-size":"auto","background-attachment":"scroll","background-type":"","background-media":"","overlay-type":"","overlay-color":"","overlay-opacity":"","overlay-gradient":""},"mobile":{"background-color":"var(--ast-global-color-5)","background-image":"","background-repeat":"repeat","background-position":"center center","background-size":"auto","background-attachment":"scroll","background-type":"","background-media":"","overlay-type":"","overlay-color":"","overlay-opacity":"","overlay-gradient":""}},"footnotes":""},"class_list":["post-612","page","type-page","status-publish","hentry"],"_links":{"self":[{"href":"https:\/\/feminizationcenter.com\/fr\/wp-json\/wp\/v2\/pages\/612","targetHints":{"allow":["GET"]}}],"collection":[{"href":"https:\/\/feminizationcenter.com\/fr\/wp-json\/wp\/v2\/pages"}],"about":[{"href":"https:\/\/feminizationcenter.com\/fr\/wp-json\/wp\/v2\/types\/page"}],"author":[{"embeddable":true,"href":"https:\/\/feminizationcenter.com\/fr\/wp-json\/wp\/v2\/users\/1"}],"replies":[{"embeddable":true,"href":"https:\/\/feminizationcenter.com\/fr\/wp-json\/wp\/v2\/comments?post=612"}],"version-history":[{"count":0,"href":"https:\/\/feminizationcenter.com\/fr\/wp-json\/wp\/v2\/pages\/612\/revisions"}],"wp:attachment":[{"href":"https:\/\/feminizationcenter.com\/fr\/wp-json\/wp\/v2\/media?parent=612"}],"curies":[{"name":"wp","href":"https:\/\/api.w.org\/{rel}","templated":true}]}}