{"id":3,"date":"2023-07-02T09:09:36","date_gmt":"2023-07-02T09:09:36","guid":{"rendered":"http:\/\/www.feminizationcenter.com\/?page_id=3"},"modified":"2023-07-04T16:18:04","modified_gmt":"2023-07-04T16:18:04","slug":"politique-de-confidentialite","status":"publish","type":"page","link":"https:\/\/feminizationcenter.com\/fr\/privacy-policy\/","title":{"rendered":"politique de confidentialit\u00e9"},"content":{"rendered":"<p>Derni\u00e8re mise \u00e0 jour : 04\/07\/2023<\/p>\n\n\n\n<p>Votre s\u00e9curit\u00e9 est importante pour nous. Pour cette raison, vos donn\u00e9es personnelles que vous partagerez avec nous sont prot\u00e9g\u00e9es de mani\u00e8re sensible.<\/p>\n\n\n\n<p>Nous, Feminization Center, en tant que responsable du traitement, avec cette politique de confidentialit\u00e9 et de protection des donn\u00e9es personnelles, quelles donn\u00e9es personnelles seront trait\u00e9es dans quel but, avec qui et pourquoi les donn\u00e9es trait\u00e9es peuvent \u00eatre partag\u00e9es, avec notre m\u00e9thode de traitement des donn\u00e9es et nos raisons juridiques\u00a0; quels sont vos droits concernant vos donn\u00e9es trait\u00e9es ? Nous souhaitons vous \u00e9clairer.<\/p>\n\n\n\n<h2 class=\"wp-block-heading\">Vos donn\u00e9es personnelles collect\u00e9es, m\u00e9thode de collecte et raison juridique<\/h2>\n\n\n\n<p>Votre adresse IP et les informations de votre agent utilisateur ne sont utilis\u00e9es que pour les technologies d&#039;analyse et de cookies, etc., automatis\u00e9es ou non, et parfois pour les fournisseurs d&#039;analyse, obtenues aupr\u00e8s de tiers tels que les r\u00e9seaux publicitaires, les fournisseurs d&#039;informations de recherche, les fournisseurs de technologie, en enregistrant, stockant et la mise \u00e0 jour, dans le cadre et pendant la prestation de service et la relation contractuelle entre nous, sera trait\u00e9e sur la base de la condition de traitement de l&#039;int\u00e9r\u00eat l\u00e9gitime.<\/p>\n\n\n\n<h2 class=\"wp-block-heading\">Finalit\u00e9 du traitement de vos donn\u00e9es personnelles<\/h2>\n\n\n\n<p>Vos donn\u00e9es personnelles que vous partagez avec nous uniquement en les analysant\u00a0; les services que nous proposons pour r\u00e9pondre au mieux aux exigences, afin de garantir que vous puissiez acc\u00e9der \u00e0 ces services. et pour garantir un b\u00e9n\u00e9fice maximal, nos services sont adapt\u00e9s \u00e0 vos besoins pour d\u00e9velopper et vous engager aupr\u00e8s de prestataires de services plus larges dans des cadres juridiques. et les obligations l\u00e9gales (partage des donn\u00e9es personnelles avec les autorit\u00e9s judiciaires et administratives sur demande) pendant la dur\u00e9e du contrat et de la prestation, conform\u00e9ment \u00e0 sa finalit\u00e9 et de mani\u00e8re mesur\u00e9e, seront trait\u00e9es et mises \u00e0 jour.<\/p>\n\n\n\n<h2 class=\"wp-block-heading\">\u00c0 qui et \u00e0 quelles fins les donn\u00e9es personnelles collect\u00e9es peuvent \u00eatre transf\u00e9r\u00e9es<\/h2>\n\n\n\n<p>Vos donn\u00e9es personnelles que vous partagez avec nous\u00a0; nous recevons des services pour mener \u00e0 bien nos activit\u00e9s et\/ou avec lesquels nous avons contract\u00e9, coop\u00e9r\u00e9, au niveau national et international. \u00c0 des tiers, des institutions et des organisations et, sur demande, aux autorit\u00e9s judiciaires et administratives, les services techniques et administratifs n\u00e9cessaires peuvent \u00eatre transf\u00e9r\u00e9s, \u00e0 condition que des pr\u00e9cautions sont prises.<\/p>\n\n\n\n<h2 class=\"wp-block-heading\">Vos droits en tant que personne trait\u00e9e<\/h2>\n\n\n\n<p>Selon l&#039;article 11 du KVKK, toute personne peut exercer les droits suivants en s&#039;adressant au responsable du traitement :<\/p>\n\n\n\n<ol class=\"wp-block-list\" type=\"a\">\n<li>Savoir si des donn\u00e9es personnelles sont trait\u00e9es,<\/li>\n\n\n\n<li>Demander des informations sur les donn\u00e9es personnelles si elles ont \u00e9t\u00e9 trait\u00e9es,<\/li>\n\n\n\n<li>Conna\u00eetre la finalit\u00e9 du traitement des donn\u00e9es personnelles et si elles sont utilis\u00e9es conform\u00e9ment \u00e0 leur finalit\u00e9,<\/li>\n\n\n\n<li>Conna\u00eetre les tiers auxquels les donn\u00e9es personnelles sont transf\u00e9r\u00e9es en Suisse ou \u00e0 l&#039;\u00e9tranger,<\/li>\n\n\n\n<li>Demander la correction des donn\u00e9es personnelles en cas de traitement incomplet ou incorrect,<\/li>\n\n\n\n<li>Demander la suppression ou la destruction de donn\u00e9es personnelles,<\/li>\n\n\n\n<li>Demander que les transactions effectu\u00e9es conform\u00e9ment aux alin\u00e9as (e) et (f) soient notifi\u00e9es aux tiers auxquels les donn\u00e9es personnelles ont \u00e9t\u00e9 transf\u00e9r\u00e9es,<\/li>\n\n\n\n<li>S&#039;opposer \u00e0 l&#039;apparition d&#039;un r\u00e9sultat \u00e0 l&#039;encontre de la personne en analysant les donn\u00e9es trait\u00e9es exclusivement au moyen de syst\u00e8mes automatis\u00e9s,<\/li>\n\n\n\n<li>A le droit d&#039;exiger l&#039;indemnisation du dommage en cas de perte due au traitement illicite des donn\u00e9es personnelles.<\/li>\n<\/ol>\n\n\n\n<p>Vous pouvez nous contacter via info@feminizationcenter.com pour exercer vos droits mentionn\u00e9s ci-dessus.<\/p>\n\n\n\n<h2 class=\"wp-block-heading\">Contact<\/h2>\n\n\n\n<p>Afin de r\u00e9aliser des analyses pour vous servir, seules vos donn\u00e9es personnelles sont n\u00e9cessaires. Conform\u00e9ment \u00e0 cette politique de confidentialit\u00e9 et de traitement des donn\u00e9es personnelles, vous \u00eates totalement libre d&#039;accepter ou non le traitement. Si vous continuez \u00e0 utiliser le site, vous avez accept\u00e9 notre part. Pour des informations plus d\u00e9taill\u00e9es, veuillez nous contacter via l&#039;adresse e-mail info@feminizationcenter.com. N&#039;h\u00e9sitez pas \u00e0 passer.<\/p>","protected":false},"excerpt":{"rendered":"<p>Last updated: 04\/07\/2023 Your safety is important to us. For this reason, your personal data that you will share with us is sensitively protected. We, Feminization Center, as the data controller, with this privacy and personal data protection policy, which personal data will be processed for what purpose, with whom and why the processed data [&hellip;]<\/p>\n","protected":false},"author":1,"featured_media":0,"parent":0,"menu_order":0,"comment_status":"closed","ping_status":"open","template":"","meta":{"site-sidebar-layout":"default","site-content-layout":"","ast-site-content-layout":"default","site-content-style":"default","site-sidebar-style":"default","ast-global-header-display":"","ast-banner-title-visibility":"","ast-main-header-display":"","ast-hfb-above-header-display":"","ast-hfb-below-header-display":"","ast-hfb-mobile-header-display":"","site-post-title":"","ast-breadcrumbs-content":"","ast-featured-img":"","footer-sml-layout":"","ast-disable-related-posts":"","theme-transparent-header-meta":"","adv-header-id-meta":"","stick-header-meta":"","header-above-stick-meta":"","header-main-stick-meta":"","header-below-stick-meta":"","astra-migrate-meta-layouts":"default","ast-page-background-enabled":"default","ast-page-background-meta":{"desktop":{"background-color":"var(--ast-global-color-4)","background-image":"","background-repeat":"repeat","background-position":"center center","background-size":"auto","background-attachment":"scroll","background-type":"","background-media":"","overlay-type":"","overlay-color":"","overlay-opacity":"","overlay-gradient":""},"tablet":{"background-color":"","background-image":"","background-repeat":"repeat","background-position":"center center","background-size":"auto","background-attachment":"scroll","background-type":"","background-media":"","overlay-type":"","overlay-color":"","overlay-opacity":"","overlay-gradient":""},"mobile":{"background-color":"","background-image":"","background-repeat":"repeat","background-position":"center center","background-size":"auto","background-attachment":"scroll","background-type":"","background-media":"","overlay-type":"","overlay-color":"","overlay-opacity":"","overlay-gradient":""}},"ast-content-background-meta":{"desktop":{"background-color":"var(--ast-global-color-5)","background-image":"","background-repeat":"repeat","background-position":"center center","background-size":"auto","background-attachment":"scroll","background-type":"","background-media":"","overlay-type":"","overlay-color":"","overlay-opacity":"","overlay-gradient":""},"tablet":{"background-color":"var(--ast-global-color-5)","background-image":"","background-repeat":"repeat","background-position":"center center","background-size":"auto","background-attachment":"scroll","background-type":"","background-media":"","overlay-type":"","overlay-color":"","overlay-opacity":"","overlay-gradient":""},"mobile":{"background-color":"var(--ast-global-color-5)","background-image":"","background-repeat":"repeat","background-position":"center center","background-size":"auto","background-attachment":"scroll","background-type":"","background-media":"","overlay-type":"","overlay-color":"","overlay-opacity":"","overlay-gradient":""}},"footnotes":""},"class_list":["post-3","page","type-page","status-publish","hentry"],"_links":{"self":[{"href":"https:\/\/feminizationcenter.com\/fr\/wp-json\/wp\/v2\/pages\/3","targetHints":{"allow":["GET"]}}],"collection":[{"href":"https:\/\/feminizationcenter.com\/fr\/wp-json\/wp\/v2\/pages"}],"about":[{"href":"https:\/\/feminizationcenter.com\/fr\/wp-json\/wp\/v2\/types\/page"}],"author":[{"embeddable":true,"href":"https:\/\/feminizationcenter.com\/fr\/wp-json\/wp\/v2\/users\/1"}],"replies":[{"embeddable":true,"href":"https:\/\/feminizationcenter.com\/fr\/wp-json\/wp\/v2\/comments?post=3"}],"version-history":[{"count":0,"href":"https:\/\/feminizationcenter.com\/fr\/wp-json\/wp\/v2\/pages\/3\/revisions"}],"wp:attachment":[{"href":"https:\/\/feminizationcenter.com\/fr\/wp-json\/wp\/v2\/media?parent=3"}],"curies":[{"name":"wp","href":"https:\/\/api.w.org\/{rel}","templated":true}]}}