{"id":161,"date":"2023-07-02T13:24:47","date_gmt":"2023-07-02T13:24:47","guid":{"rendered":"https:\/\/feminizationcenter.com\/?page_id=161"},"modified":"2023-07-05T22:13:56","modified_gmt":"2023-07-05T22:13:56","slug":"a-propos-de-nous","status":"publish","type":"page","link":"https:\/\/feminizationcenter.com\/fr\/about-us\/","title":{"rendered":"\u00c0 propos de nous"},"content":{"rendered":"<div data-elementor-type=\"wp-page\" data-elementor-id=\"161\" class=\"elementor elementor-161\">\n\t\t\t\t\t\t<section class=\"elementor-section elementor-top-section elementor-element elementor-element-6d742b62 elementor-section-boxed elementor-section-height-default elementor-section-height-default\" data-id=\"6d742b62\" data-element_type=\"section\" data-e-type=\"section\">\n\t\t\t\t\t\t<div class=\"elementor-container elementor-column-gap-default\">\n\t\t\t\t\t<div class=\"elementor-column elementor-col-33 elementor-top-column elementor-element elementor-element-38156dbc elementor-invisible\" data-id=\"38156dbc\" data-element_type=\"column\" data-e-type=\"column\" data-settings=\"{&quot;animation&quot;:&quot;fadeInLeft&quot;}\">\n\t\t\t<div class=\"elementor-widget-wrap elementor-element-populated\">\n\t\t\t\t\t\t<div class=\"elementor-element elementor-element-660f2a33 elementor-widget__width-auto elementor-widget elementor-widget-image\" data-id=\"660f2a33\" data-element_type=\"widget\" data-e-type=\"widget\" data-widget_type=\"image.default\">\n\t\t\t\t<div class=\"elementor-widget-container\">\n\t\t\t\t\t\t\t\t\t\t\t\t\t\t\t<img fetchpriority=\"high\" decoding=\"async\" width=\"444\" height=\"373\" src=\"https:\/\/feminizationcenter.com\/wp-content\/uploads\/2023\/07\/cosmetician-with-marker-puts-dotted-lines-on-body-46BU9A4.jpg\" class=\"attachment-full size-full wp-image-123\" alt=\"\" srcset=\"https:\/\/feminizationcenter.com\/wp-content\/uploads\/2023\/07\/cosmetician-with-marker-puts-dotted-lines-on-body-46BU9A4.jpg 444w, https:\/\/feminizationcenter.com\/wp-content\/uploads\/2023\/07\/cosmetician-with-marker-puts-dotted-lines-on-body-46BU9A4-300x252.jpg 300w\" sizes=\"(max-width: 444px) 100vw, 444px\" title=\"\">\t\t\t\t\t\t\t\t\t\t\t\t\t\t\t<\/div>\n\t\t\t\t<\/div>\n\t\t\t\t\t<\/div>\n\t\t<\/div>\n\t\t\t\t<div class=\"elementor-column elementor-col-33 elementor-top-column elementor-element elementor-element-1f7cd5b9 elementor-invisible\" data-id=\"1f7cd5b9\" data-element_type=\"column\" data-e-type=\"column\" data-settings=\"{&quot;animation&quot;:&quot;fadeInLeft&quot;}\">\n\t\t\t<div class=\"elementor-widget-wrap elementor-element-populated\">\n\t\t\t\t\t\t<div class=\"elementor-element elementor-element-35f351ea elementor-widget__width-auto elementor-widget elementor-widget-image\" data-id=\"35f351ea\" data-element_type=\"widget\" data-e-type=\"widget\" data-widget_type=\"image.default\">\n\t\t\t\t<div class=\"elementor-widget-container\">\n\t\t\t\t\t\t\t\t\t\t\t\t\t\t\t<img decoding=\"async\" width=\"684\" height=\"1024\" src=\"https:\/\/feminizationcenter.com\/wp-content\/uploads\/2023\/07\/facial-feminization-surgery.jpg\" class=\"attachment-full size-full wp-image-320\" alt=\"centre de chirurgie de f\u00e9minisation du visage\" srcset=\"https:\/\/feminizationcenter.com\/wp-content\/uploads\/2023\/07\/facial-feminization-surgery.jpg 684w, https:\/\/feminizationcenter.com\/wp-content\/uploads\/2023\/07\/facial-feminization-surgery-200x300.jpg 200w\" sizes=\"(max-width: 684px) 100vw, 684px\" title=\"\">\t\t\t\t\t\t\t\t\t\t\t\t\t\t\t<\/div>\n\t\t\t\t<\/div>\n\t\t\t\t\t<\/div>\n\t\t<\/div>\n\t\t\t\t<div class=\"elementor-column elementor-col-33 elementor-top-column elementor-element elementor-element-f502f1f\" data-id=\"f502f1f\" data-element_type=\"column\" data-e-type=\"column\">\n\t\t\t<div class=\"elementor-widget-wrap elementor-element-populated\">\n\t\t\t\t\t\t<div class=\"elementor-element elementor-element-2ba1ba38 elementor-invisible elementor-widget elementor-widget-heading\" data-id=\"2ba1ba38\" data-element_type=\"widget\" data-e-type=\"widget\" data-settings=\"{&quot;_animation&quot;:&quot;fadeInRight&quot;,&quot;_animation_delay&quot;:500}\" data-widget_type=\"heading.default\">\n\t\t\t\t<div class=\"elementor-widget-container\">\n\t\t\t\t\t<h3 class=\"elementor-heading-title elementor-size-default\">\u00c0 propos de nous<\/h3>\t\t\t\t<\/div>\n\t\t\t\t<\/div>\n\t\t\t\t<div class=\"elementor-element elementor-element-4e5fb6d8 elementor-invisible elementor-widget elementor-widget-heading\" data-id=\"4e5fb6d8\" data-element_type=\"widget\" data-e-type=\"widget\" data-settings=\"{&quot;_animation&quot;:&quot;fadeInUp&quot;,&quot;_animation_delay&quot;:600}\" data-widget_type=\"heading.default\">\n\t\t\t\t<div class=\"elementor-widget-container\">\n\t\t\t\t\t<h2 class=\"elementor-heading-title elementor-size-default\">+10 ans d&#039;exp\u00e9rience<\/h2>\t\t\t\t<\/div>\n\t\t\t\t<\/div>\n\t\t\t\t<div class=\"elementor-element elementor-element-75f1d581 elementor-invisible elementor-widget elementor-widget-text-editor\" data-id=\"75f1d581\" data-element_type=\"widget\" data-e-type=\"widget\" data-settings=\"{&quot;_animation&quot;:&quot;fadeInUp&quot;,&quot;_animation_delay&quot;:700}\" data-widget_type=\"text-editor.default\">\n\t\t\t\t<div class=\"elementor-widget-container\">\n\t\t\t\t\t\t\t\t\t<p>Bienvenue au Centre de F\u00e9minisation, situ\u00e9 \u00e0 Antalya, en Turquie. Nous sommes une clinique de premier plan sp\u00e9cialis\u00e9e dans les chirurgies de f\u00e9minisation et offrant des soins et une expertise exceptionnels dans le domaine de la chirurgie plastique, reconstructive et esth\u00e9tique. Dirig\u00e9s par notre estim\u00e9 fondateur, Mehmet Fatih Okyay, MD, FEBOPRAS, nous nous engageons \u00e0 fournir les plus hauts standards de soins \u00e0 nos patients.<\/p><p>Situ\u00e9e dans la belle ville d&#039;Antalya, notre clinique offre un environnement serein et accueillant \u00e0 nos patients. Antalya est r\u00e9put\u00e9e pour ses paysages pittoresques, ses superbes plages et sa riche histoire. Il constitue une toile de fond id\u00e9ale pour les personnes recherchant des proc\u00e9dures de f\u00e9minisation transformatrices dans un cadre paisible et rajeunissant.<\/p><p>\u00a0<\/p>\t\t\t\t\t\t\t\t<\/div>\n\t\t\t\t<\/div>\n\t\t\t\t\t<\/div>\n\t\t<\/div>\n\t\t\t\t\t<\/div>\n\t\t<\/section>\n\t\t\t\t<section class=\"elementor-section elementor-top-section elementor-element elementor-element-245e4f9 elementor-section-content-middle elementor-section-boxed elementor-section-height-default elementor-section-height-default\" data-id=\"245e4f9\" data-element_type=\"section\" data-e-type=\"section\">\n\t\t\t\t\t\t<div class=\"elementor-container elementor-column-gap-default\">\n\t\t\t\t\t<div class=\"elementor-column elementor-col-50 elementor-top-column elementor-element elementor-element-cdbbb11\" data-id=\"cdbbb11\" data-element_type=\"column\" data-e-type=\"column\">\n\t\t\t<div class=\"elementor-widget-wrap elementor-element-populated\">\n\t\t\t\t\t\t<div class=\"elementor-element elementor-element-417ab4e elementor-invisible elementor-widget elementor-widget-text-editor\" data-id=\"417ab4e\" data-element_type=\"widget\" data-e-type=\"widget\" data-settings=\"{&quot;_animation&quot;:&quot;fadeInUp&quot;,&quot;_animation_delay&quot;:700}\" data-widget_type=\"text-editor.default\">\n\t\t\t\t<div class=\"elementor-widget-container\">\n\t\t\t\t\t\t\t\t\t<p>Mehmet Fatih Okyay, fort de sa vaste exp\u00e9rience et de son expertise en chirurgie plastique, a choisi Antalya comme si\u00e8ge de notre clinique. Ici, nous combinons des techniques chirurgicales de classe mondiale avec la tranquillit\u00e9 de la beaut\u00e9 naturelle environnante, garantissant une exp\u00e9rience confortable et agr\u00e9able \u00e0 nos patients.<\/p><p>Au Feminization Center, nous comprenons que le parcours de chaque individu est unique. Nous fournissons des soins personnalis\u00e9s et compatissants, en adaptant nos traitements pour r\u00e9pondre aux besoins sp\u00e9cifiques et aux objectifs esth\u00e9tiques de chaque patient. Notre objectif est d&#039;aider les individus \u00e0 atteindre l&#039;apparence f\u00e9minine souhait\u00e9e tout en donnant la priorit\u00e9 \u00e0 leur bien-\u00eatre et en garantissant des r\u00e9sultats d&#039;apparence naturelle.<\/p>\t\t\t\t\t\t\t\t<\/div>\n\t\t\t\t<\/div>\n\t\t\t\t\t<\/div>\n\t\t<\/div>\n\t\t\t\t<div class=\"elementor-column elementor-col-50 elementor-top-column elementor-element elementor-element-bd92b96\" data-id=\"bd92b96\" data-element_type=\"column\" data-e-type=\"column\">\n\t\t\t<div class=\"elementor-widget-wrap elementor-element-populated\">\n\t\t\t\t\t\t<div class=\"elementor-element elementor-element-8bbfce9 elementor-invisible elementor-widget elementor-widget-image\" data-id=\"8bbfce9\" data-element_type=\"widget\" data-e-type=\"widget\" data-settings=\"{&quot;_animation&quot;:&quot;fadeInRight&quot;}\" data-widget_type=\"image.default\">\n\t\t\t\t<div class=\"elementor-widget-container\">\n\t\t\t\t\t\t\t\t\t\t\t\t\t\t\t<img decoding=\"async\" width=\"1024\" height=\"766\" src=\"https:\/\/feminizationcenter.com\/wp-content\/uploads\/2023\/07\/Mehmet-Fatih-Okyay-MD-FEBOPRAS-in-Turkiye-1024x766-1.jpg\" class=\"attachment-large size-large wp-image-324\" alt=\"\" srcset=\"https:\/\/feminizationcenter.com\/wp-content\/uploads\/2023\/07\/Mehmet-Fatih-Okyay-MD-FEBOPRAS-in-Turkiye-1024x766-1.jpg 1024w, https:\/\/feminizationcenter.com\/wp-content\/uploads\/2023\/07\/Mehmet-Fatih-Okyay-MD-FEBOPRAS-in-Turkiye-1024x766-1-300x224.jpg 300w, https:\/\/feminizationcenter.com\/wp-content\/uploads\/2023\/07\/Mehmet-Fatih-Okyay-MD-FEBOPRAS-in-Turkiye-1024x766-1-768x575.jpg 768w\" sizes=\"(max-width: 1024px) 100vw, 1024px\" title=\"\">\t\t\t\t\t\t\t\t\t\t\t\t\t\t\t<\/div>\n\t\t\t\t<\/div>\n\t\t\t\t\t<\/div>\n\t\t<\/div>\n\t\t\t\t\t<\/div>\n\t\t<\/section>\n\t\t\t\t<section class=\"elementor-section elementor-top-section elementor-element elementor-element-106a508 elementor-section-content-middle elementor-section-boxed elementor-section-height-default elementor-section-height-default\" data-id=\"106a508\" data-element_type=\"section\" data-e-type=\"section\">\n\t\t\t\t\t\t<div class=\"elementor-container elementor-column-gap-default\">\n\t\t\t\t\t<div class=\"elementor-column elementor-col-50 elementor-top-column elementor-element elementor-element-3e2025a\" data-id=\"3e2025a\" data-element_type=\"column\" data-e-type=\"column\">\n\t\t\t<div class=\"elementor-widget-wrap elementor-element-populated\">\n\t\t\t\t\t\t<div class=\"elementor-element elementor-element-fe0888d elementor-invisible elementor-widget elementor-widget-image\" data-id=\"fe0888d\" data-element_type=\"widget\" data-e-type=\"widget\" data-settings=\"{&quot;_animation&quot;:&quot;fadeInLeft&quot;}\" data-widget_type=\"image.default\">\n\t\t\t\t<div class=\"elementor-widget-container\">\n\t\t\t\t\t\t\t\t\t\t\t\t\t\t\t<img loading=\"lazy\" decoding=\"async\" width=\"1024\" height=\"640\" src=\"https:\/\/feminizationcenter.com\/wp-content\/uploads\/2023\/07\/antalya.jpg\" class=\"attachment-large size-large wp-image-325\" alt=\"\" srcset=\"https:\/\/feminizationcenter.com\/wp-content\/uploads\/2023\/07\/antalya.jpg 1024w, https:\/\/feminizationcenter.com\/wp-content\/uploads\/2023\/07\/antalya-300x188.jpg 300w, https:\/\/feminizationcenter.com\/wp-content\/uploads\/2023\/07\/antalya-768x480.jpg 768w\" sizes=\"(max-width: 1024px) 100vw, 1024px\" title=\"\">\t\t\t\t\t\t\t\t\t\t\t\t\t\t\t<\/div>\n\t\t\t\t<\/div>\n\t\t\t\t\t<\/div>\n\t\t<\/div>\n\t\t\t\t<div class=\"elementor-column elementor-col-50 elementor-top-column elementor-element elementor-element-ff5cd2b\" data-id=\"ff5cd2b\" data-element_type=\"column\" data-e-type=\"column\">\n\t\t\t<div class=\"elementor-widget-wrap elementor-element-populated\">\n\t\t\t\t\t\t<div class=\"elementor-element elementor-element-35a3a0a elementor-invisible elementor-widget elementor-widget-text-editor\" data-id=\"35a3a0a\" data-element_type=\"widget\" data-e-type=\"widget\" data-settings=\"{&quot;_animation&quot;:&quot;fadeInUp&quot;,&quot;_animation_delay&quot;:700}\" data-widget_type=\"text-editor.default\">\n\t\t\t\t<div class=\"elementor-widget-container\">\n\t\t\t\t\t\t\t\t\t<p>Que vous envisagiez des chirurgies de f\u00e9minisation du visage, des proc\u00e9dures de remodelage corporel ou une esth\u00e9tique mammaire, notre \u00e9quipe d\u00e9vou\u00e9e de professionnels s&#039;engage \u00e0 fournir des soins exceptionnels \u00e0 chaque \u00e9tape de votre parcours. Nous utilisons les derni\u00e8res avanc\u00e9es en mati\u00e8re de chirurgie plastique, combin\u00e9es \u00e0 l&#039;expertise et \u00e0 l&#039;approche artistique du Dr Okyay, pour obtenir des r\u00e9sultats exceptionnels et am\u00e9liorer votre confiance en vous.<\/p><p>Nous vous invitons \u00e0 d\u00e9couvrir nos installations ultramodernes et la chaleur de notre personnel. Contactez-nous d\u00e8s aujourd&#039;hui pour planifier une consultation dans notre clinique d&#039;Antalya, en Turquie, et faites le premier pas vers la r\u00e9alisation de vos objectifs de f\u00e9minisation. Chez Feminization Center, nous sommes l\u00e0 pour vous accompagner tout au long de votre transformation et vous aider \u00e0 adopter votre v\u00e9ritable identit\u00e9 avec confiance et fiert\u00e9.<\/p>\t\t\t\t\t\t\t\t<\/div>\n\t\t\t\t<\/div>\n\t\t\t\t\t<\/div>\n\t\t<\/div>\n\t\t\t\t\t<\/div>\n\t\t<\/section>\n\t\t\t\t<\/div>","protected":false},"excerpt":{"rendered":"<p>About Us +10 Years of Experience Welcome to Feminization Center, located in Antalya, Turkey. We are a premier clinic specializing in feminization surgeries and offering exceptional care and expertise in the field of plastic, reconstructive, and aesthetic surgery. Led by our esteemed founder, Mehmet Fatih Okyay, MD, FEBOPRAS, we are dedicated to providing the highest [&hellip;]<\/p>\n","protected":false},"author":1,"featured_media":0,"parent":0,"menu_order":0,"comment_status":"closed","ping_status":"closed","template":"elementor_header_footer","meta":{"site-sidebar-layout":"no-sidebar","site-content-layout":"page-builder","ast-site-content-layout":"default","site-content-style":"default","site-sidebar-style":"default","ast-global-header-display":"","ast-banner-title-visibility":"","ast-main-header-display":"","ast-hfb-above-header-display":"","ast-hfb-below-header-display":"","ast-hfb-mobile-header-display":"","site-post-title":"disabled","ast-breadcrumbs-content":"","ast-featured-img":"disabled","footer-sml-layout":"","ast-disable-related-posts":"","theme-transparent-header-meta":"","adv-header-id-meta":"","stick-header-meta":"","header-above-stick-meta":"","header-main-stick-meta":"","header-below-stick-meta":"","astra-migrate-meta-layouts":"default","ast-page-background-enabled":"default","ast-page-background-meta":{"desktop":{"background-color":"var(--ast-global-color-4)","background-image":"","background-repeat":"repeat","background-position":"center center","background-size":"auto","background-attachment":"scroll","background-type":"","background-media":"","overlay-type":"","overlay-color":"","overlay-opacity":"","overlay-gradient":""},"tablet":{"background-color":"","background-image":"","background-repeat":"repeat","background-position":"center center","background-size":"auto","background-attachment":"scroll","background-type":"","background-media":"","overlay-type":"","overlay-color":"","overlay-opacity":"","overlay-gradient":""},"mobile":{"background-color":"","background-image":"","background-repeat":"repeat","background-position":"center center","background-size":"auto","background-attachment":"scroll","background-type":"","background-media":"","overlay-type":"","overlay-color":"","overlay-opacity":"","overlay-gradient":""}},"ast-content-background-meta":{"desktop":{"background-color":"var(--ast-global-color-5)","background-image":"","background-repeat":"repeat","background-position":"center center","background-size":"auto","background-attachment":"scroll","background-type":"","background-media":"","overlay-type":"","overlay-color":"","overlay-opacity":"","overlay-gradient":""},"tablet":{"background-color":"var(--ast-global-color-5)","background-image":"","background-repeat":"repeat","background-position":"center center","background-size":"auto","background-attachment":"scroll","background-type":"","background-media":"","overlay-type":"","overlay-color":"","overlay-opacity":"","overlay-gradient":""},"mobile":{"background-color":"var(--ast-global-color-5)","background-image":"","background-repeat":"repeat","background-position":"center center","background-size":"auto","background-attachment":"scroll","background-type":"","background-media":"","overlay-type":"","overlay-color":"","overlay-opacity":"","overlay-gradient":""}},"footnotes":""},"class_list":["post-161","page","type-page","status-publish","hentry"],"_links":{"self":[{"href":"https:\/\/feminizationcenter.com\/fr\/wp-json\/wp\/v2\/pages\/161","targetHints":{"allow":["GET"]}}],"collection":[{"href":"https:\/\/feminizationcenter.com\/fr\/wp-json\/wp\/v2\/pages"}],"about":[{"href":"https:\/\/feminizationcenter.com\/fr\/wp-json\/wp\/v2\/types\/page"}],"author":[{"embeddable":true,"href":"https:\/\/feminizationcenter.com\/fr\/wp-json\/wp\/v2\/users\/1"}],"replies":[{"embeddable":true,"href":"https:\/\/feminizationcenter.com\/fr\/wp-json\/wp\/v2\/comments?post=161"}],"version-history":[{"count":0,"href":"https:\/\/feminizationcenter.com\/fr\/wp-json\/wp\/v2\/pages\/161\/revisions"}],"wp:attachment":[{"href":"https:\/\/feminizationcenter.com\/fr\/wp-json\/wp\/v2\/media?parent=161"}],"curies":[{"name":"wp","href":"https:\/\/api.w.org\/{rel}","templated":true}]}}