{"id":687,"date":"2023-07-04T16:01:21","date_gmt":"2023-07-04T16:01:21","guid":{"rendered":"https:\/\/feminizationcenter.com\/?page_id=687"},"modified":"2023-07-05T11:57:38","modified_gmt":"2023-07-05T11:57:38","slug":"liposuccion-moldeadora-del-cuerpo","status":"publish","type":"page","link":"https:\/\/feminizationcenter.com\/es\/body-shaping-liposuction\/","title":{"rendered":"Liposucci\u00f3n moldeadora del cuerpo"},"content":{"rendered":"<div data-elementor-type=\"wp-page\" data-elementor-id=\"687\" class=\"elementor elementor-687\">\n\t\t\t\t\t\t<section class=\"elementor-section elementor-top-section elementor-element elementor-element-f1e471c elementor-section-boxed elementor-section-height-default elementor-section-height-default\" data-id=\"f1e471c\" data-element_type=\"section\" data-e-type=\"section\">\n\t\t\t\t\t\t<div class=\"elementor-container elementor-column-gap-default\">\n\t\t\t\t\t<div class=\"elementor-column elementor-col-100 elementor-top-column elementor-element elementor-element-0fcd9ce\" data-id=\"0fcd9ce\" data-element_type=\"column\" data-e-type=\"column\">\n\t\t\t<div class=\"elementor-widget-wrap elementor-element-populated\">\n\t\t\t\t\t\t<div class=\"elementor-element elementor-element-3ad9afd elementor-widget elementor-widget-text-editor\" data-id=\"3ad9afd\" data-element_type=\"widget\" data-e-type=\"widget\" data-widget_type=\"text-editor.default\">\n\t\t\t\t<div class=\"elementor-widget-container\">\n\t\t\t\t\t\t\t\t\t<p>\u00bfEst\u00e1s buscando realzar el contorno de tu cuerpo y lograr una figura m\u00e1s esculpida? La liposucci\u00f3n moldeadora del cuerpo podr\u00eda ser la respuesta que estaba buscando. Este popular procedimiento cosm\u00e9tico ofrece una forma segura y eficaz de eliminar los dep\u00f3sitos de grasa rebeldes y lograr una apariencia m\u00e1s proporcionada y tonificada. En este art\u00edculo, exploraremos los pormenores de la liposucci\u00f3n para moldear el cuerpo, sus beneficios, el procedimiento en s\u00ed, la recuperaci\u00f3n y m\u00e1s. Prep\u00e1rate para descubrir c\u00f3mo este tratamiento transformador puede ayudarte a lograr la forma corporal que deseas.<\/p><div id=\"ez-toc-container\" class=\"ez-toc-v2_0_82_2 counter-hierarchy ez-toc-counter ez-toc-transparent ez-toc-container-direction\">\n<div class=\"ez-toc-title-container\">\n<p class=\"ez-toc-title\" style=\"cursor:inherit\">Tabla de contenido<\/p>\n<span class=\"ez-toc-title-toggle\"><\/span><\/div>\n<nav><ul class='ez-toc-list ez-toc-list-level-1' ><li class='ez-toc-page-1 ez-toc-heading-level-2'><a class=\"ez-toc-link ez-toc-heading-1\" href=\"https:\/\/feminizationcenter.com\/es\/body-shaping-liposuction\/#1_Introduction_Body_Shaping_Liposuction\" >1. Introducci\u00f3n: Liposucci\u00f3n moldeadora del cuerpo<\/a><\/li><li class='ez-toc-page-1 ez-toc-heading-level-2'><a class=\"ez-toc-link ez-toc-heading-2\" href=\"https:\/\/feminizationcenter.com\/es\/body-shaping-liposuction\/#2_Understanding_Body_Shaping_Liposuction\" >2. Comprender la liposucci\u00f3n para moldear el cuerpo<\/a><\/li><li class='ez-toc-page-1 ez-toc-heading-level-2'><a class=\"ez-toc-link ez-toc-heading-3\" href=\"https:\/\/feminizationcenter.com\/es\/body-shaping-liposuction\/#3_Benefits_of_Body_Shaping_Liposuction\" >3. Beneficios de la liposucci\u00f3n moldeadora del cuerpo<\/a><ul class='ez-toc-list-level-3' ><li class='ez-toc-heading-level-3'><a class=\"ez-toc-link ez-toc-heading-4\" href=\"https:\/\/feminizationcenter.com\/es\/body-shaping-liposuction\/#a_Targeted_Fat_Reduction\" >a) Reducci\u00f3n de grasa dirigida<\/a><\/li><li class='ez-toc-page-1 ez-toc-heading-level-3'><a class=\"ez-toc-link ez-toc-heading-5\" href=\"https:\/\/feminizationcenter.com\/es\/body-shaping-liposuction\/#b_Enhanced_Body_Proportions\" >b) Proporciones corporales mejoradas<\/a><\/li><li class='ez-toc-page-1 ez-toc-heading-level-3'><a class=\"ez-toc-link ez-toc-heading-6\" href=\"https:\/\/feminizationcenter.com\/es\/body-shaping-liposuction\/#c_Boost_in_Self-Confidence\" >c) Aumento de la confianza en uno mismo<\/a><\/li><\/ul><\/li><li class='ez-toc-page-1 ez-toc-heading-level-2'><a class=\"ez-toc-link ez-toc-heading-7\" href=\"https:\/\/feminizationcenter.com\/es\/body-shaping-liposuction\/#4_The_Body_Shaping_Liposuction_Procedure\" >4. El procedimiento de liposucci\u00f3n para moldear el cuerpo<\/a><\/li><li class='ez-toc-page-1 ez-toc-heading-level-2'><a class=\"ez-toc-link ez-toc-heading-8\" href=\"https:\/\/feminizationcenter.com\/es\/body-shaping-liposuction\/#5_Recovery_and_Aftercare\" >5. Recuperaci\u00f3n y cuidados posteriores<\/a><\/li><li class='ez-toc-page-1 ez-toc-heading-level-2'><a class=\"ez-toc-link ez-toc-heading-9\" href=\"https:\/\/feminizationcenter.com\/es\/body-shaping-liposuction\/#6_Results_and_Expectations\" >6. Resultados y expectativas<\/a><\/li><li class='ez-toc-page-1 ez-toc-heading-level-2'><a class=\"ez-toc-link ez-toc-heading-10\" href=\"https:\/\/feminizationcenter.com\/es\/body-shaping-liposuction\/#7_Is_Body_Shaping_Liposuction_Right_for_You\" >7. \u00bfEs la liposucci\u00f3n moldeadora del cuerpo adecuada para usted?<\/a><\/li><li class='ez-toc-page-1 ez-toc-heading-level-2'><a class=\"ez-toc-link ez-toc-heading-11\" href=\"https:\/\/feminizationcenter.com\/es\/body-shaping-liposuction\/#8_Frequently_Asked_Questions_FAQs\" >8. Preguntas frecuentes (FAQ)<\/a><ul class='ez-toc-list-level-3' ><li class='ez-toc-heading-level-3'><a class=\"ez-toc-link ez-toc-heading-12\" href=\"https:\/\/feminizationcenter.com\/es\/body-shaping-liposuction\/#Q1_How_long_does_the_recovery_process_take_after_body_shaping_liposuction\" >P1: \u00bfCu\u00e1nto tiempo lleva el proceso de recuperaci\u00f3n despu\u00e9s de la liposucci\u00f3n de modelado corporal?<\/a><\/li><li class='ez-toc-page-1 ez-toc-heading-level-3'><a class=\"ez-toc-link ez-toc-heading-13\" href=\"https:\/\/feminizationcenter.com\/es\/body-shaping-liposuction\/#Q2_Are_the_results_of_body_shaping_liposuction_permanent\" >P2: \u00bfSon permanentes los resultados de la liposucci\u00f3n moldeadora del cuerpo?<\/a><\/li><li class='ez-toc-page-1 ez-toc-heading-level-3'><a class=\"ez-toc-link ez-toc-heading-14\" href=\"https:\/\/feminizationcenter.com\/es\/body-shaping-liposuction\/#Q3_Are_there_any_risks_or_complications_associated_with_body_shaping_liposuction\" >P3: \u00bfExisten riesgos o complicaciones asociados con la liposucci\u00f3n para moldear el cuerpo?<\/a><\/li><li class='ez-toc-page-1 ez-toc-heading-level-3'><a class=\"ez-toc-link ez-toc-heading-15\" href=\"https:\/\/feminizationcenter.com\/es\/body-shaping-liposuction\/#Q4_Can_body_shaping_liposuction_help_with_cellulite\" >P4: \u00bfPuede la liposucci\u00f3n moldeadora del cuerpo ayudar con la celulitis?<\/a><\/li><li class='ez-toc-page-1 ez-toc-heading-level-3'><a class=\"ez-toc-link ez-toc-heading-16\" href=\"https:\/\/feminizationcenter.com\/es\/body-shaping-liposuction\/#Q5_Can_body_shaping_liposuction_be_combined_with_other_procedures\" >P5: \u00bfSe puede combinar la liposucci\u00f3n de modelado corporal con otros procedimientos?<\/a><\/li><\/ul><\/li><li class='ez-toc-page-1 ez-toc-heading-level-2'><a class=\"ez-toc-link ez-toc-heading-17\" href=\"https:\/\/feminizationcenter.com\/es\/body-shaping-liposuction\/#9_Conclusion\" >9. Conclusi\u00f3n<\/a><\/li><\/ul><\/nav><\/div>\n<h2><span class=\"ez-toc-section\" id=\"1_Introduction_Body_Shaping_Liposuction\"><\/span>1. Introducci\u00f3n: Liposucci\u00f3n moldeadora del cuerpo<span class=\"ez-toc-section-end\"><\/span><\/h2><p>En la sociedad actual, la apariencia juega un papel importante en c\u00f3mo nos percibimos a nosotros mismos y c\u00f3mo nos perciben los dem\u00e1s. Muchas personas luchan contra bolsas de grasa rebeldes que son resistentes a la dieta y al ejercicio. La liposucci\u00f3n moldeadora del cuerpo ofrece una soluci\u00f3n para abordar estas \u00e1reas y esculpir el cuerpo hasta darle una forma m\u00e1s deseable.<\/p><h2><span class=\"ez-toc-section\" id=\"2_Understanding_Body_Shaping_Liposuction\"><\/span>2. Comprender la liposucci\u00f3n para moldear el cuerpo<span class=\"ez-toc-section-end\"><\/span><\/h2><p>La liposucci\u00f3n de remodelaci\u00f3n corporal, tambi\u00e9n conocida como lipoescultura o simplemente liposucci\u00f3n, es un procedimiento quir\u00fargico dise\u00f1ado para eliminar el exceso de dep\u00f3sitos de grasa de \u00e1reas espec\u00edficas del cuerpo. Se realiza com\u00fanmente en \u00e1reas como abdomen, caderas, muslos, nalgas, brazos y cuello. La liposucci\u00f3n se puede realizar utilizando varias t\u00e9cnicas, incluida la liposucci\u00f3n tradicional, la liposucci\u00f3n asistida por ultrasonido (UAL) y la liposucci\u00f3n asistida por l\u00e1ser (LAL).<\/p><h2><span class=\"ez-toc-section\" id=\"3_Benefits_of_Body_Shaping_Liposuction\"><\/span>3. Beneficios de la liposucci\u00f3n moldeadora del cuerpo<span class=\"ez-toc-section-end\"><\/span><\/h2><p>La liposucci\u00f3n moldeadora del cuerpo ofrece varios beneficios para las personas que buscan mejorar el contorno de su cuerpo. Algunas ventajas clave incluyen:<\/p><h3><span class=\"ez-toc-section\" id=\"a_Targeted_Fat_Reduction\"><\/span>a) Reducci\u00f3n de grasa dirigida<span class=\"ez-toc-section-end\"><\/span><\/h3><p>La liposucci\u00f3n permite la eliminaci\u00f3n precisa de la grasa de \u00e1reas espec\u00edficas, lo que permite un enfoque m\u00e1s espec\u00edfico para moldear el cuerpo. Este procedimiento puede abordar los dep\u00f3sitos de grasa rebeldes que pueden ser resistentes a la dieta y al ejercicio, ayudando a lograr una figura m\u00e1s armoniosa y proporcionada.<\/p><h3><span class=\"ez-toc-section\" id=\"b_Enhanced_Body_Proportions\"><\/span>b) Proporciones corporales mejoradas<span class=\"ez-toc-section-end\"><\/span><\/h3><p>Al eliminar el exceso de grasa en ciertas \u00e1reas, la liposucci\u00f3n moldeadora del cuerpo puede ayudar a crear un f\u00edsico m\u00e1s equilibrado y proporcionado. Puede definir la cintura, esculpir el abdomen, contornear los muslos y crear una silueta m\u00e1s esbelta y estilizada.<\/p><h3><span class=\"ez-toc-section\" id=\"c_Boost_in_Self-Confidence\"><\/span>c) Aumento de la confianza en uno mismo<span class=\"ez-toc-section-end\"><\/span><\/h3><p>Lograr la forma corporal deseada puede aumentar significativamente la confianza en uno mismo y mejorar la imagen corporal general. La liposucci\u00f3n moldeadora del cuerpo puede brindar una sensaci\u00f3n de empoderamiento, ayudando a las personas a sentirse m\u00e1s c\u00f3modas y satisfechas con su apariencia.<\/p><h2><span class=\"ez-toc-section\" id=\"4_The_Body_Shaping_Liposuction_Procedure\"><\/span>4. El procedimiento de liposucci\u00f3n para moldear el cuerpo<span class=\"ez-toc-section-end\"><\/span><\/h2><p>Antes de someterse a una liposucci\u00f3n de remodelaci\u00f3n corporal, es fundamental consultar con un cirujano pl\u00e1stico calificado que evaluar\u00e1 su idoneidad para el procedimiento. El cirujano analizar\u00e1 sus objetivos y expectativas, examinar\u00e1 su anatom\u00eda y desarrollar\u00e1 un plan de tratamiento personalizado.<\/p><p>El d\u00eda del procedimiento, se le administrar\u00e1 anestesia local o general, seg\u00fan el alcance de la liposucci\u00f3n y la recomendaci\u00f3n de su cirujano. El cirujano har\u00e1 peque\u00f1as incisiones en las \u00e1reas objetivo e insertar\u00e1 un tubo delgado, llamado c\u00e1nula, para succionar el exceso de grasa. El cirujano esculpir\u00e1 y contornear\u00e1 cuidadosamente las \u00e1reas tratadas para lograr el resultado deseado.<\/p><h2><span class=\"ez-toc-section\" id=\"5_Recovery_and_Aftercare\"><\/span>5. Recuperaci\u00f3n y cuidados posteriores<span class=\"ez-toc-section-end\"><\/span><\/h2><p>Despu\u00e9s de la liposucci\u00f3n de modelado corporal, es fundamental seguir las instrucciones postoperatorias de su cirujano para una recuperaci\u00f3n sin problemas. Es posible que experimente hinchaz\u00f3n, hematomas y molestias leves, que pueden controlarse con medicamentos recetados. Es fundamental usar prendas de compresi\u00f3n seg\u00fan las indicaciones de su cirujano para minimizar la hinchaz\u00f3n y favorecer el proceso de curaci\u00f3n.<\/p><h2><span class=\"ez-toc-section\" id=\"6_Results_and_Expectations\"><\/span>6. Resultados y expectativas<span class=\"ez-toc-section-end\"><\/span><\/h2><p>Los resultados finales de la liposucci\u00f3n moldeadora del cuerpo se vuelven m\u00e1s evidentes a medida que disminuye la hinchaz\u00f3n. Notar\u00e1s una apariencia m\u00e1s afinada y contorneada en las zonas tratadas. Es importante mantener un estilo de vida saludable, incluido ejercicio regular y una dieta equilibrada, para maximizar y mantener los resultados del procedimiento.<\/p><h2><span class=\"ez-toc-section\" id=\"7_Is_Body_Shaping_Liposuction_Right_for_You\"><\/span>7. \u00bfEs la liposucci\u00f3n moldeadora del cuerpo adecuada para usted?<span class=\"ez-toc-section-end\"><\/span><\/h2><p>La liposucci\u00f3n para moldear el cuerpo es una decisi\u00f3n personal que debe tomarse despu\u00e9s de una cuidadosa consideraci\u00f3n. Es fundamental tener expectativas realistas y comprender las limitaciones del procedimiento. La liposucci\u00f3n no es un sustituto de la p\u00e9rdida de peso ni una soluci\u00f3n para la obesidad. Los candidatos ideales para la liposucci\u00f3n moldeadora del cuerpo son personas que:<\/p><ul><li>Tener \u00e1reas localizadas de exceso de grasa.<\/li><li>Gozan de buena salud en general.<\/li><li>Tener un peso corporal estable<\/li><li>Tener expectativas realistas<\/li><\/ul><p>Consultar con un cirujano pl\u00e1stico certificado le ayudar\u00e1 a determinar si la liposucci\u00f3n moldeadora del cuerpo es adecuada para usted.<\/p><h2><span class=\"ez-toc-section\" id=\"8_Frequently_Asked_Questions_FAQs\"><\/span>8. Preguntas frecuentes (FAQ)<span class=\"ez-toc-section-end\"><\/span><\/h2><h3><span class=\"ez-toc-section\" id=\"Q1_How_long_does_the_recovery_process_take_after_body_shaping_liposuction\"><\/span>P1: \u00bfCu\u00e1nto tiempo lleva el proceso de recuperaci\u00f3n despu\u00e9s de la liposucci\u00f3n de modelado corporal?<span class=\"ez-toc-section-end\"><\/span><\/h3><p>R1: El tiempo de recuperaci\u00f3n var\u00eda de un individuo a otro, pero normalmente oscila entre unos pocos d\u00edas y algunas semanas. Es importante seguir las instrucciones postoperatorias de su cirujano para un proceso de curaci\u00f3n sin problemas.<\/p><h3><span class=\"ez-toc-section\" id=\"Q2_Are_the_results_of_body_shaping_liposuction_permanent\"><\/span>P2: \u00bfSon permanentes los resultados de la liposucci\u00f3n moldeadora del cuerpo?<span class=\"ez-toc-section-end\"><\/span><\/h3><p>R2: Las c\u00e9lulas grasas extra\u00eddas durante la liposucci\u00f3n no se regeneran. Sin embargo, es importante mantener un estilo de vida saludable para evitar que las c\u00e9lulas grasas restantes aumenten de tama\u00f1o. Con un mantenimiento adecuado, los resultados de la liposucci\u00f3n moldeadora del cuerpo pueden ser duraderos.<\/p><h3><span class=\"ez-toc-section\" id=\"Q3_Are_there_any_risks_or_complications_associated_with_body_shaping_liposuction\"><\/span>P3: \u00bfExisten riesgos o complicaciones asociados con la liposucci\u00f3n para moldear el cuerpo?<span class=\"ez-toc-section-end\"><\/span><\/h3><p>R3: Como ocurre con cualquier procedimiento quir\u00fargico, existen riesgos. Las posibles complicaciones pueden incluir infecci\u00f3n, sangrado, irregularidades del contorno y acumulaci\u00f3n de l\u00edquido. Elegir un cirujano pl\u00e1stico calificado y con experiencia puede minimizar estos riesgos.<\/p><h3><span class=\"ez-toc-section\" id=\"Q4_Can_body_shaping_liposuction_help_with_cellulite\"><\/span>P4: \u00bfPuede la liposucci\u00f3n moldeadora del cuerpo ayudar con la celulitis?<span class=\"ez-toc-section-end\"><\/span><\/h3><p>R4: La liposucci\u00f3n se dirige principalmente al exceso de dep\u00f3sitos de grasa y no est\u00e1 dise\u00f1ada para tratar la celulitis. Sin embargo, en algunos casos, la liposucci\u00f3n puede mejorar la apariencia de la celulitis al reducir el volumen de grasa en las \u00e1reas tratadas.<\/p><h3><span class=\"ez-toc-section\" id=\"Q5_Can_body_shaping_liposuction_be_combined_with_other_procedures\"><\/span>P5: \u00bfSe puede combinar la liposucci\u00f3n de modelado corporal con otros procedimientos?<span class=\"ez-toc-section-end\"><\/span><\/h3><p>R5: S\u00ed, la liposucci\u00f3n moldeadora del cuerpo se puede combinar con otros procedimientos cosm\u00e9ticos como abdominoplastia, <a href=\"https:\/\/feminizationcenter.com\/es\/cirugia-superior-aumento-de-senos-trans\/\">aumento de senos<\/a>, o levantamiento corporal para lograr un contorno corporal integral y mejorar los resultados generales.<\/p><h2><span class=\"ez-toc-section\" id=\"9_Conclusion\"><\/span>9. Conclusi\u00f3n<span class=\"ez-toc-section-end\"><\/span><\/h2><p>La liposucci\u00f3n de modelado corporal es un procedimiento transformador que ofrece a las personas la oportunidad de esculpir sus cuerpos y lograr una figura m\u00e1s proporcionada. Al eliminar selectivamente el exceso de dep\u00f3sitos de grasa, este procedimiento puede mejorar el contorno del cuerpo y aumentar la confianza en uno mismo. Si est\u00e1 considerando una liposucci\u00f3n para moldear el cuerpo, consulte con un cirujano pl\u00e1stico calificado para explorar sus opciones y determinar si este procedimiento es adecuado para usted.<\/p>\t\t\t\t\t\t\t\t<\/div>\n\t\t\t\t<\/div>\n\t\t\t\t\t<\/div>\n\t\t<\/div>\n\t\t\t\t\t<\/div>\n\t\t<\/section>\n\t\t\t\t<\/div>","protected":false},"excerpt":{"rendered":"<p>Are you looking to enhance your body contours and achieve a more sculpted figure? Body shaping liposuction could be the answer you&#8217;ve been seeking. This popular cosmetic procedure offers a safe and effective way to remove stubborn fat deposits and achieve a more proportionate and toned appearance. In this article, we will explore the ins [&hellip;]<\/p>\n","protected":false},"author":1,"featured_media":0,"parent":0,"menu_order":0,"comment_status":"closed","ping_status":"closed","template":"","meta":{"site-sidebar-layout":"no-sidebar","site-content-layout":"page-builder","ast-site-content-layout":"default","site-content-style":"default","site-sidebar-style":"default","ast-global-header-display":"","ast-banner-title-visibility":"","ast-main-header-display":"","ast-hfb-above-header-display":"","ast-hfb-below-header-display":"","ast-hfb-mobile-header-display":"","site-post-title":"disabled","ast-breadcrumbs-content":"","ast-featured-img":"disabled","footer-sml-layout":"","ast-disable-related-posts":"","theme-transparent-header-meta":"","adv-header-id-meta":"","stick-header-meta":"","header-above-stick-meta":"","header-main-stick-meta":"","header-below-stick-meta":"","astra-migrate-meta-layouts":"default","ast-page-background-enabled":"default","ast-page-background-meta":{"desktop":{"background-color":"var(--ast-global-color-4)","background-image":"","background-repeat":"repeat","background-position":"center center","background-size":"auto","background-attachment":"scroll","background-type":"","background-media":"","overlay-type":"","overlay-color":"","overlay-opacity":"","overlay-gradient":""},"tablet":{"background-color":"","background-image":"","background-repeat":"repeat","background-position":"center center","background-size":"auto","background-attachment":"scroll","background-type":"","background-media":"","overlay-type":"","overlay-color":"","overlay-opacity":"","overlay-gradient":""},"mobile":{"background-color":"","background-image":"","background-repeat":"repeat","background-position":"center center","background-size":"auto","background-attachment":"scroll","background-type":"","background-media":"","overlay-type":"","overlay-color":"","overlay-opacity":"","overlay-gradient":""}},"ast-content-background-meta":{"desktop":{"background-color":"var(--ast-global-color-5)","background-image":"","background-repeat":"repeat","background-position":"center center","background-size":"auto","background-attachment":"scroll","background-type":"","background-media":"","overlay-type":"","overlay-color":"","overlay-opacity":"","overlay-gradient":""},"tablet":{"background-color":"var(--ast-global-color-5)","background-image":"","background-repeat":"repeat","background-position":"center center","background-size":"auto","background-attachment":"scroll","background-type":"","background-media":"","overlay-type":"","overlay-color":"","overlay-opacity":"","overlay-gradient":""},"mobile":{"background-color":"var(--ast-global-color-5)","background-image":"","background-repeat":"repeat","background-position":"center center","background-size":"auto","background-attachment":"scroll","background-type":"","background-media":"","overlay-type":"","overlay-color":"","overlay-opacity":"","overlay-gradient":""}},"footnotes":""},"class_list":["post-687","page","type-page","status-publish","hentry"],"_links":{"self":[{"href":"https:\/\/feminizationcenter.com\/es\/wp-json\/wp\/v2\/pages\/687","targetHints":{"allow":["GET"]}}],"collection":[{"href":"https:\/\/feminizationcenter.com\/es\/wp-json\/wp\/v2\/pages"}],"about":[{"href":"https:\/\/feminizationcenter.com\/es\/wp-json\/wp\/v2\/types\/page"}],"author":[{"embeddable":true,"href":"https:\/\/feminizationcenter.com\/es\/wp-json\/wp\/v2\/users\/1"}],"replies":[{"embeddable":true,"href":"https:\/\/feminizationcenter.com\/es\/wp-json\/wp\/v2\/comments?post=687"}],"version-history":[{"count":0,"href":"https:\/\/feminizationcenter.com\/es\/wp-json\/wp\/v2\/pages\/687\/revisions"}],"wp:attachment":[{"href":"https:\/\/feminizationcenter.com\/es\/wp-json\/wp\/v2\/media?parent=687"}],"curies":[{"name":"gracias","href":"https:\/\/api.w.org\/{rel}","templated":true}]}}