{"id":612,"date":"2023-07-03T20:44:18","date_gmt":"2023-07-03T20:44:18","guid":{"rendered":"https:\/\/feminizationcenter.com\/?page_id=612"},"modified":"2023-07-03T20:47:42","modified_gmt":"2023-07-03T20:47:42","slug":"blefaroplastia-cirugia-de-parpados","status":"publish","type":"page","link":"https:\/\/feminizationcenter.com\/es\/eyelid-surgery-blepharoplasty\/","title":{"rendered":"Cirug\u00eda de P\u00e1rpados (Blefaroplastia)"},"content":{"rendered":"<div data-elementor-type=\"wp-page\" data-elementor-id=\"612\" class=\"elementor elementor-612\">\n\t\t\t\t\t\t<section class=\"elementor-section elementor-top-section elementor-element elementor-element-76b6fe1 elementor-section-boxed elementor-section-height-default elementor-section-height-default\" data-id=\"76b6fe1\" data-element_type=\"section\" data-e-type=\"section\">\n\t\t\t\t\t\t<div class=\"elementor-container elementor-column-gap-default\">\n\t\t\t\t\t<div class=\"elementor-column elementor-col-100 elementor-top-column elementor-element elementor-element-dc12f11\" data-id=\"dc12f11\" data-element_type=\"column\" data-e-type=\"column\">\n\t\t\t<div class=\"elementor-widget-wrap elementor-element-populated\">\n\t\t\t\t\t\t<div class=\"elementor-element elementor-element-9cf0d03 elementor-widget elementor-widget-text-editor\" data-id=\"9cf0d03\" data-element_type=\"widget\" data-e-type=\"widget\" data-widget_type=\"text-editor.default\">\n\t\t\t\t<div class=\"elementor-widget-container\">\n\t\t\t\t\t\t\t\t\t<p>La cirug\u00eda de p\u00e1rpados, tambi\u00e9n conocida como blefaroplastia, es un procedimiento cosm\u00e9tico que consiste en la eliminaci\u00f3n del exceso de piel y grasa de los p\u00e1rpados. Esta intervenci\u00f3n quir\u00fargica tiene como objetivo mejorar la apariencia de los ojos abordando problemas como p\u00e1rpados ca\u00eddos, bolsas debajo de los ojos e hinchaz\u00f3n. Adem\u00e1s de sus beneficios est\u00e9ticos, la cirug\u00eda de p\u00e1rpados tambi\u00e9n puede proporcionar mejoras funcionales al mejorar la visi\u00f3n en los casos en que los p\u00e1rpados ca\u00eddos obstruyen la l\u00ednea de visi\u00f3n. Este art\u00edculo explorar\u00e1 los diversos aspectos de la cirug\u00eda de p\u00e1rpados, incluido el procedimiento en s\u00ed, el proceso de recuperaci\u00f3n, los riesgos potenciales y los beneficios.<\/p><div id=\"ez-toc-container\" class=\"ez-toc-v2_0_82_2 counter-hierarchy ez-toc-counter ez-toc-transparent ez-toc-container-direction\">\n<div class=\"ez-toc-title-container\">\n<p class=\"ez-toc-title\" style=\"cursor:inherit\">Tabla de contenido<\/p>\n<span class=\"ez-toc-title-toggle\"><\/span><\/div>\n<nav><ul class='ez-toc-list ez-toc-list-level-1' ><li class='ez-toc-page-1 ez-toc-heading-level-2'><a class=\"ez-toc-link ez-toc-heading-1\" href=\"https:\/\/feminizationcenter.com\/es\/eyelid-surgery-blepharoplasty\/#Understanding_Eyelid_Surgery\" >Comprender la cirug\u00eda de p\u00e1rpados<\/a><ul class='ez-toc-list-level-3' ><li class='ez-toc-heading-level-3'><a class=\"ez-toc-link ez-toc-heading-2\" href=\"https:\/\/feminizationcenter.com\/es\/eyelid-surgery-blepharoplasty\/#What_is_Blepharoplasty\" >\u00bfQu\u00e9 es la blefaroplastia?<\/a><\/li><li class='ez-toc-page-1 ez-toc-heading-level-3'><a class=\"ez-toc-link ez-toc-heading-3\" href=\"https:\/\/feminizationcenter.com\/es\/eyelid-surgery-blepharoplasty\/#Candidates_for_Eyelid_Surgery\" >Candidatos para la cirug\u00eda de p\u00e1rpados<\/a><\/li><\/ul><\/li><li class='ez-toc-page-1 ez-toc-heading-level-2'><a class=\"ez-toc-link ez-toc-heading-4\" href=\"https:\/\/feminizationcenter.com\/es\/eyelid-surgery-blepharoplasty\/#The_Eyelid_Surgery_Procedure\" >El procedimiento de cirug\u00eda de p\u00e1rpados<\/a><ul class='ez-toc-list-level-3' ><li class='ez-toc-heading-level-3'><a class=\"ez-toc-link ez-toc-heading-5\" href=\"https:\/\/feminizationcenter.com\/es\/eyelid-surgery-blepharoplasty\/#Consultation_and_Preparations\" >Consulta y preparativos<\/a><\/li><li class='ez-toc-page-1 ez-toc-heading-level-3'><a class=\"ez-toc-link ez-toc-heading-6\" href=\"https:\/\/feminizationcenter.com\/es\/eyelid-surgery-blepharoplasty\/#Anesthesia_and_Incisions\" >Anestesia e incisiones<\/a><\/li><li class='ez-toc-page-1 ez-toc-heading-level-3'><a class=\"ez-toc-link ez-toc-heading-7\" href=\"https:\/\/feminizationcenter.com\/es\/eyelid-surgery-blepharoplasty\/#Removal_of_Excess_Tissue_and_Tightening\" >Eliminaci\u00f3n del exceso de tejido y ajuste<\/a><\/li><li class='ez-toc-page-1 ez-toc-heading-level-3'><a class=\"ez-toc-link ez-toc-heading-8\" href=\"https:\/\/feminizationcenter.com\/es\/eyelid-surgery-blepharoplasty\/#Incision_Closure_and_Recovery\" >Cierre y recuperaci\u00f3n de la incisi\u00f3n<\/a><\/li><\/ul><\/li><li class='ez-toc-page-1 ez-toc-heading-level-2'><a class=\"ez-toc-link ez-toc-heading-9\" href=\"https:\/\/feminizationcenter.com\/es\/eyelid-surgery-blepharoplasty\/#Recovery_and_Results\" >Recuperaci\u00f3n y Resultados<\/a><ul class='ez-toc-list-level-3' ><li class='ez-toc-heading-level-3'><a class=\"ez-toc-link ez-toc-heading-10\" href=\"https:\/\/feminizationcenter.com\/es\/eyelid-surgery-blepharoplasty\/#Healing_Process\" >Proceso curativo<\/a><\/li><li class='ez-toc-page-1 ez-toc-heading-level-3'><a class=\"ez-toc-link ez-toc-heading-11\" href=\"https:\/\/feminizationcenter.com\/es\/eyelid-surgery-blepharoplasty\/#Long-Term_Results\" >Resultados a largo plazo<\/a><\/li><\/ul><\/li><li class='ez-toc-page-1 ez-toc-heading-level-2'><a class=\"ez-toc-link ez-toc-heading-12\" href=\"https:\/\/feminizationcenter.com\/es\/eyelid-surgery-blepharoplasty\/#Potential_Risks_and_Complications\" >Riesgos y complicaciones potenciales<\/a><\/li><li class='ez-toc-page-1 ez-toc-heading-level-2'><a class=\"ez-toc-link ez-toc-heading-13\" href=\"https:\/\/feminizationcenter.com\/es\/eyelid-surgery-blepharoplasty\/#Frequently_Asked_Questions_FAQs\" >Preguntas frecuentes (FAQ)<\/a><\/li><li class='ez-toc-page-1 ez-toc-heading-level-2'><a class=\"ez-toc-link ez-toc-heading-14\" href=\"https:\/\/feminizationcenter.com\/es\/eyelid-surgery-blepharoplasty\/#Conclusion\" >Conclusi\u00f3n<\/a><\/li><\/ul><\/nav><\/div>\n<h2><span class=\"ez-toc-section\" id=\"Understanding_Eyelid_Surgery\"><\/span>Comprender la cirug\u00eda de p\u00e1rpados<span class=\"ez-toc-section-end\"><\/span><\/h2><h3><span class=\"ez-toc-section\" id=\"What_is_Blepharoplasty\"><\/span>\u00bfQu\u00e9 es la blefaroplastia?<span class=\"ez-toc-section-end\"><\/span><\/h3><p>La blefaroplastia es un procedimiento quir\u00fargico dise\u00f1ado para corregir problemas est\u00e9ticos y funcionales relacionados con los p\u00e1rpados. La cirug\u00eda se puede realizar en los p\u00e1rpados superiores, inferiores o ambos, dependiendo de las necesidades del paciente. Implica eliminar el exceso de piel, tensar los m\u00fasculos subyacentes y reposicionar o eliminar los dep\u00f3sitos de grasa para lograr una apariencia m\u00e1s joven y rejuvenecida.<\/p><h3><span class=\"ez-toc-section\" id=\"Candidates_for_Eyelid_Surgery\"><\/span>Candidatos para la cirug\u00eda de p\u00e1rpados<span class=\"ez-toc-section-end\"><\/span><\/h3><p>La cirug\u00eda de p\u00e1rpados es adecuada para personas que tienen inquietudes como:<\/p><ol><li>Exceso de piel en los p\u00e1rpados superiores que crea una apariencia encapuchada.<\/li><li>Piel fl\u00e1cida o fl\u00e1cida que afecta la visi\u00f3n perif\u00e9rica.<\/li><li>Bolsas debajo de los ojos por dep\u00f3sitos de grasa.<\/li><li>P\u00e1rpados hinchados o hinchados que hacen que los ojos parezcan cansados o envejecidos.<\/li><\/ol><h2><span class=\"ez-toc-section\" id=\"The_Eyelid_Surgery_Procedure\"><\/span>El procedimiento de cirug\u00eda de p\u00e1rpados<span class=\"ez-toc-section-end\"><\/span><\/h2><h3><span class=\"ez-toc-section\" id=\"Consultation_and_Preparations\"><\/span>Consulta y preparativos<span class=\"ez-toc-section-end\"><\/span><\/h3><p>Antes de someterse a una cirug\u00eda de p\u00e1rpados, los pacientes deben consultar con un cirujano pl\u00e1stico calificado. Durante esta consulta, el cirujano evaluar\u00e1 la salud general del paciente, discutir\u00e1 sus expectativas y explicar\u00e1 el procedimiento en detalle. Tambi\u00e9n se proporcionar\u00e1n instrucciones preoperatorias, como evitar ciertos medicamentos o fumar, para garantizar resultados quir\u00fargicos \u00f3ptimos.<\/p><h3><span class=\"ez-toc-section\" id=\"Anesthesia_and_Incisions\"><\/span>Anestesia e incisiones<span class=\"ez-toc-section-end\"><\/span><\/h3><p>La cirug\u00eda de p\u00e1rpados generalmente se realiza bajo anestesia local con sedaci\u00f3n o anestesia general. La elecci\u00f3n de la anestesia depende de las preferencias del paciente y de la recomendaci\u00f3n del cirujano. El cirujano crear\u00e1 incisiones discretas a lo largo de los pliegues naturales de los p\u00e1rpados, lo que permitir\u00e1 dejar cicatrices m\u00ednimas.<\/p><h3><span class=\"ez-toc-section\" id=\"Removal_of_Excess_Tissue_and_Tightening\"><\/span>Eliminaci\u00f3n del exceso de tejido y ajuste<span class=\"ez-toc-section-end\"><\/span><\/h3><p>En la cirug\u00eda del p\u00e1rpado superior, el cirujano eliminar\u00e1 el exceso de piel y, si es necesario, reposicionar\u00e1 o eliminar\u00e1 los dep\u00f3sitos de grasa para restaurar un contorno m\u00e1s juvenil. Los m\u00fasculos subyacentes tambi\u00e9n se pueden tensar para mejorar la funci\u00f3n del p\u00e1rpado. La cirug\u00eda de p\u00e1rpados inferiores implica la eliminaci\u00f3n o redistribuci\u00f3n de la grasa y el exceso de piel para eliminar las bolsas y la hinchaz\u00f3n debajo de los ojos.<\/p><h3><span class=\"ez-toc-section\" id=\"Incision_Closure_and_Recovery\"><\/span>Cierre y recuperaci\u00f3n de la incisi\u00f3n<span class=\"ez-toc-section-end\"><\/span><\/h3><p>Despu\u00e9s de completar los ajustes necesarios, el cirujano cerrar\u00e1 meticulosamente las incisiones utilizando suturas o adhesivo quir\u00fargico. Se pueden aplicar compresas fr\u00edas y ung\u00fcentos lubricantes en los ojos para minimizar la hinchaz\u00f3n y el malestar. Los pacientes recibir\u00e1n instrucciones detalladas sobre cuidados posoperatorios, incluida informaci\u00f3n sobre medicamentos, cuidado de heridas y citas de seguimiento.<\/p><h2><span class=\"ez-toc-section\" id=\"Recovery_and_Results\"><\/span>Recuperaci\u00f3n y Resultados<span class=\"ez-toc-section-end\"><\/span><\/h2><h3><span class=\"ez-toc-section\" id=\"Healing_Process\"><\/span>Proceso curativo<span class=\"ez-toc-section-end\"><\/span><\/h3><p>Despu\u00e9s de la cirug\u00eda de p\u00e1rpados, los pacientes pueden esperar algo de hinchaz\u00f3n, hematomas y molestias leves, que pueden controlarse con analg\u00e9sicos recetados. Es fundamental mantener la cabeza elevada, evitar actividades extenuantes y proteger los ojos de la exposici\u00f3n solar durante la fase inicial de recuperaci\u00f3n. La mayor parte de la hinchaz\u00f3n y los hematomas deber\u00edan desaparecer en dos semanas y los pacientes pueden reanudar gradualmente sus actividades normales.<\/p><h3><span class=\"ez-toc-section\" id=\"Long-Term_Results\"><\/span>Resultados a largo plazo<span class=\"ez-toc-section-end\"><\/span><\/h3><p>Los efectos completos de la cirug\u00eda de p\u00e1rpados se vuelven evidentes a medida que avanza el proceso de curaci\u00f3n. Los pacientes notar\u00e1n una mejora significativa en el aspecto de sus p\u00e1rpados, con una mirada m\u00e1s joven y rejuvenecida. Los resultados de la cirug\u00eda de p\u00e1rpados son duraderos, pero es importante recordar que el proceso natural de envejecimiento continuar\u00e1. Mantener un estilo de vida saludable y una rutina de cuidado de la piel puede ayudar a preservar los resultados del procedimiento durante un per\u00edodo prolongado.<\/p><h2><span class=\"ez-toc-section\" id=\"Potential_Risks_and_Complications\"><\/span>Riesgos y complicaciones potenciales<span class=\"ez-toc-section-end\"><\/span><\/h2><p>Como ocurre con cualquier procedimiento quir\u00fargico, existen ciertos riesgos asociados con la cirug\u00eda de p\u00e1rpados. Es fundamental ser consciente de estas posibles complicaciones, aunque son relativamente raras. Algunos riesgos pueden incluir:<\/p><ol><li>Visi\u00f3n borrosa temporal.<\/li><li>Sequedad o irritaci\u00f3n en los ojos.<\/li><li>Dificultad para cerrar los ojos por completo.<\/li><li>Cicatrizaci\u00f3n.<\/li><li>Infecci\u00f3n.<\/li><li>Reacci\u00f3n adversa a la anestesia.<\/li><li>Cambios en la sensaci\u00f3n.<\/li><\/ol><h2><span class=\"ez-toc-section\" id=\"Frequently_Asked_Questions_FAQs\"><\/span>Preguntas frecuentes (FAQ)<span class=\"ez-toc-section-end\"><\/span><\/h2><ol><li><p><strong>\u00bfEs dolorosa la cirug\u00eda de p\u00e1rpados?<\/strong> La cirug\u00eda de p\u00e1rpados se realiza bajo anestesia, por lo que los pacientes normalmente experimentan poca o ninguna molestia durante el procedimiento. Despu\u00e9s de la cirug\u00eda, el dolor o la molestia leve se pueden controlar con analg\u00e9sicos recetados.<\/p><\/li><li><p><strong>\u00bfCu\u00e1nto tiempo se tarda en recuperarse de una cirug\u00eda de p\u00e1rpados?<\/strong> El per\u00edodo de recuperaci\u00f3n var\u00eda de un paciente a otro, pero la mayor\u00eda de las personas pueden esperar reanudar sus actividades normales dentro de 7 a 10 d\u00edas. La recuperaci\u00f3n completa y los resultados finales pueden tardar varias semanas o meses.<\/p><\/li><li><p><strong>\u00bfQuedar\u00e1n cicatrices visibles despu\u00e9s de la cirug\u00eda de p\u00e1rpados?<\/strong> Las incisiones realizadas durante la cirug\u00eda de p\u00e1rpados se colocan estrat\u00e9gicamente a lo largo de los pliegues naturales de los p\u00e1rpados para minimizar las cicatrices. Con el cuidado y la curaci\u00f3n adecuados, las cicatrices se desvanecer\u00e1n y se volver\u00e1n menos notorias con el tiempo.<\/p><\/li><li><p><strong>\u00bfPuede la cirug\u00eda de p\u00e1rpados corregir los problemas de visi\u00f3n?<\/strong> En los casos en que los p\u00e1rpados ca\u00eddos obstruyen la l\u00ednea de visi\u00f3n, la cirug\u00eda de p\u00e1rpados puede mejorar la visi\u00f3n eliminando el exceso de piel y tejido que dificulta la visi\u00f3n perif\u00e9rica.<\/p><\/li><li><p><strong>\u00bfLos resultados de la cirug\u00eda de p\u00e1rpados son permanentes?<\/strong> Si bien la cirug\u00eda de p\u00e1rpados proporciona resultados duraderos, no detiene el proceso natural de envejecimiento. Factores como la gen\u00e9tica, el estilo de vida y las rutinas de cuidado de la piel pueden influir en la longevidad de los resultados.<\/p><\/li><\/ol><h2><span class=\"ez-toc-section\" id=\"Conclusion\"><\/span>Conclusi\u00f3n<span class=\"ez-toc-section-end\"><\/span><\/h2><p>La cirug\u00eda de p\u00e1rpados, o blefaroplastia, es un procedimiento quir\u00fargico que ofrece mejoras tanto est\u00e9ticas como funcionales a los ojos. Al abordar preocupaciones como los p\u00e1rpados ca\u00eddos, las bolsas debajo de los ojos y la hinchaz\u00f3n, la cirug\u00eda de p\u00e1rpados puede ayudar a las personas a lograr una apariencia m\u00e1s juvenil y renovada. El procedimiento implica eliminar el exceso de piel y grasa, tensar los m\u00fasculos y reposicionar los tejidos para lograr resultados \u00f3ptimos. Aunque existen riesgos potenciales asociados con la cirug\u00eda, generalmente son poco comunes y pueden minimizarse eligiendo un cirujano pl\u00e1stico calificado. Con el cuidado posoperatorio adecuado y el cumplimiento de las instrucciones de recuperaci\u00f3n, los pacientes pueden esperar disfrutar de los beneficios duraderos de la cirug\u00eda de p\u00e1rpados.<\/p>\t\t\t\t\t\t\t\t<\/div>\n\t\t\t\t<\/div>\n\t\t\t\t\t<\/div>\n\t\t<\/div>\n\t\t\t\t\t<\/div>\n\t\t<\/section>\n\t\t\t\t<\/div>","protected":false},"excerpt":{"rendered":"<p>Eyelid surgery, also known as blepharoplasty, is a cosmetic procedure that involves the removal of excess skin and fat from the eyelids. This surgical intervention aims to improve the appearance of the eyes by addressing issues such as droopy eyelids, under-eye bags, and puffiness. In addition to its aesthetic benefits, eyelid surgery can also provide [&hellip;]<\/p>\n","protected":false},"author":1,"featured_media":0,"parent":0,"menu_order":0,"comment_status":"closed","ping_status":"closed","template":"","meta":{"site-sidebar-layout":"no-sidebar","site-content-layout":"page-builder","ast-site-content-layout":"default","site-content-style":"default","site-sidebar-style":"default","ast-global-header-display":"","ast-banner-title-visibility":"","ast-main-header-display":"","ast-hfb-above-header-display":"","ast-hfb-below-header-display":"","ast-hfb-mobile-header-display":"","site-post-title":"disabled","ast-breadcrumbs-content":"","ast-featured-img":"disabled","footer-sml-layout":"","ast-disable-related-posts":"","theme-transparent-header-meta":"","adv-header-id-meta":"","stick-header-meta":"","header-above-stick-meta":"","header-main-stick-meta":"","header-below-stick-meta":"","astra-migrate-meta-layouts":"default","ast-page-background-enabled":"default","ast-page-background-meta":{"desktop":{"background-color":"var(--ast-global-color-4)","background-image":"","background-repeat":"repeat","background-position":"center center","background-size":"auto","background-attachment":"scroll","background-type":"","background-media":"","overlay-type":"","overlay-color":"","overlay-opacity":"","overlay-gradient":""},"tablet":{"background-color":"","background-image":"","background-repeat":"repeat","background-position":"center center","background-size":"auto","background-attachment":"scroll","background-type":"","background-media":"","overlay-type":"","overlay-color":"","overlay-opacity":"","overlay-gradient":""},"mobile":{"background-color":"","background-image":"","background-repeat":"repeat","background-position":"center center","background-size":"auto","background-attachment":"scroll","background-type":"","background-media":"","overlay-type":"","overlay-color":"","overlay-opacity":"","overlay-gradient":""}},"ast-content-background-meta":{"desktop":{"background-color":"var(--ast-global-color-5)","background-image":"","background-repeat":"repeat","background-position":"center center","background-size":"auto","background-attachment":"scroll","background-type":"","background-media":"","overlay-type":"","overlay-color":"","overlay-opacity":"","overlay-gradient":""},"tablet":{"background-color":"var(--ast-global-color-5)","background-image":"","background-repeat":"repeat","background-position":"center center","background-size":"auto","background-attachment":"scroll","background-type":"","background-media":"","overlay-type":"","overlay-color":"","overlay-opacity":"","overlay-gradient":""},"mobile":{"background-color":"var(--ast-global-color-5)","background-image":"","background-repeat":"repeat","background-position":"center center","background-size":"auto","background-attachment":"scroll","background-type":"","background-media":"","overlay-type":"","overlay-color":"","overlay-opacity":"","overlay-gradient":""}},"footnotes":""},"class_list":["post-612","page","type-page","status-publish","hentry"],"_links":{"self":[{"href":"https:\/\/feminizationcenter.com\/es\/wp-json\/wp\/v2\/pages\/612","targetHints":{"allow":["GET"]}}],"collection":[{"href":"https:\/\/feminizationcenter.com\/es\/wp-json\/wp\/v2\/pages"}],"about":[{"href":"https:\/\/feminizationcenter.com\/es\/wp-json\/wp\/v2\/types\/page"}],"author":[{"embeddable":true,"href":"https:\/\/feminizationcenter.com\/es\/wp-json\/wp\/v2\/users\/1"}],"replies":[{"embeddable":true,"href":"https:\/\/feminizationcenter.com\/es\/wp-json\/wp\/v2\/comments?post=612"}],"version-history":[{"count":0,"href":"https:\/\/feminizationcenter.com\/es\/wp-json\/wp\/v2\/pages\/612\/revisions"}],"wp:attachment":[{"href":"https:\/\/feminizationcenter.com\/es\/wp-json\/wp\/v2\/media?parent=612"}],"curies":[{"name":"gracias","href":"https:\/\/api.w.org\/{rel}","templated":true}]}}