{"id":3,"date":"2023-07-02T09:09:36","date_gmt":"2023-07-02T09:09:36","guid":{"rendered":"http:\/\/www.feminizationcenter.com\/?page_id=3"},"modified":"2023-07-04T16:18:04","modified_gmt":"2023-07-04T16:18:04","slug":"politica-de-privacidad","status":"publish","type":"page","link":"https:\/\/feminizationcenter.com\/es\/privacy-policy\/","title":{"rendered":"pol\u00edtica de privacidad"},"content":{"rendered":"<p>\u00daltima actualizaci\u00f3n: 07\/04\/2023<\/p>\n\n\n\n<p>Su seguridad es importante para nosotros. Por este motivo, tus datos personales que compartir\u00e1s con nosotros est\u00e1n sensiblemente protegidos.<\/p>\n\n\n\n<p>Nosotros, Centro de Feminizaci\u00f3n, como responsable del tratamiento, con esta pol\u00edtica de privacidad y protecci\u00f3n de datos personales, qu\u00e9 datos personales ser\u00e1n procesados con qu\u00e9 finalidad, con qui\u00e9n y por qu\u00e9 se pueden compartir los datos procesados, con nuestro m\u00e9todo de procesamiento de datos y razones legales; cu\u00e1les son sus derechos con respecto a sus datos procesados Nuestro objetivo es informarle.<\/p>\n\n\n\n<h2 class=\"wp-block-heading\">Sus datos personales recopilados, m\u00e9todo de recopilaci\u00f3n y motivo legal<\/h2>\n\n\n\n<p>Su direcci\u00f3n IP y la informaci\u00f3n del agente de usuario solo se utilizan para an\u00e1lisis y cookies, etc., tecnolog\u00edas automatizadas o no automatizadas y, a veces, proveedores de an\u00e1lisis, obtenidos de terceros, como redes publicitarias, proveedores de informaci\u00f3n de b\u00fasqueda, proveedores de tecnolog\u00eda, mediante el registro, almacenamiento y La actualizaci\u00f3n, dentro y durante el servicio y la relaci\u00f3n contractual entre nosotros, se procesar\u00e1 sobre la base de la condici\u00f3n de procesamiento del inter\u00e9s leg\u00edtimo.<\/p>\n\n\n\n<h2 class=\"wp-block-heading\">La finalidad del tratamiento de sus datos personales<\/h2>\n\n\n\n<p>Sus datos personales que comparte con nosotros \u00fanicamente mediante an\u00e1lisis; los servicios que ofrecemos para cumplir con los requisitos de la mejor manera, para garantizar que usted pueda acceder a estos servicios. y para garantizar el m\u00e1ximo beneficio, nuestros servicios se adaptan a sus necesidades para desarrollarlo e involucrarlo con proveedores de servicios m\u00e1s amplios dentro de los marcos legales. y obligaciones legales (compartir datos personales con autoridades judiciales y administrativas previa solicitud) durante la contrataci\u00f3n y el servicio, de acuerdo con su finalidad y de forma mesurada ser\u00e1n tratados y actualizados.<\/p>\n\n\n\n<h2 class=\"wp-block-heading\">\u00bfA qui\u00e9n y con qu\u00e9 fines se pueden transferir los datos personales recopilados?<\/h2>\n\n\n\n<p>Sus datos personales que comparte con nosotros; recibimos servicios para realizar nuestras actividades y\/o con los que hemos contratado, cooperado, nacionales y en el extranjero A terceros, instituciones y organizaciones y, previa solicitud, a autoridades judiciales y administrativas, se pueden transferir los servicios t\u00e9cnicos y administrativos necesarios, siempre que se toman precauciones.<\/p>\n\n\n\n<h2 class=\"wp-block-heading\">Sus derechos como persona procesada<\/h2>\n\n\n\n<p>Seg\u00fan el art\u00edculo 11 de la KVKK, cualquier persona puede ejercer los siguientes derechos solicit\u00e1ndolos al responsable del tratamiento:<\/p>\n\n\n\n<ol class=\"wp-block-list\" type=\"a\">\n<li>Saber si se procesan datos personales,<\/li>\n\n\n\n<li>Solicitar informaci\u00f3n sobre datos personales si han sido tratados,<\/li>\n\n\n\n<li>Conocer la finalidad del tratamiento de datos personales y si se utilizan de acuerdo con su finalidad,<\/li>\n\n\n\n<li>Conocer a los terceros a quienes se transfieren datos personales en el pa\u00eds o en el extranjero,<\/li>\n\n\n\n<li>Solicitar la correcci\u00f3n de datos personales en caso de procesamiento incompleto o incorrecto,<\/li>\n\n\n\n<li>Solicitar la supresi\u00f3n o destrucci\u00f3n de datos personales,<\/li>\n\n\n\n<li>Solicitar que las transacciones realizadas de conformidad con los subp\u00e1rrafos (e) y (f) sean notificadas a terceros a quienes se hayan transferido datos personales,<\/li>\n\n\n\n<li>Oponerse a la aparici\u00f3n de un resultado contra la persona mediante el an\u00e1lisis de los datos tratados exclusivamente a trav\u00e9s de sistemas automatizados,<\/li>\n\n\n\n<li>Tiene derecho a exigir la indemnizaci\u00f3n del da\u00f1o en caso de p\u00e9rdida debida al tratamiento il\u00edcito de datos personales.<\/li>\n<\/ol>\n\n\n\n<p>Puede contactar con nosotros a trav\u00e9s de info@feminizationcenter.com para ejercer sus derechos antes mencionados.<\/p>\n\n\n\n<h2 class=\"wp-block-heading\">Contacto<\/h2>\n\n\n\n<p>Para poder realizar an\u00e1lisis para atenderle s\u00f3lo son necesarios sus datos personales, de acuerdo con esta pol\u00edtica de privacidad y tratamiento de datos personales, aceptar o no el tratamiento es completamente libre. Si contin\u00faa utilizando el sitio, nos ha aceptado. Para obtener informaci\u00f3n m\u00e1s detallada, cont\u00e1ctenos a trav\u00e9s de la direcci\u00f3n de correo electr\u00f3nico info@feminizationcenter.com. Por favor no dudes en pasar.<\/p>","protected":false},"excerpt":{"rendered":"<p>Last updated: 04\/07\/2023 Your safety is important to us. For this reason, your personal data that you will share with us is sensitively protected. We, Feminization Center, as the data controller, with this privacy and personal data protection policy, which personal data will be processed for what purpose, with whom and why the processed data [&hellip;]<\/p>\n","protected":false},"author":1,"featured_media":0,"parent":0,"menu_order":0,"comment_status":"closed","ping_status":"open","template":"","meta":{"site-sidebar-layout":"default","site-content-layout":"","ast-site-content-layout":"default","site-content-style":"default","site-sidebar-style":"default","ast-global-header-display":"","ast-banner-title-visibility":"","ast-main-header-display":"","ast-hfb-above-header-display":"","ast-hfb-below-header-display":"","ast-hfb-mobile-header-display":"","site-post-title":"","ast-breadcrumbs-content":"","ast-featured-img":"","footer-sml-layout":"","ast-disable-related-posts":"","theme-transparent-header-meta":"","adv-header-id-meta":"","stick-header-meta":"","header-above-stick-meta":"","header-main-stick-meta":"","header-below-stick-meta":"","astra-migrate-meta-layouts":"default","ast-page-background-enabled":"default","ast-page-background-meta":{"desktop":{"background-color":"var(--ast-global-color-4)","background-image":"","background-repeat":"repeat","background-position":"center center","background-size":"auto","background-attachment":"scroll","background-type":"","background-media":"","overlay-type":"","overlay-color":"","overlay-opacity":"","overlay-gradient":""},"tablet":{"background-color":"","background-image":"","background-repeat":"repeat","background-position":"center center","background-size":"auto","background-attachment":"scroll","background-type":"","background-media":"","overlay-type":"","overlay-color":"","overlay-opacity":"","overlay-gradient":""},"mobile":{"background-color":"","background-image":"","background-repeat":"repeat","background-position":"center center","background-size":"auto","background-attachment":"scroll","background-type":"","background-media":"","overlay-type":"","overlay-color":"","overlay-opacity":"","overlay-gradient":""}},"ast-content-background-meta":{"desktop":{"background-color":"var(--ast-global-color-5)","background-image":"","background-repeat":"repeat","background-position":"center center","background-size":"auto","background-attachment":"scroll","background-type":"","background-media":"","overlay-type":"","overlay-color":"","overlay-opacity":"","overlay-gradient":""},"tablet":{"background-color":"var(--ast-global-color-5)","background-image":"","background-repeat":"repeat","background-position":"center center","background-size":"auto","background-attachment":"scroll","background-type":"","background-media":"","overlay-type":"","overlay-color":"","overlay-opacity":"","overlay-gradient":""},"mobile":{"background-color":"var(--ast-global-color-5)","background-image":"","background-repeat":"repeat","background-position":"center center","background-size":"auto","background-attachment":"scroll","background-type":"","background-media":"","overlay-type":"","overlay-color":"","overlay-opacity":"","overlay-gradient":""}},"footnotes":""},"class_list":["post-3","page","type-page","status-publish","hentry"],"_links":{"self":[{"href":"https:\/\/feminizationcenter.com\/es\/wp-json\/wp\/v2\/pages\/3","targetHints":{"allow":["GET"]}}],"collection":[{"href":"https:\/\/feminizationcenter.com\/es\/wp-json\/wp\/v2\/pages"}],"about":[{"href":"https:\/\/feminizationcenter.com\/es\/wp-json\/wp\/v2\/types\/page"}],"author":[{"embeddable":true,"href":"https:\/\/feminizationcenter.com\/es\/wp-json\/wp\/v2\/users\/1"}],"replies":[{"embeddable":true,"href":"https:\/\/feminizationcenter.com\/es\/wp-json\/wp\/v2\/comments?post=3"}],"version-history":[{"count":0,"href":"https:\/\/feminizationcenter.com\/es\/wp-json\/wp\/v2\/pages\/3\/revisions"}],"wp:attachment":[{"href":"https:\/\/feminizationcenter.com\/es\/wp-json\/wp\/v2\/media?parent=3"}],"curies":[{"name":"gracias","href":"https:\/\/api.w.org\/{rel}","templated":true}]}}