{"id":161,"date":"2023-07-02T13:24:47","date_gmt":"2023-07-02T13:24:47","guid":{"rendered":"https:\/\/feminizationcenter.com\/?page_id=161"},"modified":"2023-07-05T22:13:56","modified_gmt":"2023-07-05T22:13:56","slug":"sobre-nosotros","status":"publish","type":"page","link":"https:\/\/feminizationcenter.com\/es\/about-us\/","title":{"rendered":"Sobre nosotros"},"content":{"rendered":"<div data-elementor-type=\"wp-page\" data-elementor-id=\"161\" class=\"elementor elementor-161\">\n\t\t\t\t\t\t<section class=\"elementor-section elementor-top-section elementor-element elementor-element-6d742b62 elementor-section-boxed elementor-section-height-default elementor-section-height-default\" data-id=\"6d742b62\" data-element_type=\"section\" data-e-type=\"section\">\n\t\t\t\t\t\t<div class=\"elementor-container elementor-column-gap-default\">\n\t\t\t\t\t<div class=\"elementor-column elementor-col-33 elementor-top-column elementor-element elementor-element-38156dbc elementor-invisible\" data-id=\"38156dbc\" data-element_type=\"column\" data-e-type=\"column\" data-settings=\"{&quot;animation&quot;:&quot;fadeInLeft&quot;}\">\n\t\t\t<div class=\"elementor-widget-wrap elementor-element-populated\">\n\t\t\t\t\t\t<div class=\"elementor-element elementor-element-660f2a33 elementor-widget__width-auto elementor-widget elementor-widget-image\" data-id=\"660f2a33\" data-element_type=\"widget\" data-e-type=\"widget\" data-widget_type=\"image.default\">\n\t\t\t\t<div class=\"elementor-widget-container\">\n\t\t\t\t\t\t\t\t\t\t\t\t\t\t\t<img fetchpriority=\"high\" decoding=\"async\" width=\"444\" height=\"373\" src=\"https:\/\/feminizationcenter.com\/wp-content\/uploads\/2023\/07\/cosmetician-with-marker-puts-dotted-lines-on-body-46BU9A4.jpg\" class=\"attachment-full size-full wp-image-123\" alt=\"\" srcset=\"https:\/\/feminizationcenter.com\/wp-content\/uploads\/2023\/07\/cosmetician-with-marker-puts-dotted-lines-on-body-46BU9A4.jpg 444w, https:\/\/feminizationcenter.com\/wp-content\/uploads\/2023\/07\/cosmetician-with-marker-puts-dotted-lines-on-body-46BU9A4-300x252.jpg 300w\" sizes=\"(max-width: 444px) 100vw, 444px\" title=\"\">\t\t\t\t\t\t\t\t\t\t\t\t\t\t\t<\/div>\n\t\t\t\t<\/div>\n\t\t\t\t\t<\/div>\n\t\t<\/div>\n\t\t\t\t<div class=\"elementor-column elementor-col-33 elementor-top-column elementor-element elementor-element-1f7cd5b9 elementor-invisible\" data-id=\"1f7cd5b9\" data-element_type=\"column\" data-e-type=\"column\" data-settings=\"{&quot;animation&quot;:&quot;fadeInLeft&quot;}\">\n\t\t\t<div class=\"elementor-widget-wrap elementor-element-populated\">\n\t\t\t\t\t\t<div class=\"elementor-element elementor-element-35f351ea elementor-widget__width-auto elementor-widget elementor-widget-image\" data-id=\"35f351ea\" data-element_type=\"widget\" data-e-type=\"widget\" data-widget_type=\"image.default\">\n\t\t\t\t<div class=\"elementor-widget-container\">\n\t\t\t\t\t\t\t\t\t\t\t\t\t\t\t<img decoding=\"async\" width=\"684\" height=\"1024\" src=\"https:\/\/feminizationcenter.com\/wp-content\/uploads\/2023\/07\/facial-feminization-surgery.jpg\" class=\"attachment-full size-full wp-image-320\" alt=\"centro de cirugia de feminizacion facial\" srcset=\"https:\/\/feminizationcenter.com\/wp-content\/uploads\/2023\/07\/facial-feminization-surgery.jpg 684w, https:\/\/feminizationcenter.com\/wp-content\/uploads\/2023\/07\/facial-feminization-surgery-200x300.jpg 200w\" sizes=\"(max-width: 684px) 100vw, 684px\" title=\"\">\t\t\t\t\t\t\t\t\t\t\t\t\t\t\t<\/div>\n\t\t\t\t<\/div>\n\t\t\t\t\t<\/div>\n\t\t<\/div>\n\t\t\t\t<div class=\"elementor-column elementor-col-33 elementor-top-column elementor-element elementor-element-f502f1f\" data-id=\"f502f1f\" data-element_type=\"column\" data-e-type=\"column\">\n\t\t\t<div class=\"elementor-widget-wrap elementor-element-populated\">\n\t\t\t\t\t\t<div class=\"elementor-element elementor-element-2ba1ba38 elementor-invisible elementor-widget elementor-widget-heading\" data-id=\"2ba1ba38\" data-element_type=\"widget\" data-e-type=\"widget\" data-settings=\"{&quot;_animation&quot;:&quot;fadeInRight&quot;,&quot;_animation_delay&quot;:500}\" data-widget_type=\"heading.default\">\n\t\t\t\t<div class=\"elementor-widget-container\">\n\t\t\t\t\t<h3 class=\"elementor-heading-title elementor-size-default\">Sobre nosotros<\/h3>\t\t\t\t<\/div>\n\t\t\t\t<\/div>\n\t\t\t\t<div class=\"elementor-element elementor-element-4e5fb6d8 elementor-invisible elementor-widget elementor-widget-heading\" data-id=\"4e5fb6d8\" data-element_type=\"widget\" data-e-type=\"widget\" data-settings=\"{&quot;_animation&quot;:&quot;fadeInUp&quot;,&quot;_animation_delay&quot;:600}\" data-widget_type=\"heading.default\">\n\t\t\t\t<div class=\"elementor-widget-container\">\n\t\t\t\t\t<h2 class=\"elementor-heading-title elementor-size-default\">+10 A\u00f1os de Experiencia<\/h2>\t\t\t\t<\/div>\n\t\t\t\t<\/div>\n\t\t\t\t<div class=\"elementor-element elementor-element-75f1d581 elementor-invisible elementor-widget elementor-widget-text-editor\" data-id=\"75f1d581\" data-element_type=\"widget\" data-e-type=\"widget\" data-settings=\"{&quot;_animation&quot;:&quot;fadeInUp&quot;,&quot;_animation_delay&quot;:700}\" data-widget_type=\"text-editor.default\">\n\t\t\t\t<div class=\"elementor-widget-container\">\n\t\t\t\t\t\t\t\t\t<p>Bienvenido al Centro de Feminizaci\u00f3n, ubicado en Antalya, Turqu\u00eda. Somos una cl\u00ednica de primer nivel que se especializa en cirug\u00edas de feminizaci\u00f3n y ofrece atenci\u00f3n y experiencia excepcionales en el campo de la cirug\u00eda pl\u00e1stica, reconstructiva y est\u00e9tica. Dirigidos por nuestro estimado fundador, Mehmet Fatih Okyay, MD, FEBOPRAS, estamos dedicados a brindar el m\u00e1s alto nivel de atenci\u00f3n a nuestros pacientes.<\/p><p>Situada en la hermosa ciudad de Antalya, nuestra cl\u00ednica ofrece un ambiente sereno y acogedor para nuestros pacientes. Antalya es famosa por sus paisajes pintorescos, sus impresionantes playas y su rica historia. Sirve como tel\u00f3n de fondo perfecto para personas que buscan procedimientos de feminizaci\u00f3n transformadores en un entorno tranquilo y rejuvenecedor.<\/p><p>\u00a0<\/p>\t\t\t\t\t\t\t\t<\/div>\n\t\t\t\t<\/div>\n\t\t\t\t\t<\/div>\n\t\t<\/div>\n\t\t\t\t\t<\/div>\n\t\t<\/section>\n\t\t\t\t<section class=\"elementor-section elementor-top-section elementor-element elementor-element-245e4f9 elementor-section-content-middle elementor-section-boxed elementor-section-height-default elementor-section-height-default\" data-id=\"245e4f9\" data-element_type=\"section\" data-e-type=\"section\">\n\t\t\t\t\t\t<div class=\"elementor-container elementor-column-gap-default\">\n\t\t\t\t\t<div class=\"elementor-column elementor-col-50 elementor-top-column elementor-element elementor-element-cdbbb11\" data-id=\"cdbbb11\" data-element_type=\"column\" data-e-type=\"column\">\n\t\t\t<div class=\"elementor-widget-wrap elementor-element-populated\">\n\t\t\t\t\t\t<div class=\"elementor-element elementor-element-417ab4e elementor-invisible elementor-widget elementor-widget-text-editor\" data-id=\"417ab4e\" data-element_type=\"widget\" data-e-type=\"widget\" data-settings=\"{&quot;_animation&quot;:&quot;fadeInUp&quot;,&quot;_animation_delay&quot;:700}\" data-widget_type=\"text-editor.default\">\n\t\t\t\t<div class=\"elementor-widget-container\">\n\t\t\t\t\t\t\t\t\t<p>Mehmet Fatih Okyay, con su amplia experiencia y conocimientos en cirug\u00eda pl\u00e1stica, ha elegido Antalya como ubicaci\u00f3n para nuestra cl\u00ednica. Aqu\u00ed combinamos t\u00e9cnicas quir\u00fargicas de clase mundial con la tranquilidad de la belleza natural circundante, asegurando una experiencia c\u00f3moda y placentera para nuestros pacientes.<\/p><p>En Feminization Center, entendemos que el viaje de cada individuo es \u00fanico. Brindamos atenci\u00f3n personalizada y compasiva, adaptando nuestros tratamientos para satisfacer las necesidades espec\u00edficas y los objetivos est\u00e9ticos de cada paciente. Nuestro objetivo es ayudar a las personas a lograr la apariencia femenina deseada, priorizando su bienestar y garantizando resultados de apariencia natural.<\/p>\t\t\t\t\t\t\t\t<\/div>\n\t\t\t\t<\/div>\n\t\t\t\t\t<\/div>\n\t\t<\/div>\n\t\t\t\t<div class=\"elementor-column elementor-col-50 elementor-top-column elementor-element elementor-element-bd92b96\" data-id=\"bd92b96\" data-element_type=\"column\" data-e-type=\"column\">\n\t\t\t<div class=\"elementor-widget-wrap elementor-element-populated\">\n\t\t\t\t\t\t<div class=\"elementor-element elementor-element-8bbfce9 elementor-invisible elementor-widget elementor-widget-image\" data-id=\"8bbfce9\" data-element_type=\"widget\" data-e-type=\"widget\" data-settings=\"{&quot;_animation&quot;:&quot;fadeInRight&quot;}\" data-widget_type=\"image.default\">\n\t\t\t\t<div class=\"elementor-widget-container\">\n\t\t\t\t\t\t\t\t\t\t\t\t\t\t\t<img decoding=\"async\" width=\"1024\" height=\"766\" src=\"https:\/\/feminizationcenter.com\/wp-content\/uploads\/2023\/07\/Mehmet-Fatih-Okyay-MD-FEBOPRAS-in-Turkiye-1024x766-1.jpg\" class=\"attachment-large size-large wp-image-324\" alt=\"\" srcset=\"https:\/\/feminizationcenter.com\/wp-content\/uploads\/2023\/07\/Mehmet-Fatih-Okyay-MD-FEBOPRAS-in-Turkiye-1024x766-1.jpg 1024w, https:\/\/feminizationcenter.com\/wp-content\/uploads\/2023\/07\/Mehmet-Fatih-Okyay-MD-FEBOPRAS-in-Turkiye-1024x766-1-300x224.jpg 300w, https:\/\/feminizationcenter.com\/wp-content\/uploads\/2023\/07\/Mehmet-Fatih-Okyay-MD-FEBOPRAS-in-Turkiye-1024x766-1-768x575.jpg 768w\" sizes=\"(max-width: 1024px) 100vw, 1024px\" title=\"\">\t\t\t\t\t\t\t\t\t\t\t\t\t\t\t<\/div>\n\t\t\t\t<\/div>\n\t\t\t\t\t<\/div>\n\t\t<\/div>\n\t\t\t\t\t<\/div>\n\t\t<\/section>\n\t\t\t\t<section class=\"elementor-section elementor-top-section elementor-element elementor-element-106a508 elementor-section-content-middle elementor-section-boxed elementor-section-height-default elementor-section-height-default\" data-id=\"106a508\" data-element_type=\"section\" data-e-type=\"section\">\n\t\t\t\t\t\t<div class=\"elementor-container elementor-column-gap-default\">\n\t\t\t\t\t<div class=\"elementor-column elementor-col-50 elementor-top-column elementor-element elementor-element-3e2025a\" data-id=\"3e2025a\" data-element_type=\"column\" data-e-type=\"column\">\n\t\t\t<div class=\"elementor-widget-wrap elementor-element-populated\">\n\t\t\t\t\t\t<div class=\"elementor-element elementor-element-fe0888d elementor-invisible elementor-widget elementor-widget-image\" data-id=\"fe0888d\" data-element_type=\"widget\" data-e-type=\"widget\" data-settings=\"{&quot;_animation&quot;:&quot;fadeInLeft&quot;}\" data-widget_type=\"image.default\">\n\t\t\t\t<div class=\"elementor-widget-container\">\n\t\t\t\t\t\t\t\t\t\t\t\t\t\t\t<img loading=\"lazy\" decoding=\"async\" width=\"1024\" height=\"640\" src=\"https:\/\/feminizationcenter.com\/wp-content\/uploads\/2023\/07\/antalya.jpg\" class=\"attachment-large size-large wp-image-325\" alt=\"\" srcset=\"https:\/\/feminizationcenter.com\/wp-content\/uploads\/2023\/07\/antalya.jpg 1024w, https:\/\/feminizationcenter.com\/wp-content\/uploads\/2023\/07\/antalya-300x188.jpg 300w, https:\/\/feminizationcenter.com\/wp-content\/uploads\/2023\/07\/antalya-768x480.jpg 768w\" sizes=\"(max-width: 1024px) 100vw, 1024px\" title=\"\">\t\t\t\t\t\t\t\t\t\t\t\t\t\t\t<\/div>\n\t\t\t\t<\/div>\n\t\t\t\t\t<\/div>\n\t\t<\/div>\n\t\t\t\t<div class=\"elementor-column elementor-col-50 elementor-top-column elementor-element elementor-element-ff5cd2b\" data-id=\"ff5cd2b\" data-element_type=\"column\" data-e-type=\"column\">\n\t\t\t<div class=\"elementor-widget-wrap elementor-element-populated\">\n\t\t\t\t\t\t<div class=\"elementor-element elementor-element-35a3a0a elementor-invisible elementor-widget elementor-widget-text-editor\" data-id=\"35a3a0a\" data-element_type=\"widget\" data-e-type=\"widget\" data-settings=\"{&quot;_animation&quot;:&quot;fadeInUp&quot;,&quot;_animation_delay&quot;:700}\" data-widget_type=\"text-editor.default\">\n\t\t\t\t<div class=\"elementor-widget-container\">\n\t\t\t\t\t\t\t\t\t<p>Ya sea que est\u00e9 considerando cirug\u00edas de feminizaci\u00f3n facial, procedimientos de contorno corporal o est\u00e9tica mamaria, nuestro dedicado equipo de profesionales se compromete a brindarle una atenci\u00f3n excepcional en cada paso de su viaje. Utilizamos los \u00faltimos avances en cirug\u00eda pl\u00e1stica, combinados con la experiencia y el enfoque art\u00edstico del Dr. Okyay, para brindar resultados sobresalientes y mejorar su confianza en s\u00ed mismo.<\/p><p>Lo invitamos a experimentar nuestras instalaciones de \u00faltima generaci\u00f3n y la calidez de nuestro personal. Cont\u00e1ctenos hoy para programar una consulta en nuestra cl\u00ednica en Antalya, Turqu\u00eda, y d\u00e9 el primer paso hacia la realizaci\u00f3n de sus objetivos de feminizaci\u00f3n. En Feminization Center, estamos aqu\u00ed para apoyarte durante tu transformaci\u00f3n y ayudarte a abrazar tu verdadera identidad con confianza y orgullo.<\/p>\t\t\t\t\t\t\t\t<\/div>\n\t\t\t\t<\/div>\n\t\t\t\t\t<\/div>\n\t\t<\/div>\n\t\t\t\t\t<\/div>\n\t\t<\/section>\n\t\t\t\t<\/div>","protected":false},"excerpt":{"rendered":"<p>About Us +10 Years of Experience Welcome to Feminization Center, located in Antalya, Turkey. We are a premier clinic specializing in feminization surgeries and offering exceptional care and expertise in the field of plastic, reconstructive, and aesthetic surgery. Led by our esteemed founder, Mehmet Fatih Okyay, MD, FEBOPRAS, we are dedicated to providing the highest [&hellip;]<\/p>\n","protected":false},"author":1,"featured_media":0,"parent":0,"menu_order":0,"comment_status":"closed","ping_status":"closed","template":"elementor_header_footer","meta":{"site-sidebar-layout":"no-sidebar","site-content-layout":"page-builder","ast-site-content-layout":"default","site-content-style":"default","site-sidebar-style":"default","ast-global-header-display":"","ast-banner-title-visibility":"","ast-main-header-display":"","ast-hfb-above-header-display":"","ast-hfb-below-header-display":"","ast-hfb-mobile-header-display":"","site-post-title":"disabled","ast-breadcrumbs-content":"","ast-featured-img":"disabled","footer-sml-layout":"","ast-disable-related-posts":"","theme-transparent-header-meta":"","adv-header-id-meta":"","stick-header-meta":"","header-above-stick-meta":"","header-main-stick-meta":"","header-below-stick-meta":"","astra-migrate-meta-layouts":"default","ast-page-background-enabled":"default","ast-page-background-meta":{"desktop":{"background-color":"var(--ast-global-color-4)","background-image":"","background-repeat":"repeat","background-position":"center center","background-size":"auto","background-attachment":"scroll","background-type":"","background-media":"","overlay-type":"","overlay-color":"","overlay-opacity":"","overlay-gradient":""},"tablet":{"background-color":"","background-image":"","background-repeat":"repeat","background-position":"center center","background-size":"auto","background-attachment":"scroll","background-type":"","background-media":"","overlay-type":"","overlay-color":"","overlay-opacity":"","overlay-gradient":""},"mobile":{"background-color":"","background-image":"","background-repeat":"repeat","background-position":"center center","background-size":"auto","background-attachment":"scroll","background-type":"","background-media":"","overlay-type":"","overlay-color":"","overlay-opacity":"","overlay-gradient":""}},"ast-content-background-meta":{"desktop":{"background-color":"var(--ast-global-color-5)","background-image":"","background-repeat":"repeat","background-position":"center center","background-size":"auto","background-attachment":"scroll","background-type":"","background-media":"","overlay-type":"","overlay-color":"","overlay-opacity":"","overlay-gradient":""},"tablet":{"background-color":"var(--ast-global-color-5)","background-image":"","background-repeat":"repeat","background-position":"center center","background-size":"auto","background-attachment":"scroll","background-type":"","background-media":"","overlay-type":"","overlay-color":"","overlay-opacity":"","overlay-gradient":""},"mobile":{"background-color":"var(--ast-global-color-5)","background-image":"","background-repeat":"repeat","background-position":"center center","background-size":"auto","background-attachment":"scroll","background-type":"","background-media":"","overlay-type":"","overlay-color":"","overlay-opacity":"","overlay-gradient":""}},"footnotes":""},"class_list":["post-161","page","type-page","status-publish","hentry"],"_links":{"self":[{"href":"https:\/\/feminizationcenter.com\/es\/wp-json\/wp\/v2\/pages\/161","targetHints":{"allow":["GET"]}}],"collection":[{"href":"https:\/\/feminizationcenter.com\/es\/wp-json\/wp\/v2\/pages"}],"about":[{"href":"https:\/\/feminizationcenter.com\/es\/wp-json\/wp\/v2\/types\/page"}],"author":[{"embeddable":true,"href":"https:\/\/feminizationcenter.com\/es\/wp-json\/wp\/v2\/users\/1"}],"replies":[{"embeddable":true,"href":"https:\/\/feminizationcenter.com\/es\/wp-json\/wp\/v2\/comments?post=161"}],"version-history":[{"count":0,"href":"https:\/\/feminizationcenter.com\/es\/wp-json\/wp\/v2\/pages\/161\/revisions"}],"wp:attachment":[{"href":"https:\/\/feminizationcenter.com\/es\/wp-json\/wp\/v2\/media?parent=161"}],"curies":[{"name":"gracias","href":"https:\/\/api.w.org\/{rel}","templated":true}]}}