{"id":612,"date":"2023-07-03T20:44:18","date_gmt":"2023-07-03T20:44:18","guid":{"rendered":"https:\/\/feminizationcenter.com\/?page_id=612"},"modified":"2023-07-03T20:47:42","modified_gmt":"2023-07-03T20:47:42","slug":"augenlidoperation-blepharoplastik","status":"publish","type":"page","link":"https:\/\/feminizationcenter.com\/de\/eyelid-surgery-blepharoplasty\/","title":{"rendered":"Augenlidchirurgie (Blepharoplastik)"},"content":{"rendered":"<div data-elementor-type=\"wp-page\" data-elementor-id=\"612\" class=\"elementor elementor-612\">\n\t\t\t\t\t\t<section class=\"elementor-section elementor-top-section elementor-element elementor-element-76b6fe1 elementor-section-boxed elementor-section-height-default elementor-section-height-default\" data-id=\"76b6fe1\" data-element_type=\"section\" data-e-type=\"section\">\n\t\t\t\t\t\t<div class=\"elementor-container elementor-column-gap-default\">\n\t\t\t\t\t<div class=\"elementor-column elementor-col-100 elementor-top-column elementor-element elementor-element-dc12f11\" data-id=\"dc12f11\" data-element_type=\"column\" data-e-type=\"column\">\n\t\t\t<div class=\"elementor-widget-wrap elementor-element-populated\">\n\t\t\t\t\t\t<div class=\"elementor-element elementor-element-9cf0d03 elementor-widget elementor-widget-text-editor\" data-id=\"9cf0d03\" data-element_type=\"widget\" data-e-type=\"widget\" data-widget_type=\"text-editor.default\">\n\t\t\t\t<div class=\"elementor-widget-container\">\n\t\t\t\t\t\t\t\t\t<p>Eine Augenlidoperation, auch Blepharoplastik genannt, ist ein kosmetischer Eingriff, bei dem \u00fcbersch\u00fcssige Haut und Fett von den Augenlidern entfernt werden. Dieser chirurgische Eingriff zielt darauf ab, das Aussehen der Augen zu verbessern, indem Probleme wie h\u00e4ngende Augenlider, Tr\u00e4nens\u00e4cke und Schwellungen behandelt werden. Neben den \u00e4sthetischen Vorteilen kann eine Augenlidoperation auch funktionelle Verbesserungen bringen, indem sie die Sehkraft verbessert, wenn h\u00e4ngende Augenlider die Sichtlinie behindern. In diesem Artikel werden die verschiedenen Aspekte einer Augenlidoperation untersucht, darunter der Eingriff selbst, der Genesungsprozess, m\u00f6gliche Risiken und Vorteile.<\/p><div id=\"ez-toc-container\" class=\"ez-toc-v2_0_82_2 counter-hierarchy ez-toc-counter ez-toc-transparent ez-toc-container-direction\">\n<div class=\"ez-toc-title-container\">\n<p class=\"ez-toc-title\" style=\"cursor:inherit\">Inhaltsverzeichnis<\/p>\n<span class=\"ez-toc-title-toggle\"><\/span><\/div>\n<nav><ul class='ez-toc-list ez-toc-list-level-1' ><li class='ez-toc-page-1 ez-toc-heading-level-2'><a class=\"ez-toc-link ez-toc-heading-1\" href=\"https:\/\/feminizationcenter.com\/de\/eyelid-surgery-blepharoplasty\/#Understanding_Eyelid_Surgery\" >Augenlidoperationen verstehen<\/a><ul class='ez-toc-list-level-3' ><li class='ez-toc-heading-level-3'><a class=\"ez-toc-link ez-toc-heading-2\" href=\"https:\/\/feminizationcenter.com\/de\/eyelid-surgery-blepharoplasty\/#What_is_Blepharoplasty\" >Was ist eine Blepharoplastik?<\/a><\/li><li class='ez-toc-page-1 ez-toc-heading-level-3'><a class=\"ez-toc-link ez-toc-heading-3\" href=\"https:\/\/feminizationcenter.com\/de\/eyelid-surgery-blepharoplasty\/#Candidates_for_Eyelid_Surgery\" >Kandidaten f\u00fcr eine Augenlidoperation<\/a><\/li><\/ul><\/li><li class='ez-toc-page-1 ez-toc-heading-level-2'><a class=\"ez-toc-link ez-toc-heading-4\" href=\"https:\/\/feminizationcenter.com\/de\/eyelid-surgery-blepharoplasty\/#The_Eyelid_Surgery_Procedure\" >Der Ablauf einer Augenlidoperation<\/a><ul class='ez-toc-list-level-3' ><li class='ez-toc-heading-level-3'><a class=\"ez-toc-link ez-toc-heading-5\" href=\"https:\/\/feminizationcenter.com\/de\/eyelid-surgery-blepharoplasty\/#Consultation_and_Preparations\" >Beratung und Vorbereitung<\/a><\/li><li class='ez-toc-page-1 ez-toc-heading-level-3'><a class=\"ez-toc-link ez-toc-heading-6\" href=\"https:\/\/feminizationcenter.com\/de\/eyelid-surgery-blepharoplasty\/#Anesthesia_and_Incisions\" >An\u00e4sthesie und Schnitte<\/a><\/li><li class='ez-toc-page-1 ez-toc-heading-level-3'><a class=\"ez-toc-link ez-toc-heading-7\" href=\"https:\/\/feminizationcenter.com\/de\/eyelid-surgery-blepharoplasty\/#Removal_of_Excess_Tissue_and_Tightening\" >Entfernung \u00fcbersch\u00fcssigen Gewebes und Straffung<\/a><\/li><li class='ez-toc-page-1 ez-toc-heading-level-3'><a class=\"ez-toc-link ez-toc-heading-8\" href=\"https:\/\/feminizationcenter.com\/de\/eyelid-surgery-blepharoplasty\/#Incision_Closure_and_Recovery\" >Schnittverschluss und Genesung<\/a><\/li><\/ul><\/li><li class='ez-toc-page-1 ez-toc-heading-level-2'><a class=\"ez-toc-link ez-toc-heading-9\" href=\"https:\/\/feminizationcenter.com\/de\/eyelid-surgery-blepharoplasty\/#Recovery_and_Results\" >Erholung und Ergebnisse<\/a><ul class='ez-toc-list-level-3' ><li class='ez-toc-heading-level-3'><a class=\"ez-toc-link ez-toc-heading-10\" href=\"https:\/\/feminizationcenter.com\/de\/eyelid-surgery-blepharoplasty\/#Healing_Process\" >Heilungsprozess<\/a><\/li><li class='ez-toc-page-1 ez-toc-heading-level-3'><a class=\"ez-toc-link ez-toc-heading-11\" href=\"https:\/\/feminizationcenter.com\/de\/eyelid-surgery-blepharoplasty\/#Long-Term_Results\" >Langfristige Ergebnisse<\/a><\/li><\/ul><\/li><li class='ez-toc-page-1 ez-toc-heading-level-2'><a class=\"ez-toc-link ez-toc-heading-12\" href=\"https:\/\/feminizationcenter.com\/de\/eyelid-surgery-blepharoplasty\/#Potential_Risks_and_Complications\" >M\u00f6gliche Risiken und Komplikationen<\/a><\/li><li class='ez-toc-page-1 ez-toc-heading-level-2'><a class=\"ez-toc-link ez-toc-heading-13\" href=\"https:\/\/feminizationcenter.com\/de\/eyelid-surgery-blepharoplasty\/#Frequently_Asked_Questions_FAQs\" >H\u00e4ufig gestellte Fragen (FAQs)<\/a><\/li><li class='ez-toc-page-1 ez-toc-heading-level-2'><a class=\"ez-toc-link ez-toc-heading-14\" href=\"https:\/\/feminizationcenter.com\/de\/eyelid-surgery-blepharoplasty\/#Conclusion\" >Abschluss<\/a><\/li><\/ul><\/nav><\/div>\n<h2><span class=\"ez-toc-section\" id=\"Understanding_Eyelid_Surgery\"><\/span>Augenlidoperationen verstehen<span class=\"ez-toc-section-end\"><\/span><\/h2><h3><span class=\"ez-toc-section\" id=\"What_is_Blepharoplasty\"><\/span>Was ist eine Blepharoplastik?<span class=\"ez-toc-section-end\"><\/span><\/h3><p>Bei der Blepharoplastik handelt es sich um einen chirurgischen Eingriff zur Korrektur kosmetischer und funktioneller Probleme der Augenlider. Die Operation kann je nach Bedarf des Patienten an den oberen Augenlidern, den unteren Augenlidern oder an beiden durchgef\u00fchrt werden. Dabei werden \u00fcbersch\u00fcssige Haut entfernt, die darunter liegenden Muskeln gestrafft und Fettablagerungen neu positioniert oder entfernt, um ein jugendlicheres und verj\u00fcngtes Aussehen zu erzielen.<\/p><h3><span class=\"ez-toc-section\" id=\"Candidates_for_Eyelid_Surgery\"><\/span>Kandidaten f\u00fcr eine Augenlidoperation<span class=\"ez-toc-section-end\"><\/span><\/h3><p>Eine Augenlidoperation eignet sich f\u00fcr Personen mit folgenden Beschwerden:<\/p><ol><li>\u00dcbersch\u00fcssige Haut an den oberen Augenlidern, die f\u00fcr ein herunterh\u00e4ngendes Aussehen sorgt.<\/li><li>Lose oder schlaffe Haut, die das periphere Sehen beeintr\u00e4chtigt.<\/li><li>Tr\u00e4nens\u00e4cke aufgrund von Fettablagerungen.<\/li><li>Geschwollene oder geschwollene Augenlider, die die Augen m\u00fcde oder gealtert aussehen lassen.<\/li><\/ol><h2><span class=\"ez-toc-section\" id=\"The_Eyelid_Surgery_Procedure\"><\/span>Der Ablauf einer Augenlidoperation<span class=\"ez-toc-section-end\"><\/span><\/h2><h3><span class=\"ez-toc-section\" id=\"Consultation_and_Preparations\"><\/span>Beratung und Vorbereitung<span class=\"ez-toc-section-end\"><\/span><\/h3><p>Vor einer Augenlidoperation m\u00fcssen Patienten ein Beratungsgespr\u00e4ch mit einem qualifizierten plastischen Chirurgen f\u00fchren. W\u00e4hrend dieser Beratung beurteilt der Chirurg den allgemeinen Gesundheitszustand des Patienten, bespricht seine Erwartungen und erkl\u00e4rt den Eingriff im Detail. Au\u00dferdem werden pr\u00e4operative Anweisungen gegeben, wie z. B. das Vermeiden bestimmter Medikamente oder des Rauchens, um optimale Operationsergebnisse zu gew\u00e4hrleisten.<\/p><h3><span class=\"ez-toc-section\" id=\"Anesthesia_and_Incisions\"><\/span>An\u00e4sthesie und Schnitte<span class=\"ez-toc-section-end\"><\/span><\/h3><p>Augenlidoperationen werden normalerweise unter \u00f6rtlicher Bet\u00e4ubung mit Sedierung oder Vollnarkose durchgef\u00fchrt. Die Wahl der An\u00e4sthesie h\u00e4ngt von den W\u00fcnschen des Patienten und der Empfehlung des Chirurgen ab. Der Chirurg wird diskrete Schnitte entlang der nat\u00fcrlichen Falten der Augenlider vornehmen, wodurch die Narbenbildung minimiert wird.<\/p><h3><span class=\"ez-toc-section\" id=\"Removal_of_Excess_Tissue_and_Tightening\"><\/span>Entfernung \u00fcbersch\u00fcssigen Gewebes und Straffung<span class=\"ez-toc-section-end\"><\/span><\/h3><p>Bei einer Operation am oberen Augenlid entfernt der Chirurg \u00fcbersch\u00fcssige Haut und positioniert oder entfernt bei Bedarf Fettablagerungen, um eine jugendlichere Kontur wiederherzustellen. Die darunter liegenden Muskeln k\u00f6nnen auch gestrafft werden, um die Funktion des Augenlids zu verbessern. Bei einer Operation am unteren Augenlid werden Fett und \u00fcbersch\u00fcssige Haut entfernt oder umverteilt, um Tr\u00e4nens\u00e4cke und Schwellungen zu beseitigen.<\/p><h3><span class=\"ez-toc-section\" id=\"Incision_Closure_and_Recovery\"><\/span>Schnittverschluss und Genesung<span class=\"ez-toc-section-end\"><\/span><\/h3><p>Nach Abschluss der erforderlichen Anpassungen schlie\u00dft der Chirurg die Einschnitte sorgf\u00e4ltig mit N\u00e4hten oder chirurgischem Klebstoff. Um Schwellungen und Beschwerden zu minimieren, k\u00f6nnen kalte Kompressen und eine feuchtigkeitsspendende Salbe auf die Augen aufgetragen werden. Die Patienten erhalten detaillierte Anweisungen zur postoperativen Pflege, einschlie\u00dflich Informationen zu Medikamenten, Wundpflege und Nachsorgeterminen.<\/p><h2><span class=\"ez-toc-section\" id=\"Recovery_and_Results\"><\/span>Erholung und Ergebnisse<span class=\"ez-toc-section-end\"><\/span><\/h2><h3><span class=\"ez-toc-section\" id=\"Healing_Process\"><\/span>Heilungsprozess<span class=\"ez-toc-section-end\"><\/span><\/h3><p>Nach einer Augenlidoperation k\u00f6nnen Patienten mit Schwellungen, Bluterg\u00fcssen und leichten Beschwerden rechnen, die mit verschriebenen Schmerzmitteln behandelt werden k\u00f6nnen. Es ist wichtig, den Kopf hoch zu halten, anstrengende Aktivit\u00e4ten zu vermeiden und die Augen w\u00e4hrend der ersten Erholungsphase vor Sonneneinstrahlung zu sch\u00fctzen. Die meisten Schwellungen und Bluterg\u00fcsse sollten innerhalb von zwei Wochen abklingen und die Patienten k\u00f6nnen allm\u00e4hlich ihre normalen Aktivit\u00e4ten wieder aufnehmen.<\/p><h3><span class=\"ez-toc-section\" id=\"Long-Term_Results\"><\/span>Langfristige Ergebnisse<span class=\"ez-toc-section-end\"><\/span><\/h3><p>Die volle Wirkung der Augenlidoperation wird im Verlauf des Heilungsprozesses sichtbar. Patienten werden eine deutliche Verbesserung des Aussehens ihrer Augenlider feststellen und ein jugendlicheres und verj\u00fcngtes Aussehen. Die Ergebnisse der Augenlidoperation sind langanhaltend, aber es ist wichtig, daran zu denken, dass der nat\u00fcrliche Alterungsprozess weitergeht. Die Aufrechterhaltung eines gesunden Lebensstils und einer Hautpflegeroutine kann dazu beitragen, die Ergebnisse des Eingriffs \u00fcber einen l\u00e4ngeren Zeitraum zu erhalten.<\/p><h2><span class=\"ez-toc-section\" id=\"Potential_Risks_and_Complications\"><\/span>M\u00f6gliche Risiken und Komplikationen<span class=\"ez-toc-section-end\"><\/span><\/h2><p>Wie bei jedem chirurgischen Eingriff sind mit einer Augenlidoperation gewisse Risiken verbunden. Es ist wichtig, sich dieser m\u00f6glichen Komplikationen bewusst zu sein, obwohl sie relativ selten sind. Einige Risiken k\u00f6nnen sein:<\/p><ol><li>Vor\u00fcbergehend verschwommene Sicht.<\/li><li>Trockenheit oder Reizung der Augen.<\/li><li>Schwierigkeiten, die Augen vollst\u00e4ndig zu schlie\u00dfen.<\/li><li>Narbenbildung.<\/li><li>Infektion.<\/li><li>Unerw\u00fcnschte Reaktion auf die An\u00e4sthesie.<\/li><li>Ver\u00e4nderungen der Empfindung.<\/li><\/ol><h2><span class=\"ez-toc-section\" id=\"Frequently_Asked_Questions_FAQs\"><\/span>H\u00e4ufig gestellte Fragen (FAQs)<span class=\"ez-toc-section-end\"><\/span><\/h2><ol><li><p><strong>Ist eine Augenlidoperation schmerzhaft?<\/strong> Augenlidoperationen werden unter Narkose durchgef\u00fchrt, sodass die Patienten w\u00e4hrend des Eingriffs in der Regel wenig bis keine Beschwerden versp\u00fcren. Nach der Operation k\u00f6nnen leichte Schmerzen oder Beschwerden mit verschriebenen Schmerzmitteln behandelt werden.<\/p><\/li><li><p><strong>Wie lange dauert die Erholung nach einer Augenlidoperation?<\/strong> Die Genesungszeit ist von Patient zu Patient unterschiedlich, die meisten Patienten k\u00f6nnen jedoch nach 7 bis 10 Tagen wieder ihren normalen Aktivit\u00e4ten nachgehen. Die vollst\u00e4ndige Genesung und die endg\u00fcltigen Ergebnisse k\u00f6nnen mehrere Wochen oder Monate dauern.<\/p><\/li><li><p><strong>Bleiben nach einer Augenlidoperation sichtbare Narben zur\u00fcck?<\/strong> Die Schnitte bei der Augenlidoperation werden strategisch entlang der nat\u00fcrlichen Lidfalten gesetzt, um die Narbenbildung zu minimieren. Bei richtiger Pflege und Heilung verblassen die Narben mit der Zeit und werden weniger sichtbar.<\/p><\/li><li><p><strong>K\u00f6nnen Sehprobleme durch eine Augenlidoperation korrigiert werden?<\/strong> In F\u00e4llen, in denen herabh\u00e4ngende Augenlider die Sicht behindern, kann eine Augenlidoperation die Sehkraft verbessern, indem \u00fcbersch\u00fcssige Haut und Gewebe entfernt werden, die das periphere Sehen behindern.<\/p><\/li><li><p><strong>Sind die Ergebnisse einer Augenlidoperation dauerhaft?<\/strong> Eine Augenlidoperation liefert zwar lang anhaltende Ergebnisse, stoppt jedoch nicht den nat\u00fcrlichen Alterungsprozess. Faktoren wie Genetik, Lebensstil und Hautpflegeroutine k\u00f6nnen die Langlebigkeit der Ergebnisse beeinflussen.<\/p><\/li><\/ol><h2><span class=\"ez-toc-section\" id=\"Conclusion\"><\/span>Abschluss<span class=\"ez-toc-section-end\"><\/span><\/h2><p>Eine Augenlidoperation oder Blepharoplastik ist ein chirurgischer Eingriff, der sowohl \u00e4sthetische als auch funktionelle Verbesserungen an den Augen bewirkt. Durch die Behandlung von Problemen wie h\u00e4ngenden Augenlidern, Tr\u00e4nens\u00e4cken und Schwellungen kann eine Augenlidoperation den Patienten zu einem jugendlicheren und frischeren Aussehen verhelfen. Bei dem Eingriff werden \u00fcbersch\u00fcssige Haut und Fett entfernt, Muskeln gestrafft und Gewebe neu positioniert, um optimale Ergebnisse zu erzielen. Obwohl mit der Operation potenzielle Risiken verbunden sind, sind diese im Allgemeinen selten und k\u00f6nnen durch die Wahl eines qualifizierten plastischen Chirurgen minimiert werden. Bei richtiger postoperativer Pflege und Befolgung der Genesungsanweisungen k\u00f6nnen Patienten mit den langfristigen Vorteilen einer Augenlidoperation rechnen.<\/p>\t\t\t\t\t\t\t\t<\/div>\n\t\t\t\t<\/div>\n\t\t\t\t\t<\/div>\n\t\t<\/div>\n\t\t\t\t\t<\/div>\n\t\t<\/section>\n\t\t\t\t<\/div>","protected":false},"excerpt":{"rendered":"<p>Eyelid surgery, also known as blepharoplasty, is a cosmetic procedure that involves the removal of excess skin and fat from the eyelids. This surgical intervention aims to improve the appearance of the eyes by addressing issues such as droopy eyelids, under-eye bags, and puffiness. In addition to its aesthetic benefits, eyelid surgery can also provide [&hellip;]<\/p>\n","protected":false},"author":1,"featured_media":0,"parent":0,"menu_order":0,"comment_status":"closed","ping_status":"closed","template":"","meta":{"site-sidebar-layout":"no-sidebar","site-content-layout":"page-builder","ast-site-content-layout":"default","site-content-style":"default","site-sidebar-style":"default","ast-global-header-display":"","ast-banner-title-visibility":"","ast-main-header-display":"","ast-hfb-above-header-display":"","ast-hfb-below-header-display":"","ast-hfb-mobile-header-display":"","site-post-title":"disabled","ast-breadcrumbs-content":"","ast-featured-img":"disabled","footer-sml-layout":"","ast-disable-related-posts":"","theme-transparent-header-meta":"","adv-header-id-meta":"","stick-header-meta":"","header-above-stick-meta":"","header-main-stick-meta":"","header-below-stick-meta":"","astra-migrate-meta-layouts":"default","ast-page-background-enabled":"default","ast-page-background-meta":{"desktop":{"background-color":"var(--ast-global-color-4)","background-image":"","background-repeat":"repeat","background-position":"center center","background-size":"auto","background-attachment":"scroll","background-type":"","background-media":"","overlay-type":"","overlay-color":"","overlay-opacity":"","overlay-gradient":""},"tablet":{"background-color":"","background-image":"","background-repeat":"repeat","background-position":"center center","background-size":"auto","background-attachment":"scroll","background-type":"","background-media":"","overlay-type":"","overlay-color":"","overlay-opacity":"","overlay-gradient":""},"mobile":{"background-color":"","background-image":"","background-repeat":"repeat","background-position":"center center","background-size":"auto","background-attachment":"scroll","background-type":"","background-media":"","overlay-type":"","overlay-color":"","overlay-opacity":"","overlay-gradient":""}},"ast-content-background-meta":{"desktop":{"background-color":"var(--ast-global-color-5)","background-image":"","background-repeat":"repeat","background-position":"center center","background-size":"auto","background-attachment":"scroll","background-type":"","background-media":"","overlay-type":"","overlay-color":"","overlay-opacity":"","overlay-gradient":""},"tablet":{"background-color":"var(--ast-global-color-5)","background-image":"","background-repeat":"repeat","background-position":"center center","background-size":"auto","background-attachment":"scroll","background-type":"","background-media":"","overlay-type":"","overlay-color":"","overlay-opacity":"","overlay-gradient":""},"mobile":{"background-color":"var(--ast-global-color-5)","background-image":"","background-repeat":"repeat","background-position":"center center","background-size":"auto","background-attachment":"scroll","background-type":"","background-media":"","overlay-type":"","overlay-color":"","overlay-opacity":"","overlay-gradient":""}},"footnotes":""},"class_list":["post-612","page","type-page","status-publish","hentry"],"_links":{"self":[{"href":"https:\/\/feminizationcenter.com\/de\/wp-json\/wp\/v2\/pages\/612","targetHints":{"allow":["GET"]}}],"collection":[{"href":"https:\/\/feminizationcenter.com\/de\/wp-json\/wp\/v2\/pages"}],"about":[{"href":"https:\/\/feminizationcenter.com\/de\/wp-json\/wp\/v2\/types\/page"}],"author":[{"embeddable":true,"href":"https:\/\/feminizationcenter.com\/de\/wp-json\/wp\/v2\/users\/1"}],"replies":[{"embeddable":true,"href":"https:\/\/feminizationcenter.com\/de\/wp-json\/wp\/v2\/comments?post=612"}],"version-history":[{"count":0,"href":"https:\/\/feminizationcenter.com\/de\/wp-json\/wp\/v2\/pages\/612\/revisions"}],"wp:attachment":[{"href":"https:\/\/feminizationcenter.com\/de\/wp-json\/wp\/v2\/media?parent=612"}],"curies":[{"name":"wp","href":"https:\/\/api.w.org\/{rel}","templated":true}]}}