{"id":586,"date":"2023-07-03T20:25:22","date_gmt":"2023-07-03T20:25:22","guid":{"rendered":"https:\/\/feminizationcenter.com\/?page_id=586"},"modified":"2023-07-03T20:26:52","modified_gmt":"2023-07-03T20:26:52","slug":"kieferverkleinerung-umformung-oder-verjungung","status":"publish","type":"page","link":"https:\/\/feminizationcenter.com\/de\/jaw-reduction-reshaping-or-tapering\/","title":{"rendered":"Kieferverkleinerung (Umformung oder Verj\u00fcngung)"},"content":{"rendered":"<div data-elementor-type=\"wp-page\" data-elementor-id=\"586\" class=\"elementor elementor-586\">\n\t\t\t\t\t\t<section class=\"elementor-section elementor-top-section elementor-element elementor-element-1ba4708 elementor-section-boxed elementor-section-height-default elementor-section-height-default\" data-id=\"1ba4708\" data-element_type=\"section\" data-e-type=\"section\">\n\t\t\t\t\t\t<div class=\"elementor-container elementor-column-gap-default\">\n\t\t\t\t\t<div class=\"elementor-column elementor-col-100 elementor-top-column elementor-element elementor-element-7419c0e\" data-id=\"7419c0e\" data-element_type=\"column\" data-e-type=\"column\">\n\t\t\t<div class=\"elementor-widget-wrap elementor-element-populated\">\n\t\t\t\t\t\t<div class=\"elementor-element elementor-element-6023dba elementor-widget elementor-widget-text-editor\" data-id=\"6023dba\" data-element_type=\"widget\" data-e-type=\"widget\" data-widget_type=\"text-editor.default\">\n\t\t\t\t<div class=\"elementor-widget-container\">\n\t\t\t\t\t\t\t\t\t<p>, auch als Kieferverkleinerung oder -verj\u00fcngung bekannt, ist ein kosmetischer Eingriff, der die Gr\u00f6\u00dfe und Form des Kiefers ver\u00e4ndern soll. Ziel ist es, durch die Reduzierung der Kieferprominenz ein ausgeglicheneres und harmonischeres Erscheinungsbild des Gesichts zu erreichen. In diesem Artikel werden die verschiedenen Aspekte der Kieferverkleinerung untersucht, darunter die beteiligten Eingriffe, Vorteile, Risiken und Genesung.<\/p><div id=\"ez-toc-container\" class=\"ez-toc-v2_0_82_2 counter-hierarchy ez-toc-counter ez-toc-transparent ez-toc-container-direction\">\n<div class=\"ez-toc-title-container\">\n<p class=\"ez-toc-title\" style=\"cursor:inherit\">Inhaltsverzeichnis<\/p>\n<span class=\"ez-toc-title-toggle\"><\/span><\/div>\n<nav><ul class='ez-toc-list ez-toc-list-level-1' ><li class='ez-toc-page-1 ez-toc-heading-level-2'><a class=\"ez-toc-link ez-toc-heading-1\" href=\"https:\/\/feminizationcenter.com\/de\/jaw-reduction-reshaping-or-tapering\/#2_Understanding_Jaw_Reduction\" >2. Kieferverkleinerung verstehen<\/a><\/li><li class='ez-toc-page-1 ez-toc-heading-level-2'><a class=\"ez-toc-link ez-toc-heading-2\" href=\"https:\/\/feminizationcenter.com\/de\/jaw-reduction-reshaping-or-tapering\/#3_The_Reasons_for_Jaw_Reshaping\" >3. Die Gr\u00fcnde f\u00fcr eine Kieferkorrektur<\/a><\/li><li class='ez-toc-page-1 ez-toc-heading-level-2'><a class=\"ez-toc-link ez-toc-heading-3\" href=\"https:\/\/feminizationcenter.com\/de\/jaw-reduction-reshaping-or-tapering\/#4_Jaw_Reduction_Procedures\" >4. Kieferverkleinerungsverfahren<\/a><ul class='ez-toc-list-level-3' ><li class='ez-toc-heading-level-3'><a class=\"ez-toc-link ez-toc-heading-4\" href=\"https:\/\/feminizationcenter.com\/de\/jaw-reduction-reshaping-or-tapering\/#41_Non-Surgical_Jaw_Reduction\" >4.1 Nicht-chirurgische Kieferreduktion<\/a><ul class='ez-toc-list-level-4' ><li class='ez-toc-heading-level-4'><a class=\"ez-toc-link ez-toc-heading-5\" href=\"https:\/\/feminizationcenter.com\/de\/jaw-reduction-reshaping-or-tapering\/#Botox_Injections\" >Botox-Injektionen<\/a><\/li><li class='ez-toc-page-1 ez-toc-heading-level-4'><a class=\"ez-toc-link ez-toc-heading-6\" href=\"https:\/\/feminizationcenter.com\/de\/jaw-reduction-reshaping-or-tapering\/#Dermal_Fillers\" >Hautf\u00fcller<\/a><\/li><\/ul><\/li><li class='ez-toc-page-1 ez-toc-heading-level-3'><a class=\"ez-toc-link ez-toc-heading-7\" href=\"https:\/\/feminizationcenter.com\/de\/jaw-reduction-reshaping-or-tapering\/#42_Surgical_Jaw_Reduction\" >4.2 Chirurgische Kieferreduktion<\/a><ul class='ez-toc-list-level-4' ><li class='ez-toc-heading-level-4'><a class=\"ez-toc-link ez-toc-heading-8\" href=\"https:\/\/feminizationcenter.com\/de\/jaw-reduction-reshaping-or-tapering\/#Mandibular_Angle_Reduction\" >Reduzierung des Unterkieferwinkels<\/a><\/li><li class='ez-toc-page-1 ez-toc-heading-level-4'><a class=\"ez-toc-link ez-toc-heading-9\" href=\"https:\/\/feminizationcenter.com\/de\/jaw-reduction-reshaping-or-tapering\/#Chin_Reduction\" >Kinnverkleinerung<\/a><\/li><li class='ez-toc-page-1 ez-toc-heading-level-4'><a class=\"ez-toc-link ez-toc-heading-10\" href=\"https:\/\/feminizationcenter.com\/de\/jaw-reduction-reshaping-or-tapering\/#V-Line_Surgery\" >V-Line-Chirurgie<\/a><\/li><\/ul><\/li><\/ul><\/li><li class='ez-toc-page-1 ez-toc-heading-level-2'><a class=\"ez-toc-link ez-toc-heading-11\" href=\"https:\/\/feminizationcenter.com\/de\/jaw-reduction-reshaping-or-tapering\/#5_Choosing_the_Right_Procedure\" >5. Das richtige Verfahren w\u00e4hlen<\/a><\/li><li class='ez-toc-page-1 ez-toc-heading-level-2'><a class=\"ez-toc-link ez-toc-heading-12\" href=\"https:\/\/feminizationcenter.com\/de\/jaw-reduction-reshaping-or-tapering\/#6_The_Benefits_of_Jaw_Reduction\" >6. Die Vorteile einer Kieferverkleinerung<\/a><\/li><li class='ez-toc-page-1 ez-toc-heading-level-2'><a class=\"ez-toc-link ez-toc-heading-13\" href=\"https:\/\/feminizationcenter.com\/de\/jaw-reduction-reshaping-or-tapering\/#7_Potential_Risks_and_Side_Effects\" >7. M\u00f6gliche Risiken und Nebenwirkungen<\/a><\/li><li class='ez-toc-page-1 ez-toc-heading-level-2'><a class=\"ez-toc-link ez-toc-heading-14\" href=\"https:\/\/feminizationcenter.com\/de\/jaw-reduction-reshaping-or-tapering\/#8_Recovery_and_Aftercare\" >8. Genesung und Nachsorge<\/a><\/li><li class='ez-toc-page-1 ez-toc-heading-level-2'><a class=\"ez-toc-link ez-toc-heading-15\" href=\"https:\/\/feminizationcenter.com\/de\/jaw-reduction-reshaping-or-tapering\/#9_Frequently_Asked_Questions_FAQs\" >9. H\u00e4ufig gestellte Fragen (FAQs)<\/a><\/li><li class='ez-toc-page-1 ez-toc-heading-level-2'><a class=\"ez-toc-link ez-toc-heading-16\" href=\"https:\/\/feminizationcenter.com\/de\/jaw-reduction-reshaping-or-tapering\/#Conclusion\" >Abschluss<\/a><\/li><\/ul><\/nav><\/div>\n<h2><span class=\"ez-toc-section\" id=\"2_Understanding_Jaw_Reduction\"><\/span>2. Kieferverkleinerung verstehen<span class=\"ez-toc-section-end\"><\/span><\/h2><p>Die Kieferverkleinerung ist ein beliebter kosmetischer Eingriff, der in erster Linie aus \u00e4sthetischen Gr\u00fcnden durchgef\u00fchrt wird. Dabei werden die Konturen des Kiefers ver\u00e4ndert, um je nach gew\u00fcnschtem Ergebnis ein weicheres, weiblicheres oder m\u00e4nnlicheres Aussehen zu erzielen. Dieser Eingriff eignet sich f\u00fcr Personen mit einem quadratischen oder \u00fcberm\u00e4\u00dfig ausgepr\u00e4gten Kiefer, der genetisch bedingt sein kann, durch Muskelhypertrophie oder die Skelettstruktur bedingt ist.<\/p><h2><span class=\"ez-toc-section\" id=\"3_The_Reasons_for_Jaw_Reshaping\"><\/span>3. Die Gr\u00fcnde f\u00fcr eine Kieferkorrektur<span class=\"ez-toc-section-end\"><\/span><\/h2><p>Es gibt mehrere Gr\u00fcnde, warum sich Menschen f\u00fcr eine Kieferumformung entscheiden:<\/p><ul><li>Gesichtssymmetrie: Eine Kieferverkleinerung kann die Gesichtssymmetrie verbessern, indem sie die Kieferpartie in ein besseres Verh\u00e4ltnis zum Rest des Gesichts bringt.<\/li><li>Feminisierung oder Maskulinisierung: Manche Menschen w\u00fcnschen sich eine Kieferkorrektur, um ein weiblicheres oder maskulineres Aussehen zu erreichen.<\/li><li>Selbstvertrauen: Eine ausgeglichenere und proportionalere Kieferpartie kann das Selbstvertrauen st\u00e4rken und die allgemeine Gesichts\u00e4sthetik verbessern.<\/li><li>Korrektur von Kieferabweichungen: Durch eine Kieferverkleinerung k\u00f6nnen Kieferabweichungen, wie z. B. eine hervorstehende oder asymmetrische Kieferpartie, ausgeglichen werden, wodurch ein harmonischeres Gesichtsprofil entsteht.<\/li><\/ul><h2><span class=\"ez-toc-section\" id=\"4_Jaw_Reduction_Procedures\"><\/span>4. Kieferverkleinerungsverfahren<span class=\"ez-toc-section-end\"><\/span><\/h2><p>Kieferverkleinerungen k\u00f6nnen in zwei Kategorien eingeteilt werden: nicht-chirurgisch und chirurgisch. Die Wahl des Verfahrens h\u00e4ngt von verschiedenen Faktoren ab, darunter die Ziele, die Anatomie und die Vorlieben des Patienten.<\/p><h3><span class=\"ez-toc-section\" id=\"41_Non-Surgical_Jaw_Reduction\"><\/span>4.1 Nicht-chirurgische Kieferreduktion<span class=\"ez-toc-section-end\"><\/span><\/h3><h4><span class=\"ez-toc-section\" id=\"Botox_Injections\"><\/span>Botox-Injektionen<span class=\"ez-toc-section-end\"><\/span><\/h4><p>Botox-Injektionen k\u00f6nnen zur nicht-chirurgischen Kieferverkleinerung verwendet werden. Botulinumtoxin wird in die Kaumuskeln injiziert, die f\u00fcr die F\u00fclle des Kiefers verantwortlich sind. Das Toxin schw\u00e4cht diese Muskeln, wodurch der Kiefer schlanker wirkt. Dieser Eingriff ist vor\u00fcbergehend und erfordert regelm\u00e4\u00dfige Erhaltungsinjektionen.<\/p><h4><span class=\"ez-toc-section\" id=\"Dermal_Fillers\"><\/span>Hautf\u00fcller<span class=\"ez-toc-section-end\"><\/span><\/h4><p>Dermalfiller k\u00f6nnen auch zur Kieferumformung eingesetzt werden. Hyalurons\u00e4urefiller werden gezielt in bestimmte Bereiche des Kiefers injiziert, um ein definierteres und konturierteres Aussehen zu erzielen. Dermalfiller liefern sofortige Ergebnisse, sind aber wie Botox nur vor\u00fcbergehend und erfordern wiederholte Behandlungen, um das gew\u00fcnschte Ergebnis aufrechtzuerhalten.<\/p><h3><span class=\"ez-toc-section\" id=\"42_Surgical_Jaw_Reduction\"><\/span>4.2 Chirurgische Kieferreduktion<span class=\"ez-toc-section-end\"><\/span><\/h3><h4><span class=\"ez-toc-section\" id=\"Mandibular_Angle_Reduction\"><\/span>Reduzierung des Unterkieferwinkels<span class=\"ez-toc-section-end\"><\/span><\/h4><p>Bei einer Operation zur Reduzierung des Unterkieferwinkels wird ein kleiner Teil des Kieferknochens im hinteren Teil des Kiefers entfernt. Dieses Verfahren eignet sich f\u00fcr Personen mit einem quadratischen Kiefer, der durch vergr\u00f6\u00dferte oder ausgepr\u00e4gte Unterkieferwinkel verursacht wird. Es hilft, eine konischere und feinere Kieferkontur zu erzielen.<\/p><h4><span class=\"ez-toc-section\" id=\"Chin_Reduction\"><\/span>Kinnverkleinerung<span class=\"ez-toc-section-end\"><\/span><\/h4><p>Eine Kinnverkleinerung kann durchgef\u00fchrt werden, um die Gr\u00f6\u00dfe eines markanten oder hervorstehenden Kinns zu reduzieren. Dabei wird ein Teil des Kinnknochens entfernt, um ein ausgewogeneres und proportionaleres Gesichtsprofil zu schaffen. Eine Kinnverkleinerung kann eine Kieferverkleinerung erg\u00e4nzen und die allgemeine Gesichtsharmonie verbessern.<\/p><h4><span class=\"ez-toc-section\" id=\"V-Line_Surgery\"><\/span>V-Line-Chirurgie<span class=\"ez-toc-section-end\"><\/span><\/h4><p>Die V-Line-Operation ist ein umfassender Eingriff zur Kieferverkleinerung, der in asiatischen L\u00e4ndern weit verbreitet ist. Dabei wird die Kieferlinie vom Kinn bis zum Kieferwinkel neu geformt, wodurch eine V-f\u00f6rmige Kontur entsteht. Bei diesem Eingriff werden Kinnverkleinerung, Unterkieferwinkelverkleinerung und Muskelmodifikationstechniken kombiniert, um das gew\u00fcnschte Ergebnis zu erzielen.<\/p><h2><span class=\"ez-toc-section\" id=\"5_Choosing_the_Right_Procedure\"><\/span>5. Das richtige Verfahren w\u00e4hlen<span class=\"ez-toc-section-end\"><\/span><\/h2><p>Die Wahl des richtigen Verfahrens zur Kieferverkleinerung erfordert sorgf\u00e4ltige \u00dcberlegungen und eine Beratung durch einen qualifizierten plastischen Chirurgen oder Dermatologen. Faktoren wie die Gesichtsstruktur des Patienten, Ziele, Krankengeschichte und Genesungszeit sollten ber\u00fccksichtigt werden. Eine gr\u00fcndliche Untersuchung und Besprechung der Erwartungen wird dazu beitragen, den am besten geeigneten Ansatz zur Erzielung der gew\u00fcnschten Ergebnisse zu bestimmen.<\/p><h2><span class=\"ez-toc-section\" id=\"6_The_Benefits_of_Jaw_Reduction\"><\/span>6. Die Vorteile einer Kieferverkleinerung<span class=\"ez-toc-section-end\"><\/span><\/h2><p>Eine Kieferverkleinerung bietet zahlreiche Vorteile f\u00fcr Personen, die sich ein harmonisches Gesicht und eine verbesserte \u00c4sthetik w\u00fcnschen:<\/p><ul><li>Verbesserte Gesichtsproportionen: Eine Kieferumformung kann die Kieferpartie besser mit den \u00fcbrigen Gesichtsz\u00fcgen in Einklang bringen und so f\u00fcr ein proportionaleres Erscheinungsbild sorgen.<\/li><li>Feminisierung oder Maskulinisierung des Gesichts: Durch eine Kieferverkleinerung kann je nach gew\u00fcnschtem Ergebnis ein feminineres oder maskulineres Aussehen des Gesichts erreicht werden.<\/li><li>Mehr Selbstvertrauen: Eine \u00e4sthetische Verbesserung der Kieferpartie kann das Selbstvertrauen und die allgemeine Zufriedenheit mit dem eigenen Aussehen steigern.<\/li><li>Individuelle Ergebnisse: Kieferverkleinerungen k\u00f6nnen an individuelle Ziele und Pr\u00e4ferenzen angepasst werden, um nat\u00fcrlich aussehende und harmonische Ergebnisse zu gew\u00e4hrleisten.<\/li><\/ul><h2><span class=\"ez-toc-section\" id=\"7_Potential_Risks_and_Side_Effects\"><\/span>7. M\u00f6gliche Risiken und Nebenwirkungen<span class=\"ez-toc-section-end\"><\/span><\/h2><p>Wie bei jedem chirurgischen oder minimalinvasiven Eingriff sind mit der Kieferverkleinerung potenzielle Risiken und Nebenwirkungen verbunden. Dazu k\u00f6nnen geh\u00f6ren:<\/p><ul><li>Schwellungen und Bluterg\u00fcsse<\/li><li>Vor\u00fcbergehende Taubheit<\/li><li>Infektion<\/li><li>Unerw\u00fcnschte Reaktion auf die An\u00e4sthesie<\/li><li>Ungleichm\u00e4\u00dfige oder asymmetrische Ergebnisse<\/li><\/ul><p>Um eine fundierte Entscheidung treffen zu k\u00f6nnen, ist es wichtig, diese Risiken mit dem Arzt zu besprechen, der den Eingriff durchf\u00fchrt.<\/p><h2><span class=\"ez-toc-section\" id=\"8_Recovery_and_Aftercare\"><\/span>8. Genesung und Nachsorge<span class=\"ez-toc-section-end\"><\/span><\/h2><p>Die Genesung und Nachsorge nach Kieferreduktionen variieren je nach gew\u00e4hlter Technik. Chirurgische Eingriffe erfordern im Allgemeinen eine l\u00e4ngere Genesungszeit als nichtchirurgische Verfahren. Es ist wichtig, die postoperativen Anweisungen des Chirurgen oder Dermatologen zu befolgen, die Folgendes umfassen k\u00f6nnen:<\/p><ul><li>Ruhen Sie sich aus und vermeiden Sie anstrengende Aktivit\u00e4ten.<\/li><li>Anwendung von kalten Kompressen zur Reduzierung der Schwellung<\/li><li>Einnahme verschriebener Medikamente gem\u00e4\u00df Anweisung<\/li><li>Beibehaltung einer weichen Ern\u00e4hrung w\u00e4hrend der ersten Heilungsphase<\/li><li>Teilnahme an Folgeterminen zur \u00dcberwachung und Bewertung<\/li><\/ul><h2><span class=\"ez-toc-section\" id=\"9_Frequently_Asked_Questions_FAQs\"><\/span>9. H\u00e4ufig gestellte Fragen (FAQs)<span class=\"ez-toc-section-end\"><\/span><\/h2><p><strong>F1: Ist eine Kieferverkleinerung f\u00fcr jeden geeignet?<\/strong> A1: Kieferverkleinerungen sind f\u00fcr Personen geeignet, die eine quadratische oder markante Kieferpartie haben und sich ein konischeres oder ausgewogeneres Gesichtsbild w\u00fcnschen. Es ist jedoch wichtig, einen qualifizierten Fachmann zu konsultieren, um die beste Vorgehensweise basierend auf der individuellen Anatomie und den Zielen zu bestimmen.<\/p><p><strong>F2: Sind die Ergebnisse einer Kieferverkleinerung dauerhaft?<\/strong> A2: Nicht-chirurgische Verfahren zur Kieferverkleinerung wie Botox und Hautf\u00fcller bieten vor\u00fcbergehende Ergebnisse, die normalerweise mehrere Monate anhalten. Chirurgische Verfahren k\u00f6nnen l\u00e4nger anhaltende oder dauerhafte Ergebnisse liefern, aber Alterung und nat\u00fcrliche Ver\u00e4nderungen der Gesichtsstruktur k\u00f6nnen im Laufe der Zeit dennoch auftreten.<\/p><p><strong>F3: Sind Kieferverkleinerungen schmerzhaft?<\/strong> A3: Beschwerden oder Schmerzen nach Kieferverkleinerungen k\u00f6nnen je nach verwendeter Technik und individueller Schmerztoleranz variieren. Chirurgische Eingriffe k\u00f6nnen gr\u00f6\u00dfere Beschwerden verursachen, die mit verschriebenen Schmerzmitteln behandelt werden k\u00f6nnen. Nichtchirurgische Eingriffe verursachen in der Regel nur minimale Beschwerden.<\/p><p><strong>F4: Kann ich eine Kieferverkleinerung mit anderen Gesichtsbehandlungen kombinieren?<\/strong> A4: Ja, Kieferverkleinerungen k\u00f6nnen mit anderen Gesichtsoperationen kombiniert werden, um umfassende Ergebnisse zu erzielen. H\u00e4ufig kombinierte Eingriffe sind Kinnvergr\u00f6\u00dferung, Nasenkorrektur und Gesichtsfetttransplantation. Ihr Chirurg oder Dermatologe kann Sie hinsichtlich der Eignung kombinierter Eingriffe auf der Grundlage Ihrer spezifischen Bed\u00fcrfnisse beraten.<\/p><p><strong>F5: Wie lange dauert es, bis die endg\u00fcltigen Ergebnisse der Kieferverkleinerung sichtbar sind?<\/strong> A5: Der Zeitrahmen f\u00fcr die endg\u00fcltigen Ergebnisse h\u00e4ngt vom gew\u00e4hlten Verfahren ab. Nicht-chirurgische Optionen wie Botox und Hautf\u00fcller liefern sofortige Ergebnisse, w\u00e4hrend chirurgische Verfahren mehrere Wochen oder Monate f\u00fcr die vollst\u00e4ndige Heilung und Stabilisierung des Gewebes ben\u00f6tigen k\u00f6nnen. Der Chirurg oder Dermatologe wird Sie \u00fcber den voraussichtlichen Zeitrahmen informieren.<\/p><h2><span class=\"ez-toc-section\" id=\"Conclusion\"><\/span>Abschluss<span class=\"ez-toc-section-end\"><\/span><\/h2><p>Kieferverkleinerungen bieten Menschen die M\u00f6glichkeit, durch Neuformung und Verj\u00fcngung der Kieferpartie ein ausgeglicheneres und harmonischeres Gesichtsbild zu erzielen. Ob durch nicht-chirurgische Techniken wie Botox und Hautf\u00fcller oder chirurgische Eingriffe wie Unterkieferwinkelverkleinerung und Kinnverkleinerung \u2013 eine Kieferverkleinerung kann die Gesichtssymmetrie verbessern, das Selbstbewusstsein st\u00e4rken und individuelle Ergebnisse liefern. Es ist wichtig, einen qualifizierten Fachmann zu konsultieren, um das am besten geeignete Verfahren basierend auf individuellen Zielen, Anatomie und Vorlieben zu bestimmen.<\/p>\t\t\t\t\t\t\t\t<\/div>\n\t\t\t\t<\/div>\n\t\t\t\t\t<\/div>\n\t\t<\/div>\n\t\t\t\t\t<\/div>\n\t\t<\/section>\n\t\t\t\t<\/div>","protected":false},"excerpt":{"rendered":"<p>Jaw reduction, also known as jaw reshaping or tapering, is a cosmetic procedure designed to alter the size and shape of the jawline. It aims to achieve a more balanced and harmonious facial appearance by reducing the prominence of the jaw. This article will explore the various aspects of jaw reduction, including the procedures involved, [&hellip;]<\/p>\n","protected":false},"author":1,"featured_media":0,"parent":0,"menu_order":0,"comment_status":"closed","ping_status":"closed","template":"","meta":{"site-sidebar-layout":"no-sidebar","site-content-layout":"page-builder","ast-site-content-layout":"default","site-content-style":"default","site-sidebar-style":"default","ast-global-header-display":"","ast-banner-title-visibility":"","ast-main-header-display":"","ast-hfb-above-header-display":"","ast-hfb-below-header-display":"","ast-hfb-mobile-header-display":"","site-post-title":"disabled","ast-breadcrumbs-content":"","ast-featured-img":"disabled","footer-sml-layout":"","ast-disable-related-posts":"","theme-transparent-header-meta":"","adv-header-id-meta":"","stick-header-meta":"","header-above-stick-meta":"","header-main-stick-meta":"","header-below-stick-meta":"","astra-migrate-meta-layouts":"default","ast-page-background-enabled":"default","ast-page-background-meta":{"desktop":{"background-color":"var(--ast-global-color-4)","background-image":"","background-repeat":"repeat","background-position":"center center","background-size":"auto","background-attachment":"scroll","background-type":"","background-media":"","overlay-type":"","overlay-color":"","overlay-opacity":"","overlay-gradient":""},"tablet":{"background-color":"","background-image":"","background-repeat":"repeat","background-position":"center center","background-size":"auto","background-attachment":"scroll","background-type":"","background-media":"","overlay-type":"","overlay-color":"","overlay-opacity":"","overlay-gradient":""},"mobile":{"background-color":"","background-image":"","background-repeat":"repeat","background-position":"center center","background-size":"auto","background-attachment":"scroll","background-type":"","background-media":"","overlay-type":"","overlay-color":"","overlay-opacity":"","overlay-gradient":""}},"ast-content-background-meta":{"desktop":{"background-color":"var(--ast-global-color-5)","background-image":"","background-repeat":"repeat","background-position":"center center","background-size":"auto","background-attachment":"scroll","background-type":"","background-media":"","overlay-type":"","overlay-color":"","overlay-opacity":"","overlay-gradient":""},"tablet":{"background-color":"var(--ast-global-color-5)","background-image":"","background-repeat":"repeat","background-position":"center center","background-size":"auto","background-attachment":"scroll","background-type":"","background-media":"","overlay-type":"","overlay-color":"","overlay-opacity":"","overlay-gradient":""},"mobile":{"background-color":"var(--ast-global-color-5)","background-image":"","background-repeat":"repeat","background-position":"center center","background-size":"auto","background-attachment":"scroll","background-type":"","background-media":"","overlay-type":"","overlay-color":"","overlay-opacity":"","overlay-gradient":""}},"footnotes":""},"class_list":["post-586","page","type-page","status-publish","hentry"],"_links":{"self":[{"href":"https:\/\/feminizationcenter.com\/de\/wp-json\/wp\/v2\/pages\/586","targetHints":{"allow":["GET"]}}],"collection":[{"href":"https:\/\/feminizationcenter.com\/de\/wp-json\/wp\/v2\/pages"}],"about":[{"href":"https:\/\/feminizationcenter.com\/de\/wp-json\/wp\/v2\/types\/page"}],"author":[{"embeddable":true,"href":"https:\/\/feminizationcenter.com\/de\/wp-json\/wp\/v2\/users\/1"}],"replies":[{"embeddable":true,"href":"https:\/\/feminizationcenter.com\/de\/wp-json\/wp\/v2\/comments?post=586"}],"version-history":[{"count":0,"href":"https:\/\/feminizationcenter.com\/de\/wp-json\/wp\/v2\/pages\/586\/revisions"}],"wp:attachment":[{"href":"https:\/\/feminizationcenter.com\/de\/wp-json\/wp\/v2\/media?parent=586"}],"curies":[{"name":"wp","href":"https:\/\/api.w.org\/{rel}","templated":true}]}}