{"id":3,"date":"2023-07-02T09:09:36","date_gmt":"2023-07-02T09:09:36","guid":{"rendered":"http:\/\/www.feminizationcenter.com\/?page_id=3"},"modified":"2023-07-04T16:18:04","modified_gmt":"2023-07-04T16:18:04","slug":"datenschutzrichtlinie","status":"publish","type":"page","link":"https:\/\/feminizationcenter.com\/de\/privacy-policy\/","title":{"rendered":"Datenschutzrichtlinie"},"content":{"rendered":"<p>Zuletzt aktualisiert: 04\/07\/2023<\/p>\n\n\n\n<p>Ihre Sicherheit ist uns wichtig. Deshalb werden Ihre pers\u00f6nlichen Daten, die Sie uns mitteilen, sorgf\u00e4ltig gesch\u00fctzt.<\/p>\n\n\n\n<p>Wir, das Feminization Center, m\u00f6chten Sie als Datenverantwortlicher mit dieser Datenschutzrichtlinie dar\u00fcber aufkl\u00e4ren, welche personenbezogenen Daten zu welchem Zweck verarbeitet werden, mit wem und warum die verarbeiteten Daten geteilt werden k\u00f6nnen, wie wir die Daten verarbeiten und aus welchen rechtlichen Gr\u00fcnden wir sie verarbeiten; welche Rechte Sie in Bezug auf Ihre verarbeiteten Daten haben.<\/p>\n\n\n\n<h2 class=\"wp-block-heading\">Ihre erhobenen personenbezogenen Daten, Erhebungsmethode und Rechtsgrundlage<\/h2>\n\n\n\n<p>Ihre IP-Adresse und Benutzeragenteninformationen werden nur f\u00fcr Analysen und Cookies usw.-Technologien, automatisiert oder nicht automatisiert, und manchmal von Analyseanbietern verwendet, die von Dritten wie Werbenetzwerken, Suchinformationsanbietern, Technologieanbietern durch Aufzeichnen, Speichern und Aktualisieren innerhalb und w\u00e4hrend der Service- und Vertragsbeziehung zwischen uns bezogen werden, und werden auf der Grundlage der Bedingung der Verarbeitung im berechtigten Interesse verarbeitet.<\/p>\n\n\n\n<h2 class=\"wp-block-heading\">Zweck der Verarbeitung Ihrer personenbezogenen Daten<\/h2>\n\n\n\n<p>Ihre personenbezogenen Daten, die Sie uns mitteilen, werden ausschlie\u00dflich durch die Analyse, die Erf\u00fcllung der von uns angebotenen Dienste und die Sicherstellung, dass diese Dienste f\u00fcr Sie in Anspruch genommen werden k\u00f6nnen, sowie um einen maximalen Nutzen zu gew\u00e4hrleisten, genutzt, um unsere Dienste Ihren Anforderungen entsprechend weiterzuentwickeln und Sie mit weiteren Dienstleistern im Rahmen der gesetzlichen Rahmenbedingungen und gesetzlichen Verpflichtungen (Weitergabe personenbezogener Daten an Justiz- und Verwaltungsbeh\u00f6rden auf Anfrage) w\u00e4hrend der Vertrags- und Dienstleistungsdauer, im Einklang mit ihrem Zweck und in angemessener Weise zu verarbeiten und zu aktualisieren.<\/p>\n\n\n\n<h2 class=\"wp-block-heading\">An wen und zu welchen Zwecken k\u00f6nnen die erhobenen personenbezogenen Daten weitergegeben werden?<\/h2>\n\n\n\n<p>Ihre personenbezogenen Daten, die Sie uns \u00fcbermitteln, erhalten wir von Dienstleistungen, die zur Durchf\u00fchrung unserer Aktivit\u00e4ten erforderlich sind und\/oder mit denen wir Vertr\u00e4ge abgeschlossen oder zusammengearbeitet haben, im In- und Ausland. Sofern Vorsichtsma\u00dfnahmen getroffen werden, k\u00f6nnen sie an Drittparteien, Institutionen und Organisationen sowie auf Anfrage an Justiz- und Verwaltungsbeh\u00f6rden weitergegeben werden, soweit dies technisch und verwaltungstechnisch erforderlich ist.<\/p>\n\n\n\n<h2 class=\"wp-block-heading\">Ihre Rechte als betroffene Person<\/h2>\n\n\n\n<p>Gem\u00e4\u00df Artikel 11 des KVKK kann jede Person gegen\u00fcber dem Verantwortlichen folgende Rechte geltend machen:<\/p>\n\n\n\n<ol class=\"wp-block-list\" type=\"a\">\n<li>Erfahren, ob personenbezogene Daten verarbeitet werden,<\/li>\n\n\n\n<li>Auskunft \u00fcber personenbezogene Daten zu verlangen, sofern diese verarbeitet werden,<\/li>\n\n\n\n<li>Erfahren Sie, zu welchem Zweck personenbezogene Daten verarbeitet werden und ob sie zweckgem\u00e4\u00df verwendet werden,<\/li>\n\n\n\n<li>Kenntnis der Drittparteien, an die personenbezogene Daten im In- und Ausland \u00fcbermittelt werden,<\/li>\n\n\n\n<li>Berichtigung personenbezogener Daten bei unvollst\u00e4ndiger oder unrichtiger Verarbeitung zu verlangen,<\/li>\n\n\n\n<li>L\u00f6schung oder Vernichtung personenbezogener Daten verlangen,<\/li>\n\n\n\n<li>Verlangen, dass die gem\u00e4\u00df den Buchstaben e) und f) durchgef\u00fchrten Transaktionen den Dritten, an die personenbezogene Daten \u00fcbermittelt wurden, mitgeteilt werden,<\/li>\n\n\n\n<li>Einspruch gegen die Entstehung eines Ergebnisses gegen die Person durch die Analyse der verarbeiteten Daten ausschlie\u00dflich durch automatisierte Systeme,<\/li>\n\n\n\n<li>Hat das Recht, im Falle eines Verlusts, der durch die unrechtm\u00e4\u00dfige Verarbeitung personenbezogener Daten entstanden ist, eine Entsch\u00e4digung zu verlangen.<\/li>\n<\/ol>\n\n\n\n<p>Um Ihre oben genannten Rechte auszu\u00fcben, k\u00f6nnen Sie uns \u00fcber info@feminizationcenter.com kontaktieren.<\/p>\n\n\n\n<h2 class=\"wp-block-heading\">Kontakt<\/h2>\n\n\n\n<p>Um Analysen zu Ihrem Nutzen durchf\u00fchren zu k\u00f6nnen, sind nur Ihre pers\u00f6nlichen Daten erforderlich. Gem\u00e4\u00df dieser Datenschutzrichtlinie und der Richtlinie zur Verarbeitung personenbezogener Daten steht es Ihnen v\u00f6llig frei, die Verarbeitung zu akzeptieren oder nicht. Wenn Sie die Website weiterhin nutzen, akzeptieren Sie die Verarbeitung durch uns. F\u00fcr detailliertere Informationen kontaktieren Sie uns bitte \u00fcber die E-Mail-Adresse info@feminizationcenter.com. Bitte z\u00f6gern Sie nicht, uns zu kontaktieren.<\/p>","protected":false},"excerpt":{"rendered":"<p>Last updated: 04\/07\/2023 Your safety is important to us. For this reason, your personal data that you will share with us is sensitively protected. We, Feminization Center, as the data controller, with this privacy and personal data protection policy, which personal data will be processed for what purpose, with whom and why the processed data [&hellip;]<\/p>\n","protected":false},"author":1,"featured_media":0,"parent":0,"menu_order":0,"comment_status":"closed","ping_status":"open","template":"","meta":{"site-sidebar-layout":"default","site-content-layout":"","ast-site-content-layout":"default","site-content-style":"default","site-sidebar-style":"default","ast-global-header-display":"","ast-banner-title-visibility":"","ast-main-header-display":"","ast-hfb-above-header-display":"","ast-hfb-below-header-display":"","ast-hfb-mobile-header-display":"","site-post-title":"","ast-breadcrumbs-content":"","ast-featured-img":"","footer-sml-layout":"","ast-disable-related-posts":"","theme-transparent-header-meta":"","adv-header-id-meta":"","stick-header-meta":"","header-above-stick-meta":"","header-main-stick-meta":"","header-below-stick-meta":"","astra-migrate-meta-layouts":"default","ast-page-background-enabled":"default","ast-page-background-meta":{"desktop":{"background-color":"var(--ast-global-color-4)","background-image":"","background-repeat":"repeat","background-position":"center center","background-size":"auto","background-attachment":"scroll","background-type":"","background-media":"","overlay-type":"","overlay-color":"","overlay-opacity":"","overlay-gradient":""},"tablet":{"background-color":"","background-image":"","background-repeat":"repeat","background-position":"center center","background-size":"auto","background-attachment":"scroll","background-type":"","background-media":"","overlay-type":"","overlay-color":"","overlay-opacity":"","overlay-gradient":""},"mobile":{"background-color":"","background-image":"","background-repeat":"repeat","background-position":"center center","background-size":"auto","background-attachment":"scroll","background-type":"","background-media":"","overlay-type":"","overlay-color":"","overlay-opacity":"","overlay-gradient":""}},"ast-content-background-meta":{"desktop":{"background-color":"var(--ast-global-color-5)","background-image":"","background-repeat":"repeat","background-position":"center center","background-size":"auto","background-attachment":"scroll","background-type":"","background-media":"","overlay-type":"","overlay-color":"","overlay-opacity":"","overlay-gradient":""},"tablet":{"background-color":"var(--ast-global-color-5)","background-image":"","background-repeat":"repeat","background-position":"center center","background-size":"auto","background-attachment":"scroll","background-type":"","background-media":"","overlay-type":"","overlay-color":"","overlay-opacity":"","overlay-gradient":""},"mobile":{"background-color":"var(--ast-global-color-5)","background-image":"","background-repeat":"repeat","background-position":"center center","background-size":"auto","background-attachment":"scroll","background-type":"","background-media":"","overlay-type":"","overlay-color":"","overlay-opacity":"","overlay-gradient":""}},"footnotes":""},"class_list":["post-3","page","type-page","status-publish","hentry"],"_links":{"self":[{"href":"https:\/\/feminizationcenter.com\/de\/wp-json\/wp\/v2\/pages\/3","targetHints":{"allow":["GET"]}}],"collection":[{"href":"https:\/\/feminizationcenter.com\/de\/wp-json\/wp\/v2\/pages"}],"about":[{"href":"https:\/\/feminizationcenter.com\/de\/wp-json\/wp\/v2\/types\/page"}],"author":[{"embeddable":true,"href":"https:\/\/feminizationcenter.com\/de\/wp-json\/wp\/v2\/users\/1"}],"replies":[{"embeddable":true,"href":"https:\/\/feminizationcenter.com\/de\/wp-json\/wp\/v2\/comments?post=3"}],"version-history":[{"count":0,"href":"https:\/\/feminizationcenter.com\/de\/wp-json\/wp\/v2\/pages\/3\/revisions"}],"wp:attachment":[{"href":"https:\/\/feminizationcenter.com\/de\/wp-json\/wp\/v2\/media?parent=3"}],"curies":[{"name":"wp","href":"https:\/\/api.w.org\/{rel}","templated":true}]}}